{"id":2714,"date":"2015-05-11T16:18:10","date_gmt":"2015-05-11T07:52:30","guid":{"rendered":"https:\/\/www.emoliquids.com\/segmenten\/banques\/"},"modified":"2024-09-11T23:11:39","modified_gmt":"2024-09-11T21:11:39","slug":"banken","status":"publish","type":"page","link":"https:\/\/www.emoliquids.com\/nl\/segmenten\/banken\/","title":{"rendered":"Banken"},"content":{"rendered":"<div class=\"wpb-content-wrapper\"><p>[vc_row full_width=&#8221;&#8221; parallax=&#8221;&#8221; parallax_image=&#8221;&#8221; css=&#8221;.vc_custom_1726089091503{margin-top: 100px !important;}&#8221;][vc_column][vc_column_text c_id=&#8221;.vc_1693260779350&#8243;]<\/p>\n<h3>Klantenbehoud<\/h3>\n<p>Finance en Banking is een concurrerende industrie waar het behoud van klanten zeer belangrijk is voor het succes van de spelers in deze sector. Een verbeterde beleving is een krachtige manier om klanten te behouden, dit is waarom banken steeds vaker geurmarketing toepassen in hun vestigingen om de klanttevredenheid te vergroten. Begeuren heeft tot doel een rustgevende sfeer te cre\u00eberen voor gespannen klanten of om een uitnodigende in plaats van een saaie omgeving te cre\u00eberen.<\/p>\n<p>Emoliquids brengt ruimtes tot leven door het verspreiden van geuren. Wachten in een rij kan een frustrerende bezigheid zijn en resulteert vaak in een negatieve ervaring. Klanten zijn geneigd hun ervaring positiever te beoordelen in een prettig ruikende omgeving.<\/p>\n<h3>Prettige bank ervaring<\/h3>\n<p>Geur kan zowel een inspirerende en comfortabele omgeving cre\u00eberen als het niveau van de klantenservice doen laten toenemen. Hierdoor verlaten klanten de vestiging met een positieve en diepgaande indruk. De Emoslim geurverspreider is een populaire oplossing voor banken doordat het minimalistische ontwerp en de slanke geanodiseerde behuizing van de Emoslim perfect passen binnen elk interieur.<\/p>\n<p>China Merchants Bank, gekozen tot \u201cmeest respectabele onderneming in China\u201d, onderscheidt zichzelf door een sterke focus op innovatie, hoge service en geavanceerde technologi\u00ebn. Dankzij de kracht van geurmarketing is China Merchants Bank nu in staat op een dieper niveau met zijn klanten te communiceren. In samenspraak met China Merchants Bank ontwikkelde Emoliquids twee exclusieve signatuurgeuren van parfumkwaliteit. Het uiteindelijke doel is om een langdurige impressie bij de klaten achter te laten en zo 100% klanttevredenheid te bewerkstelligen.[\/vc_column_text][\/vc_column][\/vc_row][vc_row full_width=&#8221;&#8221; parallax=&#8221;&#8221; parallax_image=&#8221;&#8221;][vc_column][vc_separator][vc_column_text c_id=&#8221;.vc_1431955740205&#8243;]<\/p>\n<h3 style=\"text-align: center;\">Geurfeit<\/h3>\n<h4 style=\"text-align: center;\">Geurende retail omgevingen verbetert klanten evaluatie en klanten ervaren ze waren in de winkel voor een kortere termijn <em>(Spangenberg et al. 1996)<\/em><\/h4>\n<p>[\/vc_column_text][vc_separator][\/vc_column][\/vc_row][vc_row full_width=&#8221;&#8221; parallax=&#8221;&#8221; parallax_image=&#8221;&#8221;][vc_column][vc_column_text c_id=&#8221;.vc_1431955757803&#8243;]<\/p>\n<h3 style=\"text-align: center;\">Voordelen van geur<\/h3>\n<p>[\/vc_column_text][\/vc_column][\/vc_row][vc_row full_width=&#8221;&#8221; parallax=&#8221;&#8221; parallax_image=&#8221;&#8221;][vc_column width=&#8221;1\/3&#8243;][vc_column_text c_id=&#8221;.vc_1431955774753&#8243;]<\/p>\n<h4>Klantenbehoud<\/h4>\n<p>Een positieve ervaring dankzij geur kan het klantenbehoud en daarmee het bedrijfsresultaat doen laten toenemen.[\/vc_column_text][\/vc_column][vc_column width=&#8221;1\/3&#8243;][vc_column_text c_id=&#8221;.vc_1431955797539&#8243;]<\/p>\n<h4>Klanttevredenheid<\/h4>\n<p>Dankzij het verspreiden van de juiste geur ervaren klanten dat ze korter in een bank aanwezig zijn of korter moeten wachten in de rij dan in werkelijkheid. De waardering voor de algehele klantenservice valt ook positiever uit.[\/vc_column_text][\/vc_column][vc_column width=&#8221;1\/3&#8243;][vc_column_text c_id=&#8221;.vc_1431955818610&#8243;]<\/p>\n<h4>Merkherkenning<\/h4>\n<p>Geurmarketing ondersteunt als geen ander middel uw meest waardevolle bezit, uw merk.[\/vc_column_text][\/vc_column][\/vc_row][vc_row disable_element=&#8221;yes&#8221; full_width=&#8221;&#8221; parallax=&#8221;&#8221; parallax_image=&#8221;&#8221;][vc_column][vc_column_text c_id=&#8221;.vc_1431955827659&#8243;]<\/p>\n<h3 style=\"text-align: center;\">Klanten<\/h3>\n<p>[\/vc_column_text][\/vc_column][\/vc_row][vc_row disable_element=&#8221;yes&#8221; full_width=&#8221;&#8221; parallax=&#8221;&#8221; parallax_image=&#8221;&#8221;][vc_column width=&#8221;1\/3&#8243;][vc_single_image image=&#8221;2623&#8243; alignment=&#8221;center&#8221; style=&#8221;vc_box_rounded&#8221; css_animation=&#8221;left-to-right&#8221; img_size=&#8221;thumbnail&#8221;][vc_column_text c_id=&#8221;.vc_1431354080042&#8243;]<\/p>\n<h4 style=\"text-align: center;\">China Merchants Bank<\/h4>\n<p>[\/vc_column_text][\/vc_column][vc_column width=&#8221;1\/3&#8243;][vc_single_image image=&#8221;2626&#8243; alignment=&#8221;center&#8221; style=&#8221;vc_box_rounded&#8221; css_animation=&#8221;bottom-to-top&#8221; img_size=&#8221;thumbnail&#8221;][vc_column_text c_id=&#8221;.vc_1431354098871&#8243;]<\/p>\n<h4 style=\"text-align: center;\">Bank Leumi<\/h4>\n<p>[\/vc_column_text][\/vc_column][vc_column width=&#8221;1\/3&#8243;][vc_single_image image=&#8221;2629&#8243; alignment=&#8221;center&#8221; style=&#8221;vc_box_rounded&#8221; css_animation=&#8221;right-to-left&#8221; img_size=&#8221;thumbnail&#8221;][vc_column_text c_id=&#8221;.vc_1431354109345&#8243;]<\/p>\n<h4 style=\"text-align: center;\">Soci\u00e9t\u00e9 G\u00e9n\u00e9rale<\/h4>\n<p>[\/vc_column_text][\/vc_column][\/vc_row]<\/p>\n<\/div>","protected":false},"excerpt":{"rendered":"<p>[vc_row full_width=&#8221;&#8221; parallax=&#8221;&#8221; parallax_image=&#8221;&#8221; css=&#8221;.vc_custom_1726089091503{margin-top: 100px !important;}&#8221;][vc_column][vc_column_text c_id=&#8221;.vc_1693260779350&#8243;] Klantenbehoud Finance en Banking is een concurrerende industrie waar het behoud van klanten zeer belangrijk is voor het succes van de spelers in deze sector. Een verbeterde beleving is een krachtige manier om klanten te behouden, dit is waarom banken steeds vaker geurmarketing toepassen in hun vestigingen [&hellip;]<\/p>\n","protected":false},"author":2,"featured_media":0,"parent":2648,"menu_order":0,"comment_status":"closed","ping_status":"closed","template":"","meta":{"om_disable_all_campaigns":false,"ocean_post_layout":"","ocean_both_sidebars_style":"","ocean_both_sidebars_content_width":0,"ocean_both_sidebars_sidebars_width":0,"ocean_sidebar":"cs-1","ocean_second_sidebar":"0","ocean_disable_margins":"enable","ocean_add_body_class":"","ocean_shortcode_before_top_bar":"","ocean_shortcode_after_top_bar":"","ocean_shortcode_before_header":"","ocean_shortcode_after_header":"","ocean_has_shortcode":"","ocean_shortcode_after_title":"","ocean_shortcode_before_footer_widgets":"","ocean_shortcode_after_footer_widgets":"","ocean_shortcode_before_footer_bottom":"","ocean_shortcode_after_footer_bottom":"","ocean_display_top_bar":"default","ocean_display_header":"default","ocean_header_style":"","ocean_center_header_left_menu":"0","ocean_custom_header_template":"0","ocean_custom_logo":0,"ocean_custom_retina_logo":0,"ocean_custom_logo_max_width":0,"ocean_custom_logo_tablet_max_width":0,"ocean_custom_logo_mobile_max_width":0,"ocean_custom_logo_max_height":0,"ocean_custom_logo_tablet_max_height":0,"ocean_custom_logo_mobile_max_height":0,"ocean_header_custom_menu":"0","ocean_menu_typo_font_family":"0","ocean_menu_typo_font_subset":"","ocean_menu_typo_font_size":0,"ocean_menu_typo_font_size_tablet":0,"ocean_menu_typo_font_size_mobile":0,"ocean_menu_typo_font_size_unit":"px","ocean_menu_typo_font_weight":"","ocean_menu_typo_font_weight_tablet":"","ocean_menu_typo_font_weight_mobile":"","ocean_menu_typo_transform":"","ocean_menu_typo_transform_tablet":"","ocean_menu_typo_transform_mobile":"","ocean_menu_typo_line_height":0,"ocean_menu_typo_line_height_tablet":0,"ocean_menu_typo_line_height_mobile":0,"ocean_menu_typo_line_height_unit":"","ocean_menu_typo_spacing":0,"ocean_menu_typo_spacing_tablet":0,"ocean_menu_typo_spacing_mobile":0,"ocean_menu_typo_spacing_unit":"","ocean_menu_link_color":"","ocean_menu_link_color_hover":"","ocean_menu_link_color_active":"","ocean_menu_link_background":"","ocean_menu_link_hover_background":"","ocean_menu_link_active_background":"","ocean_menu_social_links_bg":"","ocean_menu_social_hover_links_bg":"","ocean_menu_social_links_color":"","ocean_menu_social_hover_links_color":"","ocean_disable_title":"on","ocean_disable_heading":"default","ocean_post_title":"","ocean_post_subheading":"","ocean_post_title_style":"","ocean_post_title_background_color":"","ocean_post_title_background":0,"ocean_post_title_bg_image_position":"","ocean_post_title_bg_image_attachment":"","ocean_post_title_bg_image_repeat":"","ocean_post_title_bg_image_size":"","ocean_post_title_height":0,"ocean_post_title_bg_overlay":0.5,"ocean_post_title_bg_overlay_color":"","ocean_disable_breadcrumbs":"default","ocean_breadcrumbs_color":"","ocean_breadcrumbs_separator_color":"","ocean_breadcrumbs_links_color":"","ocean_breadcrumbs_links_hover_color":"","ocean_display_footer_widgets":"default","ocean_display_footer_bottom":"default","ocean_custom_footer_template":"0","footnotes":""},"class_list":["post-2714","page","type-page","status-publish","hentry","entry"],"yoast_head":"<!-- This site is optimized with the Yoast SEO plugin v27.2 - https:\/\/yoast.com\/product\/yoast-seo-wordpress\/ -->\n<title>Banken - Emoliquids<\/title>\n<meta name=\"robots\" content=\"index, follow, max-snippet:-1, max-image-preview:large, max-video-preview:-1\" \/>\n<link rel=\"canonical\" href=\"https:\/\/www.emoliquids.com\/nl\/segmenten\/banken\/\" \/>\n<meta property=\"og:locale\" content=\"nl_NL\" \/>\n<meta property=\"og:type\" content=\"article\" \/>\n<meta property=\"og:title\" content=\"Banken - Emoliquids\" \/>\n<meta property=\"og:description\" content=\"[vc_row full_width=&#8221;&#8221; parallax=&#8221;&#8221; parallax_image=&#8221;&#8221; css=&#8221;.vc_custom_1726089091503{margin-top: 100px !important;}&#8221;][vc_column][vc_column_text c_id=&#8221;.vc_1693260779350&#8243;] Klantenbehoud Finance en Banking is een concurrerende industrie waar het behoud van klanten zeer belangrijk is voor het succes van de spelers in deze sector. Een verbeterde beleving is een krachtige manier om klanten te behouden, dit is waarom banken steeds vaker geurmarketing toepassen in hun vestigingen [&hellip;]\" \/>\n<meta property=\"og:url\" content=\"https:\/\/www.emoliquids.com\/nl\/segmenten\/banken\/\" \/>\n<meta property=\"og:site_name\" content=\"Emoliquids\" \/>\n<meta property=\"article:publisher\" content=\"https:\/\/www.facebook.com\/emoliquids\/\" \/>\n<meta property=\"article:modified_time\" content=\"2024-09-11T21:11:39+00:00\" \/>\n<meta property=\"og:image\" content=\"https:\/\/www.emoliquids.com\/wp-content\/uploads\/2015\/02\/logo-normal-hd.png\" \/>\n<meta name=\"twitter:label1\" content=\"Geschatte leestijd\" \/>\n\t<meta name=\"twitter:data1\" content=\"3 minuten\" \/>\n<script type=\"application\/ld+json\" class=\"yoast-schema-graph\">{\"@context\":\"https:\/\/schema.org\",\"@graph\":[{\"@type\":\"WebPage\",\"@id\":\"https:\/\/www.emoliquids.com\/nl\/segmenten\/banken\/\",\"url\":\"https:\/\/www.emoliquids.com\/nl\/segmenten\/banken\/\",\"name\":\"Banken - Emoliquids\",\"isPartOf\":{\"@id\":\"https:\/\/www.emoliquids.com\/#website\"},\"datePublished\":\"2015-05-11T07:52:30+00:00\",\"dateModified\":\"2024-09-11T21:11:39+00:00\",\"breadcrumb\":{\"@id\":\"https:\/\/www.emoliquids.com\/nl\/segmenten\/banken\/#breadcrumb\"},\"inLanguage\":\"nl-NL\",\"potentialAction\":[{\"@type\":\"ReadAction\",\"target\":[\"https:\/\/www.emoliquids.com\/nl\/segmenten\/banken\/\"]}]},{\"@type\":\"BreadcrumbList\",\"@id\":\"https:\/\/www.emoliquids.com\/nl\/segmenten\/banken\/#breadcrumb\",\"itemListElement\":[{\"@type\":\"ListItem\",\"position\":1,\"name\":\"Home\",\"item\":\"https:\/\/www.emoliquids.com\/nl\/\"},{\"@type\":\"ListItem\",\"position\":2,\"name\":\"Segmenten\",\"item\":\"https:\/\/www.emoliquids.com\/nl\/segmenten\/\"},{\"@type\":\"ListItem\",\"position\":3,\"name\":\"Banken\"}]},{\"@type\":\"WebSite\",\"@id\":\"https:\/\/www.emoliquids.com\/#website\",\"url\":\"https:\/\/www.emoliquids.com\/\",\"name\":\"Emoliquids\",\"description\":\"\",\"publisher\":{\"@id\":\"https:\/\/www.emoliquids.com\/#organization\"},\"potentialAction\":[{\"@type\":\"SearchAction\",\"target\":{\"@type\":\"EntryPoint\",\"urlTemplate\":\"https:\/\/www.emoliquids.com\/?s={search_term_string}\"},\"query-input\":{\"@type\":\"PropertyValueSpecification\",\"valueRequired\":true,\"valueName\":\"search_term_string\"}}],\"inLanguage\":\"nl-NL\"},{\"@type\":\"Organization\",\"@id\":\"https:\/\/www.emoliquids.com\/#organization\",\"name\":\"Emoliquids\",\"url\":\"https:\/\/www.emoliquids.com\/\",\"logo\":{\"@type\":\"ImageObject\",\"inLanguage\":\"nl-NL\",\"@id\":\"https:\/\/www.emoliquids.com\/#\/schema\/logo\/image\/\",\"url\":\"https:\/\/www.emoliquids.com\/wp-content\/uploads\/2016\/12\/cropped-emoliquids-logo-2017-retina-light.png\",\"contentUrl\":\"https:\/\/www.emoliquids.com\/wp-content\/uploads\/2016\/12\/cropped-emoliquids-logo-2017-retina-light.png\",\"width\":1000,\"height\":274,\"caption\":\"Emoliquids\"},\"image\":{\"@id\":\"https:\/\/www.emoliquids.com\/#\/schema\/logo\/image\/\"},\"sameAs\":[\"https:\/\/www.facebook.com\/emoliquids\/\"]}]}<\/script>\n<!-- \/ Yoast SEO plugin. -->","yoast_head_json":{"title":"Banken - Emoliquids","robots":{"index":"index","follow":"follow","max-snippet":"max-snippet:-1","max-image-preview":"max-image-preview:large","max-video-preview":"max-video-preview:-1"},"canonical":"https:\/\/www.emoliquids.com\/nl\/segmenten\/banken\/","og_locale":"nl_NL","og_type":"article","og_title":"Banken - Emoliquids","og_description":"[vc_row full_width=&#8221;&#8221; parallax=&#8221;&#8221; parallax_image=&#8221;&#8221; css=&#8221;.vc_custom_1726089091503{margin-top: 100px !important;}&#8221;][vc_column][vc_column_text c_id=&#8221;.vc_1693260779350&#8243;] Klantenbehoud Finance en Banking is een concurrerende industrie waar het behoud van klanten zeer belangrijk is voor het succes van de spelers in deze sector. Een verbeterde beleving is een krachtige manier om klanten te behouden, dit is waarom banken steeds vaker geurmarketing toepassen in hun vestigingen [&hellip;]","og_url":"https:\/\/www.emoliquids.com\/nl\/segmenten\/banken\/","og_site_name":"Emoliquids","article_publisher":"https:\/\/www.facebook.com\/emoliquids\/","article_modified_time":"2024-09-11T21:11:39+00:00","og_image":[{"url":"https:\/\/www.emoliquids.com\/wp-content\/uploads\/2015\/02\/logo-normal-hd.png","type":"","width":"","height":""}],"twitter_misc":{"Geschatte leestijd":"3 minuten"},"schema":{"@context":"https:\/\/schema.org","@graph":[{"@type":"WebPage","@id":"https:\/\/www.emoliquids.com\/nl\/segmenten\/banken\/","url":"https:\/\/www.emoliquids.com\/nl\/segmenten\/banken\/","name":"Banken - Emoliquids","isPartOf":{"@id":"https:\/\/www.emoliquids.com\/#website"},"datePublished":"2015-05-11T07:52:30+00:00","dateModified":"2024-09-11T21:11:39+00:00","breadcrumb":{"@id":"https:\/\/www.emoliquids.com\/nl\/segmenten\/banken\/#breadcrumb"},"inLanguage":"nl-NL","potentialAction":[{"@type":"ReadAction","target":["https:\/\/www.emoliquids.com\/nl\/segmenten\/banken\/"]}]},{"@type":"BreadcrumbList","@id":"https:\/\/www.emoliquids.com\/nl\/segmenten\/banken\/#breadcrumb","itemListElement":[{"@type":"ListItem","position":1,"name":"Home","item":"https:\/\/www.emoliquids.com\/nl\/"},{"@type":"ListItem","position":2,"name":"Segmenten","item":"https:\/\/www.emoliquids.com\/nl\/segmenten\/"},{"@type":"ListItem","position":3,"name":"Banken"}]},{"@type":"WebSite","@id":"https:\/\/www.emoliquids.com\/#website","url":"https:\/\/www.emoliquids.com\/","name":"Emoliquids","description":"","publisher":{"@id":"https:\/\/www.emoliquids.com\/#organization"},"potentialAction":[{"@type":"SearchAction","target":{"@type":"EntryPoint","urlTemplate":"https:\/\/www.emoliquids.com\/?s={search_term_string}"},"query-input":{"@type":"PropertyValueSpecification","valueRequired":true,"valueName":"search_term_string"}}],"inLanguage":"nl-NL"},{"@type":"Organization","@id":"https:\/\/www.emoliquids.com\/#organization","name":"Emoliquids","url":"https:\/\/www.emoliquids.com\/","logo":{"@type":"ImageObject","inLanguage":"nl-NL","@id":"https:\/\/www.emoliquids.com\/#\/schema\/logo\/image\/","url":"https:\/\/www.emoliquids.com\/wp-content\/uploads\/2016\/12\/cropped-emoliquids-logo-2017-retina-light.png","contentUrl":"https:\/\/www.emoliquids.com\/wp-content\/uploads\/2016\/12\/cropped-emoliquids-logo-2017-retina-light.png","width":1000,"height":274,"caption":"Emoliquids"},"image":{"@id":"https:\/\/www.emoliquids.com\/#\/schema\/logo\/image\/"},"sameAs":["https:\/\/www.facebook.com\/emoliquids\/"]}]}},"_links":{"self":[{"href":"https:\/\/www.emoliquids.com\/nl\/wp-json\/wp\/v2\/pages\/2714","targetHints":{"allow":["GET"]}}],"collection":[{"href":"https:\/\/www.emoliquids.com\/nl\/wp-json\/wp\/v2\/pages"}],"about":[{"href":"https:\/\/www.emoliquids.com\/nl\/wp-json\/wp\/v2\/types\/page"}],"author":[{"embeddable":true,"href":"https:\/\/www.emoliquids.com\/nl\/wp-json\/wp\/v2\/users\/2"}],"replies":[{"embeddable":true,"href":"https:\/\/www.emoliquids.com\/nl\/wp-json\/wp\/v2\/comments?post=2714"}],"version-history":[{"count":4,"href":"https:\/\/www.emoliquids.com\/nl\/wp-json\/wp\/v2\/pages\/2714\/revisions"}],"predecessor-version":[{"id":5620,"href":"https:\/\/www.emoliquids.com\/nl\/wp-json\/wp\/v2\/pages\/2714\/revisions\/5620"}],"up":[{"embeddable":true,"href":"https:\/\/www.emoliquids.com\/nl\/wp-json\/wp\/v2\/pages\/2648"}],"wp:attachment":[{"href":"https:\/\/www.emoliquids.com\/nl\/wp-json\/wp\/v2\/media?parent=2714"}],"curies":[{"name":"wp","href":"https:\/\/api.w.org\/{rel}","templated":true}]}}