{"id":2699,"date":"2015-05-11T15:48:11","date_gmt":"2015-05-11T07:52:30","guid":{"rendered":"https:\/\/www.emoliquids.com\/segmenten\/entertainment\/"},"modified":"2024-09-11T23:00:26","modified_gmt":"2024-09-11T21:00:26","slug":"entertainment","status":"publish","type":"page","link":"https:\/\/www.emoliquids.com\/nl\/segmenten\/entertainment\/","title":{"rendered":"Entertainment"},"content":{"rendered":"<div class=\"wpb-content-wrapper\"><p>[vc_row full_width=&#8221;&#8221; parallax=&#8221;&#8221; parallax_image=&#8221;&#8221; css=&#8221;.vc_custom_1726088417751{margin-top: 100px !important;}&#8221;][vc_column][vc_column_text c_id=&#8221;.vc_1693256814565&#8243;]<\/p>\n<h3>Begeur uw entertainment complex<\/h3>\n<p>Werelds meest toonaangegevende entertainmentcomplexen, casino\u2019s, bars en nachtclubs hebben als doel een zinnenprikkelende beleving te cre\u00eberen voor hun gasten. Niet altijd een gemakkelijke opgave dankzij de onplezierige geurtjes van sigarettenrook, eten, alcohol en lichaamsgeuren.<\/p>\n<p>Het begeuren van deze locaties met 100% pure etherische oli\u00ebn heeft als voordeel dat de nare luchtjes effectief afgebroken worden en niet slechts gemaskeerd worden. Een ander voordeel van de meeste 100% pure etherische oli\u00ebn is dat ze anti-bacterieel zijn en daardoor ook een gezonde omgeving cre\u00eberen. Bergamot Orange is \u00e9\u00e9n van Emoliquids&#8217; puur natuurlijke geuren die uw gelegenheid zowel verfrist als een levendige en opgewekte sfeer cre\u00ebert.<\/p>\n<h3>Bewezen succes dankzij geur<\/h3>\n<p>De integriteit van de geuren is gegarandeerd dankzij Emoliquids&#8217; precisie-mist geursystemen. Via koudeluchtverstuiving worden de geuren op een effici\u00ebnte wijze de lucht in gebracht waardoor elke ruimte, ongeacht de afmetingen, begeurt kan worden. Het minimalistische ontwerp van de geurmachines zorgt er verder voor dat ze gemakkelijk in elke omgeving in te passen zijn.<\/p>\n<p>Begeuren helpt niet alleen nare luchtjes te verwijderen, maar cre\u00ebert ook een schone omgeving waar klanten zich op hun gemak voelen. Geurmarketing wordt wereldwijd met succes toegepast. Onderzoek heeft aangetoond dat bepaalde geuren de omzet in casino\u2019s met 20% doen laten toenemen. Ander onderzoek laat zien dat bezoekers hun ervaring hoger waarderen en dat ze langer in een prettig geurende ruimte verblijven. Niet alleen klanten en gasten genieten hiervan, maar ook werknemers hebben baat bij een schoner en prettigere omgeving.[\/vc_column_text][\/vc_column][\/vc_row][vc_row full_width=&#8221;&#8221; parallax=&#8221;&#8221; parallax_image=&#8221;&#8221;][vc_column][vc_separator][vc_column_text c_id=&#8221;.vc_1431953517822&#8243;]<\/p>\n<h3 style=\"text-align: center;\">Geurfeit<\/h3>\n<h4 style=\"text-align: center;\">Testen in een Amerikaans casino tonen aan dat de omzet van gokspelen met 48% toenam na het introduceren van bepaalde geuren.<br \/>\n<em> (Hirsch, 1995 IJA)<\/em><\/h4>\n<p>[\/vc_column_text][vc_separator][\/vc_column][\/vc_row][vc_row full_width=&#8221;&#8221; parallax=&#8221;&#8221; parallax_image=&#8221;&#8221;][vc_column][vc_column_text c_id=&#8221;.vc_1431953543611&#8243;]<\/p>\n<h3 style=\"text-align: center;\">Voordelen van geur<\/h3>\n<p>[\/vc_column_text][\/vc_column][\/vc_row][vc_row full_width=&#8221;&#8221; parallax=&#8221;&#8221; parallax_image=&#8221;&#8221;][vc_column width=&#8221;1\/3&#8243;][vc_column_text c_id=&#8221;.vc_1693256834572&#8243;]<\/p>\n<h4>Geurverwijdering<\/h4>\n<p>Pure etherische oli\u00ebn verspreid via Emoliquids&#8217; gepatenteerde precisie-mist geursystemen verwijderen op effectieve wijze nare luchtjes, inclusief sigarettenrook.[\/vc_column_text][\/vc_column][vc_column width=&#8221;1\/3&#8243;][vc_column_text c_id=&#8221;.vc_1431953582817&#8243;]<\/p>\n<h4>Toename uitgave<\/h4>\n<p>Een onderzoek in een casino in Las Vegas heeft aangetoond dat er 45% meer gespendeerd wordt in een prettig geurende omgeving vergeleken met een niet-begeurde omgeving.[\/vc_column_text][\/vc_column][vc_column width=&#8221;1\/3&#8243;][vc_column_text c_id=&#8221;.vc_1431953619849&#8243;]<\/p>\n<h4>Klanttevredenheid<\/h4>\n<p>Geurmarketing kan de klanttevredenheid met 7% vergroten en kan de verblijfsduur in een winkel met 54% doen laten toenemen.[\/vc_column_text][\/vc_column][\/vc_row][vc_row disable_element=&#8221;yes&#8221; full_width=&#8221;&#8221; parallax=&#8221;&#8221; parallax_image=&#8221;&#8221;][vc_column][vc_column_text c_id=&#8221;.vc_1431953634412&#8243;]<\/p>\n<h3 style=\"text-align: center;\">Klanten<\/h3>\n<p>[\/vc_column_text][\/vc_column][\/vc_row][vc_row disable_element=&#8221;yes&#8221; full_width=&#8221;&#8221; parallax=&#8221;&#8221; parallax_image=&#8221;&#8221;][vc_column width=&#8221;1\/3&#8243;][vc_single_image image=&#8221;2589&#8243; alignment=&#8221;center&#8221; style=&#8221;vc_box_rounded&#8221; css_animation=&#8221;left-to-right&#8221; img_size=&#8221;thumbnail&#8221;][vc_column_text c_id=&#8221;.vc_1431352415716&#8243;]<\/p>\n<h4 style=\"text-align: center;\">Mentos &#8211; Pure Fresh Nights<\/h4>\n<p>[\/vc_column_text][\/vc_column][vc_column width=&#8221;1\/3&#8243;][vc_single_image image=&#8221;2592&#8243; alignment=&#8221;center&#8221; style=&#8221;vc_box_rounded&#8221; css_animation=&#8221;bottom-to-top&#8221; img_size=&#8221;thumbnail&#8221;][vc_column_text c_id=&#8221;.vc_1431352430044&#8243;]<\/p>\n<h4 style=\"text-align: center;\">Venetian<\/h4>\n<p>[\/vc_column_text][\/vc_column][vc_column width=&#8221;1\/3&#8243;][vc_single_image image=&#8221;2586&#8243; alignment=&#8221;center&#8221; style=&#8221;vc_box_rounded&#8221; css_animation=&#8221;right-to-left&#8221; img_size=&#8221;thumbnail&#8221;][vc_column_text c_id=&#8221;.vc_1431352441842&#8243;]<\/p>\n<h4 style=\"text-align: center;\">Crown Casino<\/h4>\n<p>[\/vc_column_text][\/vc_column][\/vc_row]<\/p>\n<\/div>","protected":false},"excerpt":{"rendered":"<p>[vc_row full_width=&#8221;&#8221; parallax=&#8221;&#8221; parallax_image=&#8221;&#8221; css=&#8221;.vc_custom_1726088417751{margin-top: 100px !important;}&#8221;][vc_column][vc_column_text c_id=&#8221;.vc_1693256814565&#8243;] Begeur uw entertainment complex Werelds meest toonaangegevende entertainmentcomplexen, casino\u2019s, bars en nachtclubs hebben als doel een zinnenprikkelende beleving te cre\u00eberen voor hun gasten. Niet altijd een gemakkelijke opgave dankzij de onplezierige geurtjes van sigarettenrook, eten, alcohol en lichaamsgeuren. Het begeuren van deze locaties met 100% pure etherische [&hellip;]<\/p>\n","protected":false},"author":2,"featured_media":0,"parent":2648,"menu_order":0,"comment_status":"closed","ping_status":"closed","template":"","meta":{"om_disable_all_campaigns":false,"ocean_post_layout":"","ocean_both_sidebars_style":"","ocean_both_sidebars_content_width":0,"ocean_both_sidebars_sidebars_width":0,"ocean_sidebar":"cs-1","ocean_second_sidebar":"0","ocean_disable_margins":"enable","ocean_add_body_class":"","ocean_shortcode_before_top_bar":"","ocean_shortcode_after_top_bar":"","ocean_shortcode_before_header":"","ocean_shortcode_after_header":"","ocean_has_shortcode":"","ocean_shortcode_after_title":"","ocean_shortcode_before_footer_widgets":"","ocean_shortcode_after_footer_widgets":"","ocean_shortcode_before_footer_bottom":"","ocean_shortcode_after_footer_bottom":"","ocean_display_top_bar":"default","ocean_display_header":"default","ocean_header_style":"","ocean_center_header_left_menu":"0","ocean_custom_header_template":"0","ocean_custom_logo":0,"ocean_custom_retina_logo":0,"ocean_custom_logo_max_width":0,"ocean_custom_logo_tablet_max_width":0,"ocean_custom_logo_mobile_max_width":0,"ocean_custom_logo_max_height":0,"ocean_custom_logo_tablet_max_height":0,"ocean_custom_logo_mobile_max_height":0,"ocean_header_custom_menu":"0","ocean_menu_typo_font_family":"0","ocean_menu_typo_font_subset":"","ocean_menu_typo_font_size":0,"ocean_menu_typo_font_size_tablet":0,"ocean_menu_typo_font_size_mobile":0,"ocean_menu_typo_font_size_unit":"px","ocean_menu_typo_font_weight":"","ocean_menu_typo_font_weight_tablet":"","ocean_menu_typo_font_weight_mobile":"","ocean_menu_typo_transform":"","ocean_menu_typo_transform_tablet":"","ocean_menu_typo_transform_mobile":"","ocean_menu_typo_line_height":0,"ocean_menu_typo_line_height_tablet":0,"ocean_menu_typo_line_height_mobile":0,"ocean_menu_typo_line_height_unit":"","ocean_menu_typo_spacing":0,"ocean_menu_typo_spacing_tablet":0,"ocean_menu_typo_spacing_mobile":0,"ocean_menu_typo_spacing_unit":"","ocean_menu_link_color":"","ocean_menu_link_color_hover":"","ocean_menu_link_color_active":"","ocean_menu_link_background":"","ocean_menu_link_hover_background":"","ocean_menu_link_active_background":"","ocean_menu_social_links_bg":"","ocean_menu_social_hover_links_bg":"","ocean_menu_social_links_color":"","ocean_menu_social_hover_links_color":"","ocean_disable_title":"on","ocean_disable_heading":"default","ocean_post_title":"","ocean_post_subheading":"","ocean_post_title_style":"","ocean_post_title_background_color":"","ocean_post_title_background":0,"ocean_post_title_bg_image_position":"","ocean_post_title_bg_image_attachment":"","ocean_post_title_bg_image_repeat":"","ocean_post_title_bg_image_size":"","ocean_post_title_height":0,"ocean_post_title_bg_overlay":0.5,"ocean_post_title_bg_overlay_color":"","ocean_disable_breadcrumbs":"default","ocean_breadcrumbs_color":"","ocean_breadcrumbs_separator_color":"","ocean_breadcrumbs_links_color":"","ocean_breadcrumbs_links_hover_color":"","ocean_display_footer_widgets":"default","ocean_display_footer_bottom":"default","ocean_custom_footer_template":"0","footnotes":""},"class_list":["post-2699","page","type-page","status-publish","hentry","entry"],"yoast_head":"<!-- This site is optimized with the Yoast SEO plugin v27.2 - https:\/\/yoast.com\/product\/yoast-seo-wordpress\/ -->\n<title>Entertainment - Emoliquids<\/title>\n<meta name=\"robots\" content=\"index, follow, max-snippet:-1, max-image-preview:large, max-video-preview:-1\" \/>\n<link rel=\"canonical\" href=\"https:\/\/www.emoliquids.com\/nl\/segmenten\/entertainment\/\" \/>\n<meta property=\"og:locale\" content=\"nl_NL\" \/>\n<meta property=\"og:type\" content=\"article\" \/>\n<meta property=\"og:title\" content=\"Entertainment - Emoliquids\" \/>\n<meta property=\"og:description\" content=\"[vc_row full_width=&#8221;&#8221; parallax=&#8221;&#8221; parallax_image=&#8221;&#8221; css=&#8221;.vc_custom_1726088417751{margin-top: 100px !important;}&#8221;][vc_column][vc_column_text c_id=&#8221;.vc_1693256814565&#8243;] Begeur uw entertainment complex Werelds meest toonaangegevende entertainmentcomplexen, casino\u2019s, bars en nachtclubs hebben als doel een zinnenprikkelende beleving te cre\u00eberen voor hun gasten. Niet altijd een gemakkelijke opgave dankzij de onplezierige geurtjes van sigarettenrook, eten, alcohol en lichaamsgeuren. Het begeuren van deze locaties met 100% pure etherische [&hellip;]\" \/>\n<meta property=\"og:url\" content=\"https:\/\/www.emoliquids.com\/nl\/segmenten\/entertainment\/\" \/>\n<meta property=\"og:site_name\" content=\"Emoliquids\" \/>\n<meta property=\"article:publisher\" content=\"https:\/\/www.facebook.com\/emoliquids\/\" \/>\n<meta property=\"article:modified_time\" content=\"2024-09-11T21:00:26+00:00\" \/>\n<meta property=\"og:image\" content=\"https:\/\/www.emoliquids.com\/wp-content\/uploads\/2015\/02\/logo-normal-hd.png\" \/>\n<meta name=\"twitter:label1\" content=\"Geschatte leestijd\" \/>\n\t<meta name=\"twitter:data1\" content=\"3 minuten\" \/>\n<script type=\"application\/ld+json\" class=\"yoast-schema-graph\">{\"@context\":\"https:\/\/schema.org\",\"@graph\":[{\"@type\":\"WebPage\",\"@id\":\"https:\/\/www.emoliquids.com\/nl\/segmenten\/entertainment\/\",\"url\":\"https:\/\/www.emoliquids.com\/nl\/segmenten\/entertainment\/\",\"name\":\"Entertainment - Emoliquids\",\"isPartOf\":{\"@id\":\"https:\/\/www.emoliquids.com\/#website\"},\"datePublished\":\"2015-05-11T07:52:30+00:00\",\"dateModified\":\"2024-09-11T21:00:26+00:00\",\"breadcrumb\":{\"@id\":\"https:\/\/www.emoliquids.com\/nl\/segmenten\/entertainment\/#breadcrumb\"},\"inLanguage\":\"nl-NL\",\"potentialAction\":[{\"@type\":\"ReadAction\",\"target\":[\"https:\/\/www.emoliquids.com\/nl\/segmenten\/entertainment\/\"]}]},{\"@type\":\"BreadcrumbList\",\"@id\":\"https:\/\/www.emoliquids.com\/nl\/segmenten\/entertainment\/#breadcrumb\",\"itemListElement\":[{\"@type\":\"ListItem\",\"position\":1,\"name\":\"Home\",\"item\":\"https:\/\/www.emoliquids.com\/nl\/\"},{\"@type\":\"ListItem\",\"position\":2,\"name\":\"Segmenten\",\"item\":\"https:\/\/www.emoliquids.com\/nl\/segmenten\/\"},{\"@type\":\"ListItem\",\"position\":3,\"name\":\"Entertainment\"}]},{\"@type\":\"WebSite\",\"@id\":\"https:\/\/www.emoliquids.com\/#website\",\"url\":\"https:\/\/www.emoliquids.com\/\",\"name\":\"Emoliquids\",\"description\":\"\",\"publisher\":{\"@id\":\"https:\/\/www.emoliquids.com\/#organization\"},\"potentialAction\":[{\"@type\":\"SearchAction\",\"target\":{\"@type\":\"EntryPoint\",\"urlTemplate\":\"https:\/\/www.emoliquids.com\/?s={search_term_string}\"},\"query-input\":{\"@type\":\"PropertyValueSpecification\",\"valueRequired\":true,\"valueName\":\"search_term_string\"}}],\"inLanguage\":\"nl-NL\"},{\"@type\":\"Organization\",\"@id\":\"https:\/\/www.emoliquids.com\/#organization\",\"name\":\"Emoliquids\",\"url\":\"https:\/\/www.emoliquids.com\/\",\"logo\":{\"@type\":\"ImageObject\",\"inLanguage\":\"nl-NL\",\"@id\":\"https:\/\/www.emoliquids.com\/#\/schema\/logo\/image\/\",\"url\":\"https:\/\/www.emoliquids.com\/wp-content\/uploads\/2016\/12\/cropped-emoliquids-logo-2017-retina-light.png\",\"contentUrl\":\"https:\/\/www.emoliquids.com\/wp-content\/uploads\/2016\/12\/cropped-emoliquids-logo-2017-retina-light.png\",\"width\":1000,\"height\":274,\"caption\":\"Emoliquids\"},\"image\":{\"@id\":\"https:\/\/www.emoliquids.com\/#\/schema\/logo\/image\/\"},\"sameAs\":[\"https:\/\/www.facebook.com\/emoliquids\/\"]}]}<\/script>\n<!-- \/ Yoast SEO plugin. -->","yoast_head_json":{"title":"Entertainment - Emoliquids","robots":{"index":"index","follow":"follow","max-snippet":"max-snippet:-1","max-image-preview":"max-image-preview:large","max-video-preview":"max-video-preview:-1"},"canonical":"https:\/\/www.emoliquids.com\/nl\/segmenten\/entertainment\/","og_locale":"nl_NL","og_type":"article","og_title":"Entertainment - Emoliquids","og_description":"[vc_row full_width=&#8221;&#8221; parallax=&#8221;&#8221; parallax_image=&#8221;&#8221; css=&#8221;.vc_custom_1726088417751{margin-top: 100px !important;}&#8221;][vc_column][vc_column_text c_id=&#8221;.vc_1693256814565&#8243;] Begeur uw entertainment complex Werelds meest toonaangegevende entertainmentcomplexen, casino\u2019s, bars en nachtclubs hebben als doel een zinnenprikkelende beleving te cre\u00eberen voor hun gasten. Niet altijd een gemakkelijke opgave dankzij de onplezierige geurtjes van sigarettenrook, eten, alcohol en lichaamsgeuren. Het begeuren van deze locaties met 100% pure etherische [&hellip;]","og_url":"https:\/\/www.emoliquids.com\/nl\/segmenten\/entertainment\/","og_site_name":"Emoliquids","article_publisher":"https:\/\/www.facebook.com\/emoliquids\/","article_modified_time":"2024-09-11T21:00:26+00:00","og_image":[{"url":"https:\/\/www.emoliquids.com\/wp-content\/uploads\/2015\/02\/logo-normal-hd.png","type":"","width":"","height":""}],"twitter_misc":{"Geschatte leestijd":"3 minuten"},"schema":{"@context":"https:\/\/schema.org","@graph":[{"@type":"WebPage","@id":"https:\/\/www.emoliquids.com\/nl\/segmenten\/entertainment\/","url":"https:\/\/www.emoliquids.com\/nl\/segmenten\/entertainment\/","name":"Entertainment - Emoliquids","isPartOf":{"@id":"https:\/\/www.emoliquids.com\/#website"},"datePublished":"2015-05-11T07:52:30+00:00","dateModified":"2024-09-11T21:00:26+00:00","breadcrumb":{"@id":"https:\/\/www.emoliquids.com\/nl\/segmenten\/entertainment\/#breadcrumb"},"inLanguage":"nl-NL","potentialAction":[{"@type":"ReadAction","target":["https:\/\/www.emoliquids.com\/nl\/segmenten\/entertainment\/"]}]},{"@type":"BreadcrumbList","@id":"https:\/\/www.emoliquids.com\/nl\/segmenten\/entertainment\/#breadcrumb","itemListElement":[{"@type":"ListItem","position":1,"name":"Home","item":"https:\/\/www.emoliquids.com\/nl\/"},{"@type":"ListItem","position":2,"name":"Segmenten","item":"https:\/\/www.emoliquids.com\/nl\/segmenten\/"},{"@type":"ListItem","position":3,"name":"Entertainment"}]},{"@type":"WebSite","@id":"https:\/\/www.emoliquids.com\/#website","url":"https:\/\/www.emoliquids.com\/","name":"Emoliquids","description":"","publisher":{"@id":"https:\/\/www.emoliquids.com\/#organization"},"potentialAction":[{"@type":"SearchAction","target":{"@type":"EntryPoint","urlTemplate":"https:\/\/www.emoliquids.com\/?s={search_term_string}"},"query-input":{"@type":"PropertyValueSpecification","valueRequired":true,"valueName":"search_term_string"}}],"inLanguage":"nl-NL"},{"@type":"Organization","@id":"https:\/\/www.emoliquids.com\/#organization","name":"Emoliquids","url":"https:\/\/www.emoliquids.com\/","logo":{"@type":"ImageObject","inLanguage":"nl-NL","@id":"https:\/\/www.emoliquids.com\/#\/schema\/logo\/image\/","url":"https:\/\/www.emoliquids.com\/wp-content\/uploads\/2016\/12\/cropped-emoliquids-logo-2017-retina-light.png","contentUrl":"https:\/\/www.emoliquids.com\/wp-content\/uploads\/2016\/12\/cropped-emoliquids-logo-2017-retina-light.png","width":1000,"height":274,"caption":"Emoliquids"},"image":{"@id":"https:\/\/www.emoliquids.com\/#\/schema\/logo\/image\/"},"sameAs":["https:\/\/www.facebook.com\/emoliquids\/"]}]}},"_links":{"self":[{"href":"https:\/\/www.emoliquids.com\/nl\/wp-json\/wp\/v2\/pages\/2699","targetHints":{"allow":["GET"]}}],"collection":[{"href":"https:\/\/www.emoliquids.com\/nl\/wp-json\/wp\/v2\/pages"}],"about":[{"href":"https:\/\/www.emoliquids.com\/nl\/wp-json\/wp\/v2\/types\/page"}],"author":[{"embeddable":true,"href":"https:\/\/www.emoliquids.com\/nl\/wp-json\/wp\/v2\/users\/2"}],"replies":[{"embeddable":true,"href":"https:\/\/www.emoliquids.com\/nl\/wp-json\/wp\/v2\/comments?post=2699"}],"version-history":[{"count":4,"href":"https:\/\/www.emoliquids.com\/nl\/wp-json\/wp\/v2\/pages\/2699\/revisions"}],"predecessor-version":[{"id":5599,"href":"https:\/\/www.emoliquids.com\/nl\/wp-json\/wp\/v2\/pages\/2699\/revisions\/5599"}],"up":[{"embeddable":true,"href":"https:\/\/www.emoliquids.com\/nl\/wp-json\/wp\/v2\/pages\/2648"}],"wp:attachment":[{"href":"https:\/\/www.emoliquids.com\/nl\/wp-json\/wp\/v2\/media?parent=2699"}],"curies":[{"name":"wp","href":"https:\/\/api.w.org\/{rel}","templated":true}]}}