{"id":2675,"date":"2015-05-11T15:01:20","date_gmt":"2015-05-11T07:52:30","guid":{"rendered":"https:\/\/www.emoliquids.com\/segmenten\/medical\/"},"modified":"2024-09-11T23:03:09","modified_gmt":"2024-09-11T21:03:09","slug":"medisch","status":"publish","type":"page","link":"https:\/\/www.emoliquids.com\/nl\/segmenten\/medisch\/","title":{"rendered":"Medisch"},"content":{"rendered":"<div class=\"wpb-content-wrapper\"><p>[vc_row full_width=&#8221;&#8221; parallax=&#8221;&#8221; parallax_image=&#8221;&#8221; css=&#8221;.vc_custom_1726088582538{margin-top: 100px !important;}&#8221;][vc_column][vc_column_text c_id=&#8221;.vc_1693489748953&#8243;]<\/p>\n<h3>Begeur uw praktijk<\/h3>\n<p>Voor medische specialisten is het belangrijk pati\u00ebnten tijdens hun bezoek op hun gemak te stellen. Dit is niet altijd een eenvoudige taak aangezien pati\u00ebnten vaak gespannen, bezorgd en emotioneel zijn. De sterke lucht van schoonmaakmiddelen versterkt deze onbehaaglijke emoties vaak nog meer.<\/p>\n<p>Om een meer rustgevende en comfortabele omgeving te cre\u00eberen kiezen klinieken steeds vaker voor het krachtigste zintuig \u2013 reukzin. Het verspreiden van de kalmerende geur van lavendel of eucalyptus zorgt er bijvoorbeeld voor dat het wachten in een wachtkamer als minder traumatisch ervaren wordt.<\/p>\n<h3>Revitaliseer de lucht<\/h3>\n<p>Het begeuren van openbare ruimtes heeft een positief effect op hoe pati\u00ebnten de kwaliteit van de service en netheid van de omgeving beoordelen. De ruimte voelt warmer aan en de pati\u00ebnt voelt zich rustiger en meer op het gemak. Door het verspreiden van 100% puur natuurlijke etherische oli\u00ebn met Emoliquids&#8217; micro-mist technologie wordt de lucht op natuurlijk wijze gezuiverd en worden bacteri\u00ebn en virussen in de lucht op effectieve wijze afgebroken.<\/p>\n<p>Emoliquids&#8217; Emoscent Pro geurmachine verspreid maximaal drie verschillende geuren en wordt bestuurd via onze Applicatie en Bluetooth besturingssysteem. Cre\u00eber uw eigen geurschema en stel met \u00e9\u00e9n druk op de knop de intensiteit, duur en start\/stop tijd in. De ideale oplossing voor bejaardentehuizen waar verfrissende geuren \u2018s ochtends energie geven en rustgevende geuren de bewoners \u2018s middags en \u2018s avonds juist kalmeren.[\/vc_column_text][\/vc_column][\/vc_row][vc_row full_width=&#8221;&#8221; parallax=&#8221;&#8221; parallax_image=&#8221;&#8221;][vc_column][vc_separator][vc_column_text c_id=&#8221;.vc_1431948939341&#8243;]<\/p>\n<h3 style=\"text-align: center;\">Geurfeit<\/h3>\n<h4 style=\"text-align: center;\">Het inademen van bepaalde etherische oli\u00ebn helpt het immuunsysteem van het lichaam te verbeteren.<\/h4>\n<p>[\/vc_column_text][vc_separator][\/vc_column][\/vc_row][vc_row full_width=&#8221;&#8221; parallax=&#8221;&#8221; parallax_image=&#8221;&#8221;][vc_column][vc_column_text c_id=&#8221;.vc_1431948956960&#8243;]<\/p>\n<h3 style=\"text-align: center;\">Voordelen van geur<\/h3>\n<p>[\/vc_column_text][\/vc_column][\/vc_row][vc_row full_width=&#8221;&#8221; parallax=&#8221;&#8221; parallax_image=&#8221;&#8221;][vc_column width=&#8221;1\/3&#8243;][vc_column_text c_id=&#8221;.vc_1431948974541&#8243;]<\/p>\n<h4>Kalmerend<\/h4>\n<p>Verbeter de geur in de wachtkamer en help mensen te kalmeren voor een consult.[\/vc_column_text][\/vc_column][vc_column width=&#8221;1\/3&#8243;][vc_column_text c_id=&#8221;.vc_1431948994641&#8243;]<\/p>\n<h4>Anti-bacterieel<\/h4>\n<p>Het verspreiden van anti-bacteri\u00eble geuren in medische ruimtes minimaliseert de risico\u2019s op infecties door bacteri\u00ebn in de lucht.[\/vc_column_text][\/vc_column][vc_column width=&#8221;1\/3&#8243;][vc_column_text c_id=&#8221;.vc_1431949019911&#8243;]<\/p>\n<h4>Positievere ervaring<\/h4>\n<p>Het verspreiden van een natuurlijke lavendelgeur verwijdert negatieve gevoelens en herinneringen aan vervelende ervaringen uit het verleden.[\/vc_column_text][\/vc_column][\/vc_row]<\/p>\n<\/div>","protected":false},"excerpt":{"rendered":"<p>[vc_row full_width=&#8221;&#8221; parallax=&#8221;&#8221; parallax_image=&#8221;&#8221; css=&#8221;.vc_custom_1726088582538{margin-top: 100px !important;}&#8221;][vc_column][vc_column_text c_id=&#8221;.vc_1693489748953&#8243;] Begeur uw praktijk Voor medische specialisten is het belangrijk pati\u00ebnten tijdens hun bezoek op hun gemak te stellen. Dit is niet altijd een eenvoudige taak aangezien pati\u00ebnten vaak gespannen, bezorgd en emotioneel zijn. De sterke lucht van schoonmaakmiddelen versterkt deze onbehaaglijke emoties vaak nog meer. Om een [&hellip;]<\/p>\n","protected":false},"author":2,"featured_media":0,"parent":2648,"menu_order":0,"comment_status":"closed","ping_status":"closed","template":"","meta":{"om_disable_all_campaigns":false,"ocean_post_layout":"","ocean_both_sidebars_style":"","ocean_both_sidebars_content_width":0,"ocean_both_sidebars_sidebars_width":0,"ocean_sidebar":"cs-1","ocean_second_sidebar":"0","ocean_disable_margins":"enable","ocean_add_body_class":"","ocean_shortcode_before_top_bar":"","ocean_shortcode_after_top_bar":"","ocean_shortcode_before_header":"","ocean_shortcode_after_header":"","ocean_has_shortcode":"","ocean_shortcode_after_title":"","ocean_shortcode_before_footer_widgets":"","ocean_shortcode_after_footer_widgets":"","ocean_shortcode_before_footer_bottom":"","ocean_shortcode_after_footer_bottom":"","ocean_display_top_bar":"default","ocean_display_header":"default","ocean_header_style":"","ocean_center_header_left_menu":"0","ocean_custom_header_template":"0","ocean_custom_logo":0,"ocean_custom_retina_logo":0,"ocean_custom_logo_max_width":0,"ocean_custom_logo_tablet_max_width":0,"ocean_custom_logo_mobile_max_width":0,"ocean_custom_logo_max_height":0,"ocean_custom_logo_tablet_max_height":0,"ocean_custom_logo_mobile_max_height":0,"ocean_header_custom_menu":"0","ocean_menu_typo_font_family":"0","ocean_menu_typo_font_subset":"","ocean_menu_typo_font_size":0,"ocean_menu_typo_font_size_tablet":0,"ocean_menu_typo_font_size_mobile":0,"ocean_menu_typo_font_size_unit":"px","ocean_menu_typo_font_weight":"","ocean_menu_typo_font_weight_tablet":"","ocean_menu_typo_font_weight_mobile":"","ocean_menu_typo_transform":"","ocean_menu_typo_transform_tablet":"","ocean_menu_typo_transform_mobile":"","ocean_menu_typo_line_height":0,"ocean_menu_typo_line_height_tablet":0,"ocean_menu_typo_line_height_mobile":0,"ocean_menu_typo_line_height_unit":"","ocean_menu_typo_spacing":0,"ocean_menu_typo_spacing_tablet":0,"ocean_menu_typo_spacing_mobile":0,"ocean_menu_typo_spacing_unit":"","ocean_menu_link_color":"","ocean_menu_link_color_hover":"","ocean_menu_link_color_active":"","ocean_menu_link_background":"","ocean_menu_link_hover_background":"","ocean_menu_link_active_background":"","ocean_menu_social_links_bg":"","ocean_menu_social_hover_links_bg":"","ocean_menu_social_links_color":"","ocean_menu_social_hover_links_color":"","ocean_disable_title":"on","ocean_disable_heading":"default","ocean_post_title":"","ocean_post_subheading":"","ocean_post_title_style":"","ocean_post_title_background_color":"","ocean_post_title_background":0,"ocean_post_title_bg_image_position":"","ocean_post_title_bg_image_attachment":"","ocean_post_title_bg_image_repeat":"","ocean_post_title_bg_image_size":"","ocean_post_title_height":0,"ocean_post_title_bg_overlay":0.5,"ocean_post_title_bg_overlay_color":"","ocean_disable_breadcrumbs":"default","ocean_breadcrumbs_color":"","ocean_breadcrumbs_separator_color":"","ocean_breadcrumbs_links_color":"","ocean_breadcrumbs_links_hover_color":"","ocean_display_footer_widgets":"default","ocean_display_footer_bottom":"default","ocean_custom_footer_template":"0","footnotes":""},"class_list":["post-2675","page","type-page","status-publish","hentry","entry"],"yoast_head":"<!-- This site is optimized with the Yoast SEO plugin v27.2 - https:\/\/yoast.com\/product\/yoast-seo-wordpress\/ -->\n<title>Medisch - Emoliquids<\/title>\n<meta name=\"robots\" content=\"index, follow, max-snippet:-1, max-image-preview:large, max-video-preview:-1\" \/>\n<link rel=\"canonical\" href=\"https:\/\/www.emoliquids.com\/nl\/segmenten\/medisch\/\" \/>\n<meta property=\"og:locale\" content=\"nl_NL\" \/>\n<meta property=\"og:type\" content=\"article\" \/>\n<meta property=\"og:title\" content=\"Medisch - Emoliquids\" \/>\n<meta property=\"og:description\" content=\"[vc_row full_width=&#8221;&#8221; parallax=&#8221;&#8221; parallax_image=&#8221;&#8221; css=&#8221;.vc_custom_1726088582538{margin-top: 100px !important;}&#8221;][vc_column][vc_column_text c_id=&#8221;.vc_1693489748953&#8243;] Begeur uw praktijk Voor medische specialisten is het belangrijk pati\u00ebnten tijdens hun bezoek op hun gemak te stellen. Dit is niet altijd een eenvoudige taak aangezien pati\u00ebnten vaak gespannen, bezorgd en emotioneel zijn. De sterke lucht van schoonmaakmiddelen versterkt deze onbehaaglijke emoties vaak nog meer. Om een [&hellip;]\" \/>\n<meta property=\"og:url\" content=\"https:\/\/www.emoliquids.com\/nl\/segmenten\/medisch\/\" \/>\n<meta property=\"og:site_name\" content=\"Emoliquids\" \/>\n<meta property=\"article:publisher\" content=\"https:\/\/www.facebook.com\/emoliquids\/\" \/>\n<meta property=\"article:modified_time\" content=\"2024-09-11T21:03:09+00:00\" \/>\n<meta property=\"og:image\" content=\"https:\/\/www.emoliquids.com\/wp-content\/uploads\/2015\/02\/logo-normal-hd.png\" \/>\n<meta name=\"twitter:label1\" content=\"Geschatte leestijd\" \/>\n\t<meta name=\"twitter:data1\" content=\"2 minuten\" \/>\n<script type=\"application\/ld+json\" class=\"yoast-schema-graph\">{\"@context\":\"https:\/\/schema.org\",\"@graph\":[{\"@type\":\"WebPage\",\"@id\":\"https:\/\/www.emoliquids.com\/nl\/segmenten\/medisch\/\",\"url\":\"https:\/\/www.emoliquids.com\/nl\/segmenten\/medisch\/\",\"name\":\"Medisch - Emoliquids\",\"isPartOf\":{\"@id\":\"https:\/\/www.emoliquids.com\/#website\"},\"datePublished\":\"2015-05-11T07:52:30+00:00\",\"dateModified\":\"2024-09-11T21:03:09+00:00\",\"breadcrumb\":{\"@id\":\"https:\/\/www.emoliquids.com\/nl\/segmenten\/medisch\/#breadcrumb\"},\"inLanguage\":\"nl-NL\",\"potentialAction\":[{\"@type\":\"ReadAction\",\"target\":[\"https:\/\/www.emoliquids.com\/nl\/segmenten\/medisch\/\"]}]},{\"@type\":\"BreadcrumbList\",\"@id\":\"https:\/\/www.emoliquids.com\/nl\/segmenten\/medisch\/#breadcrumb\",\"itemListElement\":[{\"@type\":\"ListItem\",\"position\":1,\"name\":\"Home\",\"item\":\"https:\/\/www.emoliquids.com\/nl\/\"},{\"@type\":\"ListItem\",\"position\":2,\"name\":\"Segmenten\",\"item\":\"https:\/\/www.emoliquids.com\/nl\/segmenten\/\"},{\"@type\":\"ListItem\",\"position\":3,\"name\":\"Medisch\"}]},{\"@type\":\"WebSite\",\"@id\":\"https:\/\/www.emoliquids.com\/#website\",\"url\":\"https:\/\/www.emoliquids.com\/\",\"name\":\"Emoliquids\",\"description\":\"\",\"publisher\":{\"@id\":\"https:\/\/www.emoliquids.com\/#organization\"},\"potentialAction\":[{\"@type\":\"SearchAction\",\"target\":{\"@type\":\"EntryPoint\",\"urlTemplate\":\"https:\/\/www.emoliquids.com\/?s={search_term_string}\"},\"query-input\":{\"@type\":\"PropertyValueSpecification\",\"valueRequired\":true,\"valueName\":\"search_term_string\"}}],\"inLanguage\":\"nl-NL\"},{\"@type\":\"Organization\",\"@id\":\"https:\/\/www.emoliquids.com\/#organization\",\"name\":\"Emoliquids\",\"url\":\"https:\/\/www.emoliquids.com\/\",\"logo\":{\"@type\":\"ImageObject\",\"inLanguage\":\"nl-NL\",\"@id\":\"https:\/\/www.emoliquids.com\/#\/schema\/logo\/image\/\",\"url\":\"https:\/\/www.emoliquids.com\/wp-content\/uploads\/2016\/12\/cropped-emoliquids-logo-2017-retina-light.png\",\"contentUrl\":\"https:\/\/www.emoliquids.com\/wp-content\/uploads\/2016\/12\/cropped-emoliquids-logo-2017-retina-light.png\",\"width\":1000,\"height\":274,\"caption\":\"Emoliquids\"},\"image\":{\"@id\":\"https:\/\/www.emoliquids.com\/#\/schema\/logo\/image\/\"},\"sameAs\":[\"https:\/\/www.facebook.com\/emoliquids\/\"]}]}<\/script>\n<!-- \/ Yoast SEO plugin. -->","yoast_head_json":{"title":"Medisch - Emoliquids","robots":{"index":"index","follow":"follow","max-snippet":"max-snippet:-1","max-image-preview":"max-image-preview:large","max-video-preview":"max-video-preview:-1"},"canonical":"https:\/\/www.emoliquids.com\/nl\/segmenten\/medisch\/","og_locale":"nl_NL","og_type":"article","og_title":"Medisch - Emoliquids","og_description":"[vc_row full_width=&#8221;&#8221; parallax=&#8221;&#8221; parallax_image=&#8221;&#8221; css=&#8221;.vc_custom_1726088582538{margin-top: 100px !important;}&#8221;][vc_column][vc_column_text c_id=&#8221;.vc_1693489748953&#8243;] Begeur uw praktijk Voor medische specialisten is het belangrijk pati\u00ebnten tijdens hun bezoek op hun gemak te stellen. Dit is niet altijd een eenvoudige taak aangezien pati\u00ebnten vaak gespannen, bezorgd en emotioneel zijn. De sterke lucht van schoonmaakmiddelen versterkt deze onbehaaglijke emoties vaak nog meer. Om een [&hellip;]","og_url":"https:\/\/www.emoliquids.com\/nl\/segmenten\/medisch\/","og_site_name":"Emoliquids","article_publisher":"https:\/\/www.facebook.com\/emoliquids\/","article_modified_time":"2024-09-11T21:03:09+00:00","og_image":[{"url":"https:\/\/www.emoliquids.com\/wp-content\/uploads\/2015\/02\/logo-normal-hd.png","type":"","width":"","height":""}],"twitter_misc":{"Geschatte leestijd":"2 minuten"},"schema":{"@context":"https:\/\/schema.org","@graph":[{"@type":"WebPage","@id":"https:\/\/www.emoliquids.com\/nl\/segmenten\/medisch\/","url":"https:\/\/www.emoliquids.com\/nl\/segmenten\/medisch\/","name":"Medisch - Emoliquids","isPartOf":{"@id":"https:\/\/www.emoliquids.com\/#website"},"datePublished":"2015-05-11T07:52:30+00:00","dateModified":"2024-09-11T21:03:09+00:00","breadcrumb":{"@id":"https:\/\/www.emoliquids.com\/nl\/segmenten\/medisch\/#breadcrumb"},"inLanguage":"nl-NL","potentialAction":[{"@type":"ReadAction","target":["https:\/\/www.emoliquids.com\/nl\/segmenten\/medisch\/"]}]},{"@type":"BreadcrumbList","@id":"https:\/\/www.emoliquids.com\/nl\/segmenten\/medisch\/#breadcrumb","itemListElement":[{"@type":"ListItem","position":1,"name":"Home","item":"https:\/\/www.emoliquids.com\/nl\/"},{"@type":"ListItem","position":2,"name":"Segmenten","item":"https:\/\/www.emoliquids.com\/nl\/segmenten\/"},{"@type":"ListItem","position":3,"name":"Medisch"}]},{"@type":"WebSite","@id":"https:\/\/www.emoliquids.com\/#website","url":"https:\/\/www.emoliquids.com\/","name":"Emoliquids","description":"","publisher":{"@id":"https:\/\/www.emoliquids.com\/#organization"},"potentialAction":[{"@type":"SearchAction","target":{"@type":"EntryPoint","urlTemplate":"https:\/\/www.emoliquids.com\/?s={search_term_string}"},"query-input":{"@type":"PropertyValueSpecification","valueRequired":true,"valueName":"search_term_string"}}],"inLanguage":"nl-NL"},{"@type":"Organization","@id":"https:\/\/www.emoliquids.com\/#organization","name":"Emoliquids","url":"https:\/\/www.emoliquids.com\/","logo":{"@type":"ImageObject","inLanguage":"nl-NL","@id":"https:\/\/www.emoliquids.com\/#\/schema\/logo\/image\/","url":"https:\/\/www.emoliquids.com\/wp-content\/uploads\/2016\/12\/cropped-emoliquids-logo-2017-retina-light.png","contentUrl":"https:\/\/www.emoliquids.com\/wp-content\/uploads\/2016\/12\/cropped-emoliquids-logo-2017-retina-light.png","width":1000,"height":274,"caption":"Emoliquids"},"image":{"@id":"https:\/\/www.emoliquids.com\/#\/schema\/logo\/image\/"},"sameAs":["https:\/\/www.facebook.com\/emoliquids\/"]}]}},"_links":{"self":[{"href":"https:\/\/www.emoliquids.com\/nl\/wp-json\/wp\/v2\/pages\/2675","targetHints":{"allow":["GET"]}}],"collection":[{"href":"https:\/\/www.emoliquids.com\/nl\/wp-json\/wp\/v2\/pages"}],"about":[{"href":"https:\/\/www.emoliquids.com\/nl\/wp-json\/wp\/v2\/types\/page"}],"author":[{"embeddable":true,"href":"https:\/\/www.emoliquids.com\/nl\/wp-json\/wp\/v2\/users\/2"}],"replies":[{"embeddable":true,"href":"https:\/\/www.emoliquids.com\/nl\/wp-json\/wp\/v2\/comments?post=2675"}],"version-history":[{"count":3,"href":"https:\/\/www.emoliquids.com\/nl\/wp-json\/wp\/v2\/pages\/2675\/revisions"}],"predecessor-version":[{"id":5605,"href":"https:\/\/www.emoliquids.com\/nl\/wp-json\/wp\/v2\/pages\/2675\/revisions\/5605"}],"up":[{"embeddable":true,"href":"https:\/\/www.emoliquids.com\/nl\/wp-json\/wp\/v2\/pages\/2648"}],"wp:attachment":[{"href":"https:\/\/www.emoliquids.com\/nl\/wp-json\/wp\/v2\/media?parent=2675"}],"curies":[{"name":"wp","href":"https:\/\/api.w.org\/{rel}","templated":true}]}}