{"id":2669,"date":"2015-05-11T14:35:31","date_gmt":"2015-05-11T07:52:30","guid":{"rendered":"https:\/\/www.emoliquids.com\/segmenten\/offices\/"},"modified":"2024-09-11T23:05:55","modified_gmt":"2024-09-11T21:05:55","slug":"kantoren","status":"publish","type":"page","link":"https:\/\/www.emoliquids.com\/nl\/segmenten\/kantoren\/","title":{"rendered":"Kantoren"},"content":{"rendered":"<div class=\"wpb-content-wrapper\"><p>[vc_row full_width=&#8221;&#8221; parallax=&#8221;&#8221; parallax_image=&#8221;&#8221; css=&#8221;.vc_custom_1726088748512{margin-top: 100px !important;}&#8221;][vc_column][vc_column_text c_id=&#8221;.vc_1693258173672&#8243;]<\/p>\n<h3>Begeuren van kantoorruimtes<\/h3>\n<p>Een tevreden werknemer is een productieve werknemer en de werkomgeving speelt hierbij een grote rol. Een schone lucht zonder schadelijke stoffen of vervelende luchtjes is cruciaal voor de gezondheid, veiligheid en comfort van uw werknemers. Het draagt bij aan een inspirerende omgeving waar werknemers met minder stress beter kunnen presteren.<\/p>\n<p>Als Emoliquids&#8217; 100% puur etherische oli\u00ebn verspreid worden via de gepatenteerde koudelucht verstuivingstechnologie wordt de integriteit van de oli\u00ebn gewaarborgd. De anti-bacteri\u00eble eigenschappen komen hierdoor nog beter tot hun recht. Het verspreiden van de geur via het airconditioningsysteem is de meest effectieve en effici\u00ebnte manier.<\/p>\n<h3>Verbeter de prestaties<\/h3>\n<p>Onderzoek wijst uit dat werknemers die in een prettig geurende omgeving werken effici\u00ebnter werken en sneller geneigd zijn time-management strategi\u00ebn toe te passen. Andere studies tonen aan dat er minder typefouten gemaakt worden als kantoormedewerkers worden blootgesteld aan de geur van lavendel en citroen. De typesnelheid en accuraatheid worden verder verbeterd als de geur van pepermunt wordt verspreid.[\/vc_column_text][\/vc_column][\/vc_row][vc_row full_width=&#8221;&#8221; parallax=&#8221;&#8221; parallax_image=&#8221;&#8221;][vc_column][vc_separator][vc_column_text c_id=&#8221;.vc_1431948308491&#8243;]<\/p>\n<h3 style=\"text-align: center;\">Geurfeit<\/h3>\n<h4 style=\"text-align: center;\">Studies hebben uitgewezen dat kantoormedewerkers 54% minder fouten maken als een citroengeur verspreid wordt.<\/h4>\n<p>[\/vc_column_text][vc_separator][\/vc_column][\/vc_row][vc_row full_width=&#8221;&#8221; parallax=&#8221;&#8221; parallax_image=&#8221;&#8221;][vc_column][vc_column_text c_id=&#8221;.vc_1431948327697&#8243;]<\/p>\n<h3 style=\"text-align: center;\">Voordelen van geur<\/h3>\n<p>[\/vc_column_text][\/vc_column][\/vc_row][vc_row full_width=&#8221;&#8221; parallax=&#8221;&#8221; parallax_image=&#8221;&#8221;][vc_column width=&#8221;1\/3&#8243;][vc_column_text c_id=&#8221;.vc_1431948344367&#8243;]<\/p>\n<h4>Positieve omgeving<\/h4>\n<p>Het begeuren van een kantoorruimte cre\u00ebert een positieve omgeving dankzij minder stress, minder moeheid, meer alertheid en betere prestaties onder de werknemers.[\/vc_column_text][\/vc_column][vc_column width=&#8221;1\/3&#8243;][vc_column_text c_id=&#8221;.vc_1431948370094&#8243;]<\/p>\n<h4>Hogere effici\u00ebntie<\/h4>\n<p>Het verspreiden van een lavendelgeur tijdens pauzes verbetert de prestaties na de pauze.[\/vc_column_text][\/vc_column][vc_column width=&#8221;1\/3&#8243;][vc_column_text c_id=&#8221;.vc_1431948395972&#8243;]<\/p>\n<h4>Betere luchtkwaliteit<\/h4>\n<p>Wetenschappelijk onderzoek toont aan dat het verspreiden van etherische oli\u00ebn bacteri\u00ebn in de lucht, virussen en schimmels elimineert.[\/vc_column_text][\/vc_column][\/vc_row][vc_row disable_element=&#8221;yes&#8221; full_width=&#8221;&#8221; parallax=&#8221;&#8221; parallax_image=&#8221;&#8221;][vc_column][vc_column_text c_id=&#8221;.vc_1431948415860&#8243;]<\/p>\n<h3 style=\"text-align: center;\">Klanten<\/h3>\n<p>[\/vc_column_text][\/vc_column][\/vc_row][vc_row disable_element=&#8221;yes&#8221; full_width=&#8221;&#8221; parallax=&#8221;&#8221; parallax_image=&#8221;&#8221;][vc_column width=&#8221;1\/3&#8243;][vc_single_image image=&#8221;2527&#8243; alignment=&#8221;center&#8221; style=&#8221;vc_box_rounded&#8221; css_animation=&#8221;left-to-right&#8221; img_size=&#8221;thumbnail&#8221;][vc_column_text c_id=&#8221;.vc_1431348471917&#8243;]<\/p>\n<h4 style=\"text-align: center;\">Hilton Offices<\/h4>\n<p>[\/vc_column_text][\/vc_column][vc_column width=&#8221;1\/3&#8243;][vc_single_image image=&#8221;2524&#8243; alignment=&#8221;center&#8221; style=&#8221;vc_box_rounded&#8221; css_animation=&#8221;bottom-to-top&#8221; img_size=&#8221;thumbnail&#8221;][vc_column_text c_id=&#8221;.vc_1431348487318&#8243;]<\/p>\n<h4 style=\"text-align: center;\">Grant Thornton<\/h4>\n<p>[\/vc_column_text][\/vc_column][vc_column width=&#8221;1\/3&#8243;][vc_single_image image=&#8221;2530&#8243; alignment=&#8221;center&#8221; style=&#8221;vc_box_rounded&#8221; css_animation=&#8221;right-to-left&#8221; img_size=&#8221;thumbnail&#8221;][vc_column_text c_id=&#8221;.vc_1431348500238&#8243;]<\/p>\n<h4 style=\"text-align: center;\">Qantas Offices<\/h4>\n<p>[\/vc_column_text][\/vc_column][\/vc_row]<\/p>\n<\/div>","protected":false},"excerpt":{"rendered":"<p>[vc_row full_width=&#8221;&#8221; parallax=&#8221;&#8221; parallax_image=&#8221;&#8221; css=&#8221;.vc_custom_1726088748512{margin-top: 100px !important;}&#8221;][vc_column][vc_column_text c_id=&#8221;.vc_1693258173672&#8243;] Begeuren van kantoorruimtes Een tevreden werknemer is een productieve werknemer en de werkomgeving speelt hierbij een grote rol. Een schone lucht zonder schadelijke stoffen of vervelende luchtjes is cruciaal voor de gezondheid, veiligheid en comfort van uw werknemers. Het draagt bij aan een inspirerende omgeving waar werknemers [&hellip;]<\/p>\n","protected":false},"author":2,"featured_media":0,"parent":2648,"menu_order":0,"comment_status":"closed","ping_status":"closed","template":"","meta":{"om_disable_all_campaigns":false,"ocean_post_layout":"","ocean_both_sidebars_style":"","ocean_both_sidebars_content_width":0,"ocean_both_sidebars_sidebars_width":0,"ocean_sidebar":"cs-1","ocean_second_sidebar":"0","ocean_disable_margins":"enable","ocean_add_body_class":"","ocean_shortcode_before_top_bar":"","ocean_shortcode_after_top_bar":"","ocean_shortcode_before_header":"","ocean_shortcode_after_header":"","ocean_has_shortcode":"","ocean_shortcode_after_title":"","ocean_shortcode_before_footer_widgets":"","ocean_shortcode_after_footer_widgets":"","ocean_shortcode_before_footer_bottom":"","ocean_shortcode_after_footer_bottom":"","ocean_display_top_bar":"default","ocean_display_header":"default","ocean_header_style":"","ocean_center_header_left_menu":"0","ocean_custom_header_template":"0","ocean_custom_logo":0,"ocean_custom_retina_logo":0,"ocean_custom_logo_max_width":0,"ocean_custom_logo_tablet_max_width":0,"ocean_custom_logo_mobile_max_width":0,"ocean_custom_logo_max_height":0,"ocean_custom_logo_tablet_max_height":0,"ocean_custom_logo_mobile_max_height":0,"ocean_header_custom_menu":"0","ocean_menu_typo_font_family":"0","ocean_menu_typo_font_subset":"","ocean_menu_typo_font_size":0,"ocean_menu_typo_font_size_tablet":0,"ocean_menu_typo_font_size_mobile":0,"ocean_menu_typo_font_size_unit":"px","ocean_menu_typo_font_weight":"","ocean_menu_typo_font_weight_tablet":"","ocean_menu_typo_font_weight_mobile":"","ocean_menu_typo_transform":"","ocean_menu_typo_transform_tablet":"","ocean_menu_typo_transform_mobile":"","ocean_menu_typo_line_height":0,"ocean_menu_typo_line_height_tablet":0,"ocean_menu_typo_line_height_mobile":0,"ocean_menu_typo_line_height_unit":"","ocean_menu_typo_spacing":0,"ocean_menu_typo_spacing_tablet":0,"ocean_menu_typo_spacing_mobile":0,"ocean_menu_typo_spacing_unit":"","ocean_menu_link_color":"","ocean_menu_link_color_hover":"","ocean_menu_link_color_active":"","ocean_menu_link_background":"","ocean_menu_link_hover_background":"","ocean_menu_link_active_background":"","ocean_menu_social_links_bg":"","ocean_menu_social_hover_links_bg":"","ocean_menu_social_links_color":"","ocean_menu_social_hover_links_color":"","ocean_disable_title":"on","ocean_disable_heading":"default","ocean_post_title":"","ocean_post_subheading":"","ocean_post_title_style":"","ocean_post_title_background_color":"","ocean_post_title_background":0,"ocean_post_title_bg_image_position":"","ocean_post_title_bg_image_attachment":"","ocean_post_title_bg_image_repeat":"","ocean_post_title_bg_image_size":"","ocean_post_title_height":0,"ocean_post_title_bg_overlay":0.5,"ocean_post_title_bg_overlay_color":"","ocean_disable_breadcrumbs":"default","ocean_breadcrumbs_color":"","ocean_breadcrumbs_separator_color":"","ocean_breadcrumbs_links_color":"","ocean_breadcrumbs_links_hover_color":"","ocean_display_footer_widgets":"default","ocean_display_footer_bottom":"default","ocean_custom_footer_template":"0","footnotes":""},"class_list":["post-2669","page","type-page","status-publish","hentry","entry"],"yoast_head":"<!-- This site is optimized with the Yoast SEO plugin v27.2 - https:\/\/yoast.com\/product\/yoast-seo-wordpress\/ -->\n<title>Kantoren - Emoliquids<\/title>\n<meta name=\"robots\" content=\"index, follow, max-snippet:-1, max-image-preview:large, max-video-preview:-1\" \/>\n<link rel=\"canonical\" href=\"https:\/\/www.emoliquids.com\/nl\/segmenten\/kantoren\/\" \/>\n<meta property=\"og:locale\" content=\"nl_NL\" \/>\n<meta property=\"og:type\" content=\"article\" \/>\n<meta property=\"og:title\" content=\"Kantoren - Emoliquids\" \/>\n<meta property=\"og:description\" content=\"[vc_row full_width=&#8221;&#8221; parallax=&#8221;&#8221; parallax_image=&#8221;&#8221; css=&#8221;.vc_custom_1726088748512{margin-top: 100px !important;}&#8221;][vc_column][vc_column_text c_id=&#8221;.vc_1693258173672&#8243;] Begeuren van kantoorruimtes Een tevreden werknemer is een productieve werknemer en de werkomgeving speelt hierbij een grote rol. Een schone lucht zonder schadelijke stoffen of vervelende luchtjes is cruciaal voor de gezondheid, veiligheid en comfort van uw werknemers. Het draagt bij aan een inspirerende omgeving waar werknemers [&hellip;]\" \/>\n<meta property=\"og:url\" content=\"https:\/\/www.emoliquids.com\/nl\/segmenten\/kantoren\/\" \/>\n<meta property=\"og:site_name\" content=\"Emoliquids\" \/>\n<meta property=\"article:publisher\" content=\"https:\/\/www.facebook.com\/emoliquids\/\" \/>\n<meta property=\"article:modified_time\" content=\"2024-09-11T21:05:55+00:00\" \/>\n<meta property=\"og:image\" content=\"https:\/\/www.emoliquids.com\/wp-content\/uploads\/2015\/02\/logo-normal-hd.png\" \/>\n<meta name=\"twitter:label1\" content=\"Geschatte leestijd\" \/>\n\t<meta name=\"twitter:data1\" content=\"2 minuten\" \/>\n<script type=\"application\/ld+json\" class=\"yoast-schema-graph\">{\"@context\":\"https:\/\/schema.org\",\"@graph\":[{\"@type\":\"WebPage\",\"@id\":\"https:\/\/www.emoliquids.com\/nl\/segmenten\/kantoren\/\",\"url\":\"https:\/\/www.emoliquids.com\/nl\/segmenten\/kantoren\/\",\"name\":\"Kantoren - Emoliquids\",\"isPartOf\":{\"@id\":\"https:\/\/www.emoliquids.com\/#website\"},\"datePublished\":\"2015-05-11T07:52:30+00:00\",\"dateModified\":\"2024-09-11T21:05:55+00:00\",\"breadcrumb\":{\"@id\":\"https:\/\/www.emoliquids.com\/nl\/segmenten\/kantoren\/#breadcrumb\"},\"inLanguage\":\"nl-NL\",\"potentialAction\":[{\"@type\":\"ReadAction\",\"target\":[\"https:\/\/www.emoliquids.com\/nl\/segmenten\/kantoren\/\"]}]},{\"@type\":\"BreadcrumbList\",\"@id\":\"https:\/\/www.emoliquids.com\/nl\/segmenten\/kantoren\/#breadcrumb\",\"itemListElement\":[{\"@type\":\"ListItem\",\"position\":1,\"name\":\"Home\",\"item\":\"https:\/\/www.emoliquids.com\/nl\/\"},{\"@type\":\"ListItem\",\"position\":2,\"name\":\"Segmenten\",\"item\":\"https:\/\/www.emoliquids.com\/nl\/segmenten\/\"},{\"@type\":\"ListItem\",\"position\":3,\"name\":\"Kantoren\"}]},{\"@type\":\"WebSite\",\"@id\":\"https:\/\/www.emoliquids.com\/#website\",\"url\":\"https:\/\/www.emoliquids.com\/\",\"name\":\"Emoliquids\",\"description\":\"\",\"publisher\":{\"@id\":\"https:\/\/www.emoliquids.com\/#organization\"},\"potentialAction\":[{\"@type\":\"SearchAction\",\"target\":{\"@type\":\"EntryPoint\",\"urlTemplate\":\"https:\/\/www.emoliquids.com\/?s={search_term_string}\"},\"query-input\":{\"@type\":\"PropertyValueSpecification\",\"valueRequired\":true,\"valueName\":\"search_term_string\"}}],\"inLanguage\":\"nl-NL\"},{\"@type\":\"Organization\",\"@id\":\"https:\/\/www.emoliquids.com\/#organization\",\"name\":\"Emoliquids\",\"url\":\"https:\/\/www.emoliquids.com\/\",\"logo\":{\"@type\":\"ImageObject\",\"inLanguage\":\"nl-NL\",\"@id\":\"https:\/\/www.emoliquids.com\/#\/schema\/logo\/image\/\",\"url\":\"https:\/\/www.emoliquids.com\/wp-content\/uploads\/2016\/12\/cropped-emoliquids-logo-2017-retina-light.png\",\"contentUrl\":\"https:\/\/www.emoliquids.com\/wp-content\/uploads\/2016\/12\/cropped-emoliquids-logo-2017-retina-light.png\",\"width\":1000,\"height\":274,\"caption\":\"Emoliquids\"},\"image\":{\"@id\":\"https:\/\/www.emoliquids.com\/#\/schema\/logo\/image\/\"},\"sameAs\":[\"https:\/\/www.facebook.com\/emoliquids\/\"]}]}<\/script>\n<!-- \/ Yoast SEO plugin. -->","yoast_head_json":{"title":"Kantoren - Emoliquids","robots":{"index":"index","follow":"follow","max-snippet":"max-snippet:-1","max-image-preview":"max-image-preview:large","max-video-preview":"max-video-preview:-1"},"canonical":"https:\/\/www.emoliquids.com\/nl\/segmenten\/kantoren\/","og_locale":"nl_NL","og_type":"article","og_title":"Kantoren - Emoliquids","og_description":"[vc_row full_width=&#8221;&#8221; parallax=&#8221;&#8221; parallax_image=&#8221;&#8221; css=&#8221;.vc_custom_1726088748512{margin-top: 100px !important;}&#8221;][vc_column][vc_column_text c_id=&#8221;.vc_1693258173672&#8243;] Begeuren van kantoorruimtes Een tevreden werknemer is een productieve werknemer en de werkomgeving speelt hierbij een grote rol. Een schone lucht zonder schadelijke stoffen of vervelende luchtjes is cruciaal voor de gezondheid, veiligheid en comfort van uw werknemers. Het draagt bij aan een inspirerende omgeving waar werknemers [&hellip;]","og_url":"https:\/\/www.emoliquids.com\/nl\/segmenten\/kantoren\/","og_site_name":"Emoliquids","article_publisher":"https:\/\/www.facebook.com\/emoliquids\/","article_modified_time":"2024-09-11T21:05:55+00:00","og_image":[{"url":"https:\/\/www.emoliquids.com\/wp-content\/uploads\/2015\/02\/logo-normal-hd.png","type":"","width":"","height":""}],"twitter_misc":{"Geschatte leestijd":"2 minuten"},"schema":{"@context":"https:\/\/schema.org","@graph":[{"@type":"WebPage","@id":"https:\/\/www.emoliquids.com\/nl\/segmenten\/kantoren\/","url":"https:\/\/www.emoliquids.com\/nl\/segmenten\/kantoren\/","name":"Kantoren - Emoliquids","isPartOf":{"@id":"https:\/\/www.emoliquids.com\/#website"},"datePublished":"2015-05-11T07:52:30+00:00","dateModified":"2024-09-11T21:05:55+00:00","breadcrumb":{"@id":"https:\/\/www.emoliquids.com\/nl\/segmenten\/kantoren\/#breadcrumb"},"inLanguage":"nl-NL","potentialAction":[{"@type":"ReadAction","target":["https:\/\/www.emoliquids.com\/nl\/segmenten\/kantoren\/"]}]},{"@type":"BreadcrumbList","@id":"https:\/\/www.emoliquids.com\/nl\/segmenten\/kantoren\/#breadcrumb","itemListElement":[{"@type":"ListItem","position":1,"name":"Home","item":"https:\/\/www.emoliquids.com\/nl\/"},{"@type":"ListItem","position":2,"name":"Segmenten","item":"https:\/\/www.emoliquids.com\/nl\/segmenten\/"},{"@type":"ListItem","position":3,"name":"Kantoren"}]},{"@type":"WebSite","@id":"https:\/\/www.emoliquids.com\/#website","url":"https:\/\/www.emoliquids.com\/","name":"Emoliquids","description":"","publisher":{"@id":"https:\/\/www.emoliquids.com\/#organization"},"potentialAction":[{"@type":"SearchAction","target":{"@type":"EntryPoint","urlTemplate":"https:\/\/www.emoliquids.com\/?s={search_term_string}"},"query-input":{"@type":"PropertyValueSpecification","valueRequired":true,"valueName":"search_term_string"}}],"inLanguage":"nl-NL"},{"@type":"Organization","@id":"https:\/\/www.emoliquids.com\/#organization","name":"Emoliquids","url":"https:\/\/www.emoliquids.com\/","logo":{"@type":"ImageObject","inLanguage":"nl-NL","@id":"https:\/\/www.emoliquids.com\/#\/schema\/logo\/image\/","url":"https:\/\/www.emoliquids.com\/wp-content\/uploads\/2016\/12\/cropped-emoliquids-logo-2017-retina-light.png","contentUrl":"https:\/\/www.emoliquids.com\/wp-content\/uploads\/2016\/12\/cropped-emoliquids-logo-2017-retina-light.png","width":1000,"height":274,"caption":"Emoliquids"},"image":{"@id":"https:\/\/www.emoliquids.com\/#\/schema\/logo\/image\/"},"sameAs":["https:\/\/www.facebook.com\/emoliquids\/"]}]}},"_links":{"self":[{"href":"https:\/\/www.emoliquids.com\/nl\/wp-json\/wp\/v2\/pages\/2669","targetHints":{"allow":["GET"]}}],"collection":[{"href":"https:\/\/www.emoliquids.com\/nl\/wp-json\/wp\/v2\/pages"}],"about":[{"href":"https:\/\/www.emoliquids.com\/nl\/wp-json\/wp\/v2\/types\/page"}],"author":[{"embeddable":true,"href":"https:\/\/www.emoliquids.com\/nl\/wp-json\/wp\/v2\/users\/2"}],"replies":[{"embeddable":true,"href":"https:\/\/www.emoliquids.com\/nl\/wp-json\/wp\/v2\/comments?post=2669"}],"version-history":[{"count":4,"href":"https:\/\/www.emoliquids.com\/nl\/wp-json\/wp\/v2\/pages\/2669\/revisions"}],"predecessor-version":[{"id":5608,"href":"https:\/\/www.emoliquids.com\/nl\/wp-json\/wp\/v2\/pages\/2669\/revisions\/5608"}],"up":[{"embeddable":true,"href":"https:\/\/www.emoliquids.com\/nl\/wp-json\/wp\/v2\/pages\/2648"}],"wp:attachment":[{"href":"https:\/\/www.emoliquids.com\/nl\/wp-json\/wp\/v2\/media?parent=2669"}],"curies":[{"name":"wp","href":"https:\/\/api.w.org\/{rel}","templated":true}]}}