{"id":2650,"date":"2015-05-11T10:06:38","date_gmt":"2015-05-11T07:52:30","guid":{"rendered":"https:\/\/www.emoliquids.com\/segments\/transport\/"},"modified":"2024-09-11T23:07:33","modified_gmt":"2024-09-11T21:07:33","slug":"transport","status":"publish","type":"page","link":"https:\/\/www.emoliquids.com\/nl\/segmenten\/transport\/","title":{"rendered":"Transport"},"content":{"rendered":"<div class=\"wpb-content-wrapper\"><p>[vc_row full_width=&#8221;&#8221; parallax=&#8221;&#8221; parallax_image=&#8221;&#8221; css=&#8221;.vc_custom_1726088845719{margin-top: 100px !important;}&#8221;][vc_column][vc_column_text c_id=&#8221;.vc_1693258373780&#8243;]<\/p>\n<h3>Geuroplossingen voor vervoersbedrijven<\/h3>\n<p>Om toepassingen van geur in de vervoersindustrie te zien moeten we teruggaan naar 1959 toen de metro in Parijs de geur van anjers in de treinen verspreidde om een gevoel van comfort en welzijn te cre\u00eberen. Vandaag de dag is geur nog belangrijker geworden voor vervoersmaatschappijen. Of het nu gaat om het cre\u00eberen van een luxueuze of rustgevende sfeer of het bieden van een hygi\u00ebnische en veilige omgeving voor reizigers. Het toepassen van een prettige en inspirerende geur kan de oplossing bieden.<\/p>\n<p>Emoliquids is een wereldleider in het meedenken met onze klanten om de perfecte geur te vinden. Onze gepatenteerde technologie in combinatie met HVAC (begeuren door ventilatie \/ airco-systemen) stelt ons in staat unieke geuroplossingen aan te bieden aan een breed scala van klanten.<\/p>\n<h3>Geur als onderdeel van merkstrategi\u00ebn<\/h3>\n<p>Geurmarketing wordt meer en meer toegepast als onderdeel van merkstrategi\u00ebn. Emoliquids heeft voor verschillende bedrijven inclusief P&amp;O Carnival Cruises en Qantas exclusieve signatuurgeuren ontwikkeld. Elke individuele geur werd specifiek ontwikkeld in samenspraak met de klanten om een unieke beleving te cre\u00eberen voor hun reizigers. Voor Qantas was het belangrijk een eigen geur te hebben met het oog op klantenbehoud, innovatie en het voorblijven van de concurrentie. Deze geur is nu in verschillende Qantas business lounges te bewonderen. P&amp;O Carnival Cruises zocht daarentegen een eigen geur die het ultieme vakantiegevoel belichaamde, een geur die reizigers zou bijblijven tot ver na de reis.<\/p>\n<p>Onze specialisaties bevatten het begeuren van metro stations \/ vervoer, cruise schepen, luchthaven lounges. Vanwege ons grote netwerk van distributeurs en het bereik van de producten zijn wij in staat om de behoeften van bedrijven van alle soorten en maten te voldoen.[\/vc_column_text][\/vc_column][\/vc_row][vc_row full_width=&#8221;&#8221; parallax=&#8221;&#8221; parallax_image=&#8221;&#8221;][vc_column][vc_separator][vc_column_text c_id=&#8221;.vc_1431945647237&#8243;]<\/p>\n<h3 style=\"text-align: center;\">Geurfeit<\/h3>\n<h4 style=\"text-align: center;\">Wetenschappelijk onderzoek heeft aangetoond dat het verspreiden van geuren zoals lavendel stemmingen kunnen reguleren en stress kunnen verminderen.<\/h4>\n<p>[\/vc_column_text][vc_separator][\/vc_column][\/vc_row][vc_row full_width=&#8221;&#8221; parallax=&#8221;&#8221; parallax_image=&#8221;&#8221;][vc_column][vc_column_text c_id=&#8221;.vc_1431945669092&#8243;]<\/p>\n<h3 style=\"text-align: center;\">Voordelen van geur<\/h3>\n<p>[\/vc_column_text][\/vc_column][\/vc_row][vc_row full_width=&#8221;&#8221; parallax=&#8221;&#8221; parallax_image=&#8221;&#8221;][vc_column width=&#8221;1\/3&#8243;][vc_column_text c_id=&#8221;.vc_1431945695887&#8243;]<\/p>\n<h4>Ontspannen omgeving<\/h4>\n<p>Het verspreiden van een geur kan zenuwachtige en ge\u00efrriteerde reizigers kalmeren.[\/vc_column_text][\/vc_column][vc_column width=&#8221;1\/3&#8243;][vc_column_text c_id=&#8221;.vc_1431945723749&#8243;]<\/p>\n<h4>Gevoel van luxe<\/h4>\n<p>Het begeuren van business class en first class lounges voegt prestige en luxe toe aan de beleving van de reiziger.[\/vc_column_text][\/vc_column][vc_column width=&#8221;1\/3&#8243;][vc_column_text c_id=&#8221;.vc_1431945755828&#8243;]<\/p>\n<h4>Veiligheid en comfort<\/h4>\n<p>Reizigers geven vervoersbedrijven een hogere waardering voor de veiligheid en comfort van het vervoersproduct als er een prettige geur hangt.[\/vc_column_text][\/vc_column][\/vc_row][vc_row disable_element=&#8221;yes&#8221; full_width=&#8221;&#8221; parallax=&#8221;&#8221; parallax_image=&#8221;&#8221;][vc_column][vc_column_text c_id=&#8221;.vc_1431945770174&#8243;]<\/p>\n<h3 style=\"text-align: center;\">Klanten<\/h3>\n<p>[\/vc_column_text][\/vc_column][\/vc_row][vc_row disable_element=&#8221;yes&#8221; full_width=&#8221;&#8221; parallax=&#8221;&#8221; parallax_image=&#8221;&#8221;][vc_column width=&#8221;1\/3&#8243;][vc_single_image image=&#8221;2493&#8243; alignment=&#8221;center&#8221; style=&#8221;vc_box_rounded&#8221; css_animation=&#8221;left-to-right&#8221; img_size=&#8221;thumbnail&#8221;][vc_column_text c_id=&#8221;.vc_1431334038674&#8243;]<\/p>\n<h4 style=\"text-align: center;\">Carnival Cruises<\/h4>\n<p>[\/vc_column_text][\/vc_column][vc_column width=&#8221;1\/3&#8243;][vc_single_image image=&#8221;2496&#8243; alignment=&#8221;center&#8221; style=&#8221;vc_box_rounded&#8221; css_animation=&#8221;bottom-to-top&#8221; img_size=&#8221;thumbnail&#8221;][vc_column_text c_id=&#8221;.vc_1431334048263&#8243;]<\/p>\n<h4 style=\"text-align: center;\">Indian Railway<\/h4>\n<p>[\/vc_column_text][\/vc_column][vc_column width=&#8221;1\/3&#8243;][vc_single_image image=&#8221;2499&#8243; alignment=&#8221;center&#8221; style=&#8221;vc_box_rounded&#8221; css_animation=&#8221;right-to-left&#8221; img_size=&#8221;thumbnail&#8221;][vc_column_text c_id=&#8221;.vc_1431334056738&#8243;]<\/p>\n<h4 style=\"text-align: center;\">Qantas<\/h4>\n<p>[\/vc_column_text][\/vc_column][\/vc_row]<\/p>\n<\/div>","protected":false},"excerpt":{"rendered":"<p>[vc_row full_width=&#8221;&#8221; parallax=&#8221;&#8221; parallax_image=&#8221;&#8221; css=&#8221;.vc_custom_1726088845719{margin-top: 100px !important;}&#8221;][vc_column][vc_column_text c_id=&#8221;.vc_1693258373780&#8243;] Geuroplossingen voor vervoersbedrijven Om toepassingen van geur in de vervoersindustrie te zien moeten we teruggaan naar 1959 toen de metro in Parijs de geur van anjers in de treinen verspreidde om een gevoel van comfort en welzijn te cre\u00eberen. Vandaag de dag is geur nog belangrijker geworden [&hellip;]<\/p>\n","protected":false},"author":2,"featured_media":0,"parent":2648,"menu_order":0,"comment_status":"closed","ping_status":"closed","template":"","meta":{"om_disable_all_campaigns":false,"ocean_post_layout":"","ocean_both_sidebars_style":"","ocean_both_sidebars_content_width":0,"ocean_both_sidebars_sidebars_width":0,"ocean_sidebar":"cs-1","ocean_second_sidebar":"0","ocean_disable_margins":"enable","ocean_add_body_class":"","ocean_shortcode_before_top_bar":"","ocean_shortcode_after_top_bar":"","ocean_shortcode_before_header":"","ocean_shortcode_after_header":"","ocean_has_shortcode":"","ocean_shortcode_after_title":"","ocean_shortcode_before_footer_widgets":"","ocean_shortcode_after_footer_widgets":"","ocean_shortcode_before_footer_bottom":"","ocean_shortcode_after_footer_bottom":"","ocean_display_top_bar":"default","ocean_display_header":"default","ocean_header_style":"","ocean_center_header_left_menu":"0","ocean_custom_header_template":"0","ocean_custom_logo":0,"ocean_custom_retina_logo":0,"ocean_custom_logo_max_width":0,"ocean_custom_logo_tablet_max_width":0,"ocean_custom_logo_mobile_max_width":0,"ocean_custom_logo_max_height":0,"ocean_custom_logo_tablet_max_height":0,"ocean_custom_logo_mobile_max_height":0,"ocean_header_custom_menu":"0","ocean_menu_typo_font_family":"0","ocean_menu_typo_font_subset":"","ocean_menu_typo_font_size":0,"ocean_menu_typo_font_size_tablet":0,"ocean_menu_typo_font_size_mobile":0,"ocean_menu_typo_font_size_unit":"px","ocean_menu_typo_font_weight":"","ocean_menu_typo_font_weight_tablet":"","ocean_menu_typo_font_weight_mobile":"","ocean_menu_typo_transform":"","ocean_menu_typo_transform_tablet":"","ocean_menu_typo_transform_mobile":"","ocean_menu_typo_line_height":0,"ocean_menu_typo_line_height_tablet":0,"ocean_menu_typo_line_height_mobile":0,"ocean_menu_typo_line_height_unit":"","ocean_menu_typo_spacing":0,"ocean_menu_typo_spacing_tablet":0,"ocean_menu_typo_spacing_mobile":0,"ocean_menu_typo_spacing_unit":"","ocean_menu_link_color":"","ocean_menu_link_color_hover":"","ocean_menu_link_color_active":"","ocean_menu_link_background":"","ocean_menu_link_hover_background":"","ocean_menu_link_active_background":"","ocean_menu_social_links_bg":"","ocean_menu_social_hover_links_bg":"","ocean_menu_social_links_color":"","ocean_menu_social_hover_links_color":"","ocean_disable_title":"on","ocean_disable_heading":"default","ocean_post_title":"","ocean_post_subheading":"","ocean_post_title_style":"","ocean_post_title_background_color":"","ocean_post_title_background":0,"ocean_post_title_bg_image_position":"","ocean_post_title_bg_image_attachment":"","ocean_post_title_bg_image_repeat":"","ocean_post_title_bg_image_size":"","ocean_post_title_height":0,"ocean_post_title_bg_overlay":0.5,"ocean_post_title_bg_overlay_color":"","ocean_disable_breadcrumbs":"default","ocean_breadcrumbs_color":"","ocean_breadcrumbs_separator_color":"","ocean_breadcrumbs_links_color":"","ocean_breadcrumbs_links_hover_color":"","ocean_display_footer_widgets":"default","ocean_display_footer_bottom":"default","ocean_custom_footer_template":"0","footnotes":""},"class_list":["post-2650","page","type-page","status-publish","hentry","entry"],"yoast_head":"<!-- This site is optimized with the Yoast SEO plugin v27.2 - https:\/\/yoast.com\/product\/yoast-seo-wordpress\/ -->\n<title>Transport - Emoliquids<\/title>\n<meta name=\"robots\" content=\"index, follow, max-snippet:-1, max-image-preview:large, max-video-preview:-1\" \/>\n<link rel=\"canonical\" href=\"https:\/\/www.emoliquids.com\/nl\/segmenten\/transport\/\" \/>\n<meta property=\"og:locale\" content=\"nl_NL\" \/>\n<meta property=\"og:type\" content=\"article\" \/>\n<meta property=\"og:title\" content=\"Transport - Emoliquids\" \/>\n<meta property=\"og:description\" content=\"[vc_row full_width=&#8221;&#8221; parallax=&#8221;&#8221; parallax_image=&#8221;&#8221; css=&#8221;.vc_custom_1726088845719{margin-top: 100px !important;}&#8221;][vc_column][vc_column_text c_id=&#8221;.vc_1693258373780&#8243;] Geuroplossingen voor vervoersbedrijven Om toepassingen van geur in de vervoersindustrie te zien moeten we teruggaan naar 1959 toen de metro in Parijs de geur van anjers in de treinen verspreidde om een gevoel van comfort en welzijn te cre\u00eberen. Vandaag de dag is geur nog belangrijker geworden [&hellip;]\" \/>\n<meta property=\"og:url\" content=\"https:\/\/www.emoliquids.com\/nl\/segmenten\/transport\/\" \/>\n<meta property=\"og:site_name\" content=\"Emoliquids\" \/>\n<meta property=\"article:publisher\" content=\"https:\/\/www.facebook.com\/emoliquids\/\" \/>\n<meta property=\"article:modified_time\" content=\"2024-09-11T21:07:33+00:00\" \/>\n<meta property=\"og:image\" content=\"https:\/\/www.emoliquids.com\/wp-content\/uploads\/2015\/02\/logo-normal-hd.png\" \/>\n<meta name=\"twitter:label1\" content=\"Geschatte leestijd\" \/>\n\t<meta name=\"twitter:data1\" content=\"3 minuten\" \/>\n<script type=\"application\/ld+json\" class=\"yoast-schema-graph\">{\"@context\":\"https:\/\/schema.org\",\"@graph\":[{\"@type\":\"WebPage\",\"@id\":\"https:\/\/www.emoliquids.com\/nl\/segmenten\/transport\/\",\"url\":\"https:\/\/www.emoliquids.com\/nl\/segmenten\/transport\/\",\"name\":\"Transport - Emoliquids\",\"isPartOf\":{\"@id\":\"https:\/\/www.emoliquids.com\/#website\"},\"datePublished\":\"2015-05-11T07:52:30+00:00\",\"dateModified\":\"2024-09-11T21:07:33+00:00\",\"breadcrumb\":{\"@id\":\"https:\/\/www.emoliquids.com\/nl\/segmenten\/transport\/#breadcrumb\"},\"inLanguage\":\"nl-NL\",\"potentialAction\":[{\"@type\":\"ReadAction\",\"target\":[\"https:\/\/www.emoliquids.com\/nl\/segmenten\/transport\/\"]}]},{\"@type\":\"BreadcrumbList\",\"@id\":\"https:\/\/www.emoliquids.com\/nl\/segmenten\/transport\/#breadcrumb\",\"itemListElement\":[{\"@type\":\"ListItem\",\"position\":1,\"name\":\"Home\",\"item\":\"https:\/\/www.emoliquids.com\/nl\/\"},{\"@type\":\"ListItem\",\"position\":2,\"name\":\"Segmenten\",\"item\":\"https:\/\/www.emoliquids.com\/nl\/segmenten\/\"},{\"@type\":\"ListItem\",\"position\":3,\"name\":\"Transport\"}]},{\"@type\":\"WebSite\",\"@id\":\"https:\/\/www.emoliquids.com\/#website\",\"url\":\"https:\/\/www.emoliquids.com\/\",\"name\":\"Emoliquids\",\"description\":\"\",\"publisher\":{\"@id\":\"https:\/\/www.emoliquids.com\/#organization\"},\"potentialAction\":[{\"@type\":\"SearchAction\",\"target\":{\"@type\":\"EntryPoint\",\"urlTemplate\":\"https:\/\/www.emoliquids.com\/?s={search_term_string}\"},\"query-input\":{\"@type\":\"PropertyValueSpecification\",\"valueRequired\":true,\"valueName\":\"search_term_string\"}}],\"inLanguage\":\"nl-NL\"},{\"@type\":\"Organization\",\"@id\":\"https:\/\/www.emoliquids.com\/#organization\",\"name\":\"Emoliquids\",\"url\":\"https:\/\/www.emoliquids.com\/\",\"logo\":{\"@type\":\"ImageObject\",\"inLanguage\":\"nl-NL\",\"@id\":\"https:\/\/www.emoliquids.com\/#\/schema\/logo\/image\/\",\"url\":\"https:\/\/www.emoliquids.com\/wp-content\/uploads\/2016\/12\/cropped-emoliquids-logo-2017-retina-light.png\",\"contentUrl\":\"https:\/\/www.emoliquids.com\/wp-content\/uploads\/2016\/12\/cropped-emoliquids-logo-2017-retina-light.png\",\"width\":1000,\"height\":274,\"caption\":\"Emoliquids\"},\"image\":{\"@id\":\"https:\/\/www.emoliquids.com\/#\/schema\/logo\/image\/\"},\"sameAs\":[\"https:\/\/www.facebook.com\/emoliquids\/\"]}]}<\/script>\n<!-- \/ Yoast SEO plugin. -->","yoast_head_json":{"title":"Transport - Emoliquids","robots":{"index":"index","follow":"follow","max-snippet":"max-snippet:-1","max-image-preview":"max-image-preview:large","max-video-preview":"max-video-preview:-1"},"canonical":"https:\/\/www.emoliquids.com\/nl\/segmenten\/transport\/","og_locale":"nl_NL","og_type":"article","og_title":"Transport - Emoliquids","og_description":"[vc_row full_width=&#8221;&#8221; parallax=&#8221;&#8221; parallax_image=&#8221;&#8221; css=&#8221;.vc_custom_1726088845719{margin-top: 100px !important;}&#8221;][vc_column][vc_column_text c_id=&#8221;.vc_1693258373780&#8243;] Geuroplossingen voor vervoersbedrijven Om toepassingen van geur in de vervoersindustrie te zien moeten we teruggaan naar 1959 toen de metro in Parijs de geur van anjers in de treinen verspreidde om een gevoel van comfort en welzijn te cre\u00eberen. Vandaag de dag is geur nog belangrijker geworden [&hellip;]","og_url":"https:\/\/www.emoliquids.com\/nl\/segmenten\/transport\/","og_site_name":"Emoliquids","article_publisher":"https:\/\/www.facebook.com\/emoliquids\/","article_modified_time":"2024-09-11T21:07:33+00:00","og_image":[{"url":"https:\/\/www.emoliquids.com\/wp-content\/uploads\/2015\/02\/logo-normal-hd.png","type":"","width":"","height":""}],"twitter_misc":{"Geschatte leestijd":"3 minuten"},"schema":{"@context":"https:\/\/schema.org","@graph":[{"@type":"WebPage","@id":"https:\/\/www.emoliquids.com\/nl\/segmenten\/transport\/","url":"https:\/\/www.emoliquids.com\/nl\/segmenten\/transport\/","name":"Transport - Emoliquids","isPartOf":{"@id":"https:\/\/www.emoliquids.com\/#website"},"datePublished":"2015-05-11T07:52:30+00:00","dateModified":"2024-09-11T21:07:33+00:00","breadcrumb":{"@id":"https:\/\/www.emoliquids.com\/nl\/segmenten\/transport\/#breadcrumb"},"inLanguage":"nl-NL","potentialAction":[{"@type":"ReadAction","target":["https:\/\/www.emoliquids.com\/nl\/segmenten\/transport\/"]}]},{"@type":"BreadcrumbList","@id":"https:\/\/www.emoliquids.com\/nl\/segmenten\/transport\/#breadcrumb","itemListElement":[{"@type":"ListItem","position":1,"name":"Home","item":"https:\/\/www.emoliquids.com\/nl\/"},{"@type":"ListItem","position":2,"name":"Segmenten","item":"https:\/\/www.emoliquids.com\/nl\/segmenten\/"},{"@type":"ListItem","position":3,"name":"Transport"}]},{"@type":"WebSite","@id":"https:\/\/www.emoliquids.com\/#website","url":"https:\/\/www.emoliquids.com\/","name":"Emoliquids","description":"","publisher":{"@id":"https:\/\/www.emoliquids.com\/#organization"},"potentialAction":[{"@type":"SearchAction","target":{"@type":"EntryPoint","urlTemplate":"https:\/\/www.emoliquids.com\/?s={search_term_string}"},"query-input":{"@type":"PropertyValueSpecification","valueRequired":true,"valueName":"search_term_string"}}],"inLanguage":"nl-NL"},{"@type":"Organization","@id":"https:\/\/www.emoliquids.com\/#organization","name":"Emoliquids","url":"https:\/\/www.emoliquids.com\/","logo":{"@type":"ImageObject","inLanguage":"nl-NL","@id":"https:\/\/www.emoliquids.com\/#\/schema\/logo\/image\/","url":"https:\/\/www.emoliquids.com\/wp-content\/uploads\/2016\/12\/cropped-emoliquids-logo-2017-retina-light.png","contentUrl":"https:\/\/www.emoliquids.com\/wp-content\/uploads\/2016\/12\/cropped-emoliquids-logo-2017-retina-light.png","width":1000,"height":274,"caption":"Emoliquids"},"image":{"@id":"https:\/\/www.emoliquids.com\/#\/schema\/logo\/image\/"},"sameAs":["https:\/\/www.facebook.com\/emoliquids\/"]}]}},"_links":{"self":[{"href":"https:\/\/www.emoliquids.com\/nl\/wp-json\/wp\/v2\/pages\/2650","targetHints":{"allow":["GET"]}}],"collection":[{"href":"https:\/\/www.emoliquids.com\/nl\/wp-json\/wp\/v2\/pages"}],"about":[{"href":"https:\/\/www.emoliquids.com\/nl\/wp-json\/wp\/v2\/types\/page"}],"author":[{"embeddable":true,"href":"https:\/\/www.emoliquids.com\/nl\/wp-json\/wp\/v2\/users\/2"}],"replies":[{"embeddable":true,"href":"https:\/\/www.emoliquids.com\/nl\/wp-json\/wp\/v2\/comments?post=2650"}],"version-history":[{"count":4,"href":"https:\/\/www.emoliquids.com\/nl\/wp-json\/wp\/v2\/pages\/2650\/revisions"}],"predecessor-version":[{"id":5611,"href":"https:\/\/www.emoliquids.com\/nl\/wp-json\/wp\/v2\/pages\/2650\/revisions\/5611"}],"up":[{"embeddable":true,"href":"https:\/\/www.emoliquids.com\/nl\/wp-json\/wp\/v2\/pages\/2648"}],"wp:attachment":[{"href":"https:\/\/www.emoliquids.com\/nl\/wp-json\/wp\/v2\/media?parent=2650"}],"curies":[{"name":"wp","href":"https:\/\/api.w.org\/{rel}","templated":true}]}}