{"id":4495,"date":"2014-10-02T01:04:04","date_gmt":"2014-10-02T01:04:04","guid":{"rendered":"https:\/\/www.emoliquids.com\/fr\/about-us\/"},"modified":"2024-09-11T23:14:16","modified_gmt":"2024-09-11T21:14:16","slug":"a-propos-de-nous","status":"publish","type":"page","link":"https:\/\/www.emoliquids.com\/fr\/a-propos-de-nous\/","title":{"rendered":"A propos de nous"},"content":{"rendered":"<div class=\"wpb-content-wrapper\"><p>[vc_row p_top=\u00a0\u00bb120&Prime; m_bottom=\u00a0\u00bb120&Prime; css=\u00a0\u00bb.vc_custom_1726089246853{margin-top: 100px !important;}\u00a0\u00bb][vc_column][vc_column_text c_id=\u00a0\u00bb.vc_1479119611645&Prime;]<\/p>\n<h2>Notre m\u00e9thodologie<\/h2>\n<p>Nos solutions olfactives est toujours une solution adapt\u00e9e aux besoins \u00e0 nos clients.<\/p>\n<p>Ensemble, nous cr\u00e9ons une exp\u00e9rience unique et une exp\u00e9rience de shopping compl\u00e8te pour vos clients.<\/p>\n<h2>Comment proc\u00e9dons-nous ?<\/h2>\n<p>Pour obtenir une image globale du processus d&rsquo;achat que vos clients traversent, nous venons chez vous pour impr\u00e9gner l&rsquo;atmosph\u00e8re.\u00a0\u00a0 Sur base de cette impression nous organisons avec vous ou dans notre salle d&rsquo;exposition une \u00ab D\u00e9gustation d\u2019Ar\u00f4me !\u00a0\u00bb<\/p>\n<p>Au cours de cette d\u00e9gustation d\u2019Ar\u00f4me nous d\u00e9terminons le choix de parfum pour votre magasin, et le diffuseur qui r\u00e9pond voyager aux mieux \u00e0 vos besoins.<\/p>\n<ul>\n<li>Notre expertise et notre exp\u00e9rience dans diff\u00e9rentes fonctions, combin\u00e9e avec notre d\u00e9sir de surpasser les objectifs et les strat\u00e9gies de marque de nos clients, entra\u00eene <strong>la cr\u00e9ation d&rsquo;environnements olfactifs parfaits<\/strong> pour nos clients et leurs visiteurs.<\/li>\n<li>Les Ar\u00f4mes nous emm\u00e8nent directement vers nos souvenirs et nos fantasmes qui sont pour toujours m\u00e9moris\u00e9 et programm\u00e9 dans notre esprit.\u00a0 Ensemble avec nos clients, nous souhaitons accentuer et cr\u00e9er <strong>cette exp\u00e9rience unique<\/strong>.<\/li>\n<\/ul>\n<h2>Pourquoi Emoliquids?<\/h2>\n<ul>\n<li>Nous mettons notre client et votre client central, nous ne sommes pas occup\u00e9s avec nous-m\u00eames mais avec nos clients.<\/li>\n<li>Nous travaillons avec la meilleure technologie brevet\u00e9e et les meilleurs parfums de qualit\u00e9<\/li>\n<li>Nous recherchons des solutions originales et innovantes<\/li>\n<li>Nous nous sommes engag\u00e9s \u00e0 la recherche et le d\u00e9veloppement, et toujours \u00e0 la rechercher d\u2019am\u00e9liorer nos produits et services<\/li>\n<li>Nous savons comment vous pouvez vous d\u00e9marquer de vos concurrents<\/li>\n<\/ul>\n<p>[\/vc_column_text][\/vc_column][\/vc_row][vc_row width=\u00a0\u00bbfull\u00a0\u00bb bg_color_row=\u00a0\u00bb#f7f7f7&Prime; p_top=\u00a0\u00bb120&Prime; p_bottom=\u00a0\u00bb120&Prime; m_bottom=\u00a0\u00bb120&Prime;][vc_column width=\u00a0\u00bb1\/2&Prime;][ivan_staff image_id=\u00a0\u00bb1722&Prime; template=\u00a0\u00bbwhite-boxed\u00a0\u00bb c_id=\u00a0\u00bb.vc_1424270927279&Prime; block_css=\u00a0\u00bbpadding-top:20px;\u00a0\u00bb name=\u00a0\u00bbNico Joly\u00a0\u00bb job_title=\u00a0\u00bbManaging Partner Emoliquids\u00a0\u00bb]<\/p>\n<p style=\"text-align: center;\">Head of Sales<br \/>\nSensoriel Marketing<br \/>\nTurnkey Projects<\/p>\n<p>[\/ivan_staff][\/vc_column][vc_column width=\u00a0\u00bb1\/2&Prime;][ivan_staff image_id=\u00a0\u00bb1721&Prime; template=\u00a0\u00bbwhite-boxed\u00a0\u00bb c_id=\u00a0\u00bb.vc_1515684449150&Prime; block_css=\u00a0\u00bbpadding-top:20px;\u00a0\u00bb name=\u00a0\u00bbErwin De Craim\u00a0\u00bb job_title=\u00a0\u00bbManaging Partner Emoliquids\u00a0\u00bb]<\/p>\n<p style=\"text-align: center;\">Head of Service<br \/>\nLogistics and Product Development<br \/>\n<a href=\"tel:+32 476 31 62 63\">+32 476 31 62 63<\/a><\/p>\n<p>[\/ivan_staff][\/vc_column][\/vc_row]<\/p>\n<\/div>","protected":false},"excerpt":{"rendered":"<p>[vc_row p_top=\u00a0\u00bb120&Prime; m_bottom=\u00a0\u00bb120&Prime; css=\u00a0\u00bb.vc_custom_1726089246853{margin-top: 100px !important;}\u00a0\u00bb][vc_column][vc_column_text c_id=\u00a0\u00bb.vc_1479119611645&Prime;] Notre m\u00e9thodologie Nos solutions olfactives est toujours une solution adapt\u00e9e aux besoins \u00e0 nos clients. Ensemble, nous cr\u00e9ons une exp\u00e9rience unique et une exp\u00e9rience de shopping compl\u00e8te pour vos clients. Comment proc\u00e9dons-nous ? Pour obtenir une image globale du processus d&rsquo;achat que vos clients traversent, nous venons chez [&hellip;]<\/p>\n","protected":false},"author":2,"featured_media":0,"parent":0,"menu_order":0,"comment_status":"closed","ping_status":"closed","template":"","meta":{"om_disable_all_campaigns":false,"ocean_post_layout":"full-width","ocean_both_sidebars_style":"","ocean_both_sidebars_content_width":0,"ocean_both_sidebars_sidebars_width":0,"ocean_sidebar":"0","ocean_second_sidebar":"0","ocean_disable_margins":"enable","ocean_add_body_class":"","ocean_shortcode_before_top_bar":"","ocean_shortcode_after_top_bar":"","ocean_shortcode_before_header":"","ocean_shortcode_after_header":"","ocean_has_shortcode":"","ocean_shortcode_after_title":"","ocean_shortcode_before_footer_widgets":"","ocean_shortcode_after_footer_widgets":"","ocean_shortcode_before_footer_bottom":"","ocean_shortcode_after_footer_bottom":"","ocean_display_top_bar":"default","ocean_display_header":"default","ocean_header_style":"","ocean_center_header_left_menu":"0","ocean_custom_header_template":"0","ocean_custom_logo":0,"ocean_custom_retina_logo":0,"ocean_custom_logo_max_width":0,"ocean_custom_logo_tablet_max_width":0,"ocean_custom_logo_mobile_max_width":0,"ocean_custom_logo_max_height":0,"ocean_custom_logo_tablet_max_height":0,"ocean_custom_logo_mobile_max_height":0,"ocean_header_custom_menu":"0","ocean_menu_typo_font_family":"0","ocean_menu_typo_font_subset":"","ocean_menu_typo_font_size":0,"ocean_menu_typo_font_size_tablet":0,"ocean_menu_typo_font_size_mobile":0,"ocean_menu_typo_font_size_unit":"px","ocean_menu_typo_font_weight":"","ocean_menu_typo_font_weight_tablet":"","ocean_menu_typo_font_weight_mobile":"","ocean_menu_typo_transform":"","ocean_menu_typo_transform_tablet":"","ocean_menu_typo_transform_mobile":"","ocean_menu_typo_line_height":0,"ocean_menu_typo_line_height_tablet":0,"ocean_menu_typo_line_height_mobile":0,"ocean_menu_typo_line_height_unit":"","ocean_menu_typo_spacing":0,"ocean_menu_typo_spacing_tablet":0,"ocean_menu_typo_spacing_mobile":0,"ocean_menu_typo_spacing_unit":"","ocean_menu_link_color":"","ocean_menu_link_color_hover":"","ocean_menu_link_color_active":"","ocean_menu_link_background":"","ocean_menu_link_hover_background":"","ocean_menu_link_active_background":"","ocean_menu_social_links_bg":"","ocean_menu_social_hover_links_bg":"","ocean_menu_social_links_color":"","ocean_menu_social_hover_links_color":"","ocean_disable_title":"on","ocean_disable_heading":"default","ocean_post_title":"","ocean_post_subheading":"","ocean_post_title_style":"","ocean_post_title_background_color":"","ocean_post_title_background":0,"ocean_post_title_bg_image_position":"","ocean_post_title_bg_image_attachment":"","ocean_post_title_bg_image_repeat":"","ocean_post_title_bg_image_size":"","ocean_post_title_height":0,"ocean_post_title_bg_overlay":0.5,"ocean_post_title_bg_overlay_color":"","ocean_disable_breadcrumbs":"default","ocean_breadcrumbs_color":"","ocean_breadcrumbs_separator_color":"","ocean_breadcrumbs_links_color":"","ocean_breadcrumbs_links_hover_color":"","ocean_display_footer_widgets":"default","ocean_display_footer_bottom":"default","ocean_custom_footer_template":"0","footnotes":""},"class_list":["post-4495","page","type-page","status-publish","hentry","entry"],"yoast_head":"<!-- This site is optimized with the Yoast SEO plugin v27.2 - https:\/\/yoast.com\/product\/yoast-seo-wordpress\/ -->\n<title>A propos de nous - Emoliquids<\/title>\n<meta name=\"robots\" content=\"index, follow, max-snippet:-1, max-image-preview:large, max-video-preview:-1\" \/>\n<link rel=\"canonical\" href=\"https:\/\/www.emoliquids.com\/fr\/a-propos-de-nous\/\" \/>\n<meta property=\"og:locale\" content=\"fr_FR\" \/>\n<meta property=\"og:type\" content=\"article\" \/>\n<meta property=\"og:title\" content=\"A propos de nous - Emoliquids\" \/>\n<meta property=\"og:description\" content=\"[vc_row p_top=\u00a0\u00bb120&Prime; m_bottom=\u00a0\u00bb120&Prime; css=\u00a0\u00bb.vc_custom_1726089246853{margin-top: 100px !important;}\u00a0\u00bb][vc_column][vc_column_text c_id=\u00a0\u00bb.vc_1479119611645&Prime;] Notre m\u00e9thodologie Nos solutions olfactives est toujours une solution adapt\u00e9e aux besoins \u00e0 nos clients. Ensemble, nous cr\u00e9ons une exp\u00e9rience unique et une exp\u00e9rience de shopping compl\u00e8te pour vos clients. Comment proc\u00e9dons-nous ? Pour obtenir une image globale du processus d&rsquo;achat que vos clients traversent, nous venons chez [&hellip;]\" \/>\n<meta property=\"og:url\" content=\"https:\/\/www.emoliquids.com\/fr\/a-propos-de-nous\/\" \/>\n<meta property=\"og:site_name\" content=\"Emoliquids\" \/>\n<meta property=\"article:publisher\" content=\"https:\/\/www.facebook.com\/emoliquids\/\" \/>\n<meta property=\"article:modified_time\" content=\"2024-09-11T21:14:16+00:00\" \/>\n<meta property=\"og:image\" content=\"https:\/\/www.emoliquids.com\/wp-content\/uploads\/2015\/02\/logo-normal-hd.png\" \/>\n<meta name=\"twitter:label1\" content=\"Dur\u00e9e de lecture estim\u00e9e\" \/>\n\t<meta name=\"twitter:data1\" content=\"2 minutes\" \/>\n<script type=\"application\/ld+json\" class=\"yoast-schema-graph\">{\"@context\":\"https:\/\/schema.org\",\"@graph\":[{\"@type\":\"WebPage\",\"@id\":\"https:\/\/www.emoliquids.com\/fr\/a-propos-de-nous\/\",\"url\":\"https:\/\/www.emoliquids.com\/fr\/a-propos-de-nous\/\",\"name\":\"A propos de nous - Emoliquids\",\"isPartOf\":{\"@id\":\"https:\/\/www.emoliquids.com\/#website\"},\"datePublished\":\"2014-10-02T01:04:04+00:00\",\"dateModified\":\"2024-09-11T21:14:16+00:00\",\"breadcrumb\":{\"@id\":\"https:\/\/www.emoliquids.com\/fr\/a-propos-de-nous\/#breadcrumb\"},\"inLanguage\":\"fr-FR\",\"potentialAction\":[{\"@type\":\"ReadAction\",\"target\":[\"https:\/\/www.emoliquids.com\/fr\/a-propos-de-nous\/\"]}]},{\"@type\":\"BreadcrumbList\",\"@id\":\"https:\/\/www.emoliquids.com\/fr\/a-propos-de-nous\/#breadcrumb\",\"itemListElement\":[{\"@type\":\"ListItem\",\"position\":1,\"name\":\"Home\",\"item\":\"https:\/\/www.emoliquids.com\/fr\/\"},{\"@type\":\"ListItem\",\"position\":2,\"name\":\"A propos de nous\"}]},{\"@type\":\"WebSite\",\"@id\":\"https:\/\/www.emoliquids.com\/#website\",\"url\":\"https:\/\/www.emoliquids.com\/\",\"name\":\"Emoliquids\",\"description\":\"\",\"publisher\":{\"@id\":\"https:\/\/www.emoliquids.com\/#organization\"},\"potentialAction\":[{\"@type\":\"SearchAction\",\"target\":{\"@type\":\"EntryPoint\",\"urlTemplate\":\"https:\/\/www.emoliquids.com\/?s={search_term_string}\"},\"query-input\":{\"@type\":\"PropertyValueSpecification\",\"valueRequired\":true,\"valueName\":\"search_term_string\"}}],\"inLanguage\":\"fr-FR\"},{\"@type\":\"Organization\",\"@id\":\"https:\/\/www.emoliquids.com\/#organization\",\"name\":\"Emoliquids\",\"url\":\"https:\/\/www.emoliquids.com\/\",\"logo\":{\"@type\":\"ImageObject\",\"inLanguage\":\"fr-FR\",\"@id\":\"https:\/\/www.emoliquids.com\/#\/schema\/logo\/image\/\",\"url\":\"https:\/\/www.emoliquids.com\/wp-content\/uploads\/2016\/12\/cropped-emoliquids-logo-2017-retina-light.png\",\"contentUrl\":\"https:\/\/www.emoliquids.com\/wp-content\/uploads\/2016\/12\/cropped-emoliquids-logo-2017-retina-light.png\",\"width\":1000,\"height\":274,\"caption\":\"Emoliquids\"},\"image\":{\"@id\":\"https:\/\/www.emoliquids.com\/#\/schema\/logo\/image\/\"},\"sameAs\":[\"https:\/\/www.facebook.com\/emoliquids\/\"]}]}<\/script>\n<!-- \/ Yoast SEO plugin. -->","yoast_head_json":{"title":"A propos de nous - Emoliquids","robots":{"index":"index","follow":"follow","max-snippet":"max-snippet:-1","max-image-preview":"max-image-preview:large","max-video-preview":"max-video-preview:-1"},"canonical":"https:\/\/www.emoliquids.com\/fr\/a-propos-de-nous\/","og_locale":"fr_FR","og_type":"article","og_title":"A propos de nous - Emoliquids","og_description":"[vc_row p_top=\u00a0\u00bb120&Prime; m_bottom=\u00a0\u00bb120&Prime; css=\u00a0\u00bb.vc_custom_1726089246853{margin-top: 100px !important;}\u00a0\u00bb][vc_column][vc_column_text c_id=\u00a0\u00bb.vc_1479119611645&Prime;] Notre m\u00e9thodologie Nos solutions olfactives est toujours une solution adapt\u00e9e aux besoins \u00e0 nos clients. Ensemble, nous cr\u00e9ons une exp\u00e9rience unique et une exp\u00e9rience de shopping compl\u00e8te pour vos clients. Comment proc\u00e9dons-nous ? Pour obtenir une image globale du processus d&rsquo;achat que vos clients traversent, nous venons chez [&hellip;]","og_url":"https:\/\/www.emoliquids.com\/fr\/a-propos-de-nous\/","og_site_name":"Emoliquids","article_publisher":"https:\/\/www.facebook.com\/emoliquids\/","article_modified_time":"2024-09-11T21:14:16+00:00","og_image":[{"url":"https:\/\/www.emoliquids.com\/wp-content\/uploads\/2015\/02\/logo-normal-hd.png","type":"","width":"","height":""}],"twitter_misc":{"Dur\u00e9e de lecture estim\u00e9e":"2 minutes"},"schema":{"@context":"https:\/\/schema.org","@graph":[{"@type":"WebPage","@id":"https:\/\/www.emoliquids.com\/fr\/a-propos-de-nous\/","url":"https:\/\/www.emoliquids.com\/fr\/a-propos-de-nous\/","name":"A propos de nous - Emoliquids","isPartOf":{"@id":"https:\/\/www.emoliquids.com\/#website"},"datePublished":"2014-10-02T01:04:04+00:00","dateModified":"2024-09-11T21:14:16+00:00","breadcrumb":{"@id":"https:\/\/www.emoliquids.com\/fr\/a-propos-de-nous\/#breadcrumb"},"inLanguage":"fr-FR","potentialAction":[{"@type":"ReadAction","target":["https:\/\/www.emoliquids.com\/fr\/a-propos-de-nous\/"]}]},{"@type":"BreadcrumbList","@id":"https:\/\/www.emoliquids.com\/fr\/a-propos-de-nous\/#breadcrumb","itemListElement":[{"@type":"ListItem","position":1,"name":"Home","item":"https:\/\/www.emoliquids.com\/fr\/"},{"@type":"ListItem","position":2,"name":"A propos de nous"}]},{"@type":"WebSite","@id":"https:\/\/www.emoliquids.com\/#website","url":"https:\/\/www.emoliquids.com\/","name":"Emoliquids","description":"","publisher":{"@id":"https:\/\/www.emoliquids.com\/#organization"},"potentialAction":[{"@type":"SearchAction","target":{"@type":"EntryPoint","urlTemplate":"https:\/\/www.emoliquids.com\/?s={search_term_string}"},"query-input":{"@type":"PropertyValueSpecification","valueRequired":true,"valueName":"search_term_string"}}],"inLanguage":"fr-FR"},{"@type":"Organization","@id":"https:\/\/www.emoliquids.com\/#organization","name":"Emoliquids","url":"https:\/\/www.emoliquids.com\/","logo":{"@type":"ImageObject","inLanguage":"fr-FR","@id":"https:\/\/www.emoliquids.com\/#\/schema\/logo\/image\/","url":"https:\/\/www.emoliquids.com\/wp-content\/uploads\/2016\/12\/cropped-emoliquids-logo-2017-retina-light.png","contentUrl":"https:\/\/www.emoliquids.com\/wp-content\/uploads\/2016\/12\/cropped-emoliquids-logo-2017-retina-light.png","width":1000,"height":274,"caption":"Emoliquids"},"image":{"@id":"https:\/\/www.emoliquids.com\/#\/schema\/logo\/image\/"},"sameAs":["https:\/\/www.facebook.com\/emoliquids\/"]}]}},"_links":{"self":[{"href":"https:\/\/www.emoliquids.com\/fr\/wp-json\/wp\/v2\/pages\/4495","targetHints":{"allow":["GET"]}}],"collection":[{"href":"https:\/\/www.emoliquids.com\/fr\/wp-json\/wp\/v2\/pages"}],"about":[{"href":"https:\/\/www.emoliquids.com\/fr\/wp-json\/wp\/v2\/types\/page"}],"author":[{"embeddable":true,"href":"https:\/\/www.emoliquids.com\/fr\/wp-json\/wp\/v2\/users\/2"}],"replies":[{"embeddable":true,"href":"https:\/\/www.emoliquids.com\/fr\/wp-json\/wp\/v2\/comments?post=4495"}],"version-history":[{"count":2,"href":"https:\/\/www.emoliquids.com\/fr\/wp-json\/wp\/v2\/pages\/4495\/revisions"}],"predecessor-version":[{"id":5624,"href":"https:\/\/www.emoliquids.com\/fr\/wp-json\/wp\/v2\/pages\/4495\/revisions\/5624"}],"wp:attachment":[{"href":"https:\/\/www.emoliquids.com\/fr\/wp-json\/wp\/v2\/media?parent=4495"}],"curies":[{"name":"wp","href":"https:\/\/api.w.org\/{rel}","templated":true}]}}