{"id":3833,"date":"2014-10-08T04:44:20","date_gmt":"2014-10-08T04:44:20","guid":{"rendered":"https:\/\/www.emoliquids.com\/fr\/header-semi-transparent\/"},"modified":"2024-09-11T23:47:45","modified_gmt":"2024-09-11T21:47:45","slug":"header-semi-transparent","status":"publish","type":"page","link":"https:\/\/www.emoliquids.com\/fr\/","title":{"rendered":"Home"},"content":{"rendered":"<div class=\"wpb-content-wrapper\"><p>[vc_row p_top=\u00a0\u00bb0&Prime; m_bottom=\u00a0\u00bb0&Prime;][vc_column][rev_slider_vc alias=\u00a0\u00bbhome-fr\u00a0\u00bb el_class=\u00a0\u00bbstyle-thin-outline\u00a0\u00bb][\/vc_column][\/vc_row][vc_row anchor=\u00a0\u00bbabout-section\u00a0\u00bb p_top=\u00a0\u00bb100&Prime; m_bottom=\u00a0\u00bb60&Prime;][vc_column][ivan_title title_tag=\u00a0\u00bbh2&Prime; c_id=\u00a0\u00bb.vc_1479223268474&Prime;]Odeurs ind\u00e9sirables[\/ivan_title][vc_column_text c_id=\u00a0\u00bb.vc_1693248917878&Prime;]<\/p>\n<p style=\"text-align: center;\">La fum\u00e9e de tabac, les odeurs de cuisine, moquette humide, quel que soit votre probl\u00e8me d\u2019odeur, l&rsquo;Emotec Solutions peut le r\u00e9soudre. Diffuser une des solutions brevet\u00e9es Emotec Solutions. Avec les diffuseurs Emoliquids \u00e0 air-froid vous \u00e9liminez les mauvaises odeurs sans recourir \u00e0 des produits chimiques agressifs ou autres solvants irritants.<\/p>\n<p style=\"text-align: center;\">L&rsquo;Emotec Solutions ne se limite pas \u00e0 couvrir les odeurs n\u00e9gatives, il les d\u00e9compose naturellement et neutralise l\u2019air. Cela rend la solution Emotec Solutions id\u00e9ale pour les clubs de fitness, les h\u00f4tels, , les centres de loisirs, les casinos et les night clubs. Emotec Solutions est disponible en trois versions, Emotec Solutions, Emotec Solutions Strong (sans odeur) et Emotec Solutions Fresh (Goyave \/ Concombre).<\/p>\n<p>[\/vc_column_text][\/vc_column][\/vc_row][vc_row width=\u00a0\u00bbno_cols_margin\u00a0\u00bb bg_color_row=\u00a0\u00bb#515151&Prime; m_bottom=\u00a0\u00bb0&Prime;][vc_column][ivan_projects ivan_img_size=\u00a0\u00bbivan_project_crop\u00a0\u00bb ivan_type=\u00a0\u00bbgrid\u00a0\u00bb ivan_enable_title=\u00a0\u00bbno\u00a0\u00bb ivan_open=\u00a0\u00bblightbox\u00a0\u00bb c_id=\u00a0\u00bb.vc_1703110369844&Prime;][\/vc_column][\/vc_row][vc_row p_top=\u00a0\u00bb80&Prime; m_bottom=\u00a0\u00bb80&Prime; v_center=\u00a0\u00bbyes\u00a0\u00bb][vc_column width=\u00a0\u00bb2\/3&Prime;][ivan_title title_tag=\u00a0\u00bbh2&Prime; align=\u00a0\u00bbleft\u00a0\u00bb c_id=\u00a0\u00bb.vc_1424263326739&Prime;]Possibilities are endless[\/ivan_title][vc_column_text c_id=\u00a0\u00bb.vc_1424263339601&Prime;]Of the five senses that we possess, the last two &#8211; the chemical senses: taste and smell &#8211; are the most deep-rooted in our experiential world and psyche and, at the same time, the least understood.<\/p>\n<p>With the exception of the sensations of sweet, sour, bitter, salty, umami (savoury) &#8211; sensations which originate on the surface of the tongue &#8211; taste involves smelling through the back of the throat and, like the sense of smell, makes the connection through the nose and on to the most primitive parts of the brain via the olfactory epithelium.<\/p>\n<p>The resulting unique \u00ab\u00a0hard-wiring\u00a0\u00bb of these senses in humans leads to the \u00ab\u00a0transporting\u00a0\u00bb of our psyche to times and places long ago, with layers of memories both rich and full suddenly \u00ab\u00a0revived\u00a0\u00bb in such real and vivid detail that it is as if we had been transported instantly and magically back to that precise time.[\/vc_column_text][\/vc_column][vc_column width=\u00a0\u00bb1\/6&Prime;][ivan_counter sub=\u00a0\u00bbClients\u00a0\u00bb c_id=\u00a0\u00bb.vc_1726091257165&Prime;]896[\/ivan_counter][\/vc_column][vc_column width=\u00a0\u00bb1\/6&Prime;][ivan_counter sub=\u00a0\u00bbParfums\u00a0\u00bb c_id=\u00a0\u00bb.vc_1726091263412&Prime;]489[\/ivan_counter][\/vc_column][\/vc_row][vc_row disable_element=\u00a0\u00bbyes\u00a0\u00bb][vc_column][ivan_title title_tag=\u00a0\u00bbh2&Prime; c_id=\u00a0\u00bb.vc_1424263459177&Prime;]What do our customers say?[\/ivan_title][vc_empty_space height=\u00a0\u00bb30px\u00a0\u00bb][ivan_carousel ivan_columns=\u00a0\u00bb3&Prime; margin=\u00a0\u00bbnormal\u00a0\u00bb c_id=\u00a0\u00bb.vc_1412210404744&Prime;][ivan_testimonial image_id=\u00a0\u00bb487&Prime; q_style=\u00a0\u00bbboxed-left\u00a0\u00bb c_id=\u00a0\u00bb.vc_1424263511309&Prime; author=\u00a0\u00bbJack Smith\u00a0\u00bb desc=\u00a0\u00bbCompany\u00a0\u00bb]Lorem ipsum dolor sit amet, feugiat delicata liberavisse id cum, no quo maiorum intellegebat, liber regione eu sit. Mea cu case ludus integre, vide viderer eleifend ex mea. His ay diceret, cum et atqui placerat.[\/ivan_testimonial][ivan_testimonial image_id=\u00a0\u00bb489&Prime; q_style=\u00a0\u00bbboxed-left\u00a0\u00bb c_id=\u00a0\u00bb.vc_1424263524299&Prime; author=\u00a0\u00bbMike McGee\u00a0\u00bb desc=\u00a0\u00bbOther Company\u00a0\u00bb]Lorem ipsum dolor sit amet, feugiat delicata liberavisse id cum, no quo maiorum intellegebat, liber regione eu sit. Mea cu case ludus integre, vide viderer eleifend ex mea. His ay diceret, cum et atqui placerat.[\/ivan_testimonial][ivan_testimonial image_id=\u00a0\u00bb487&Prime; q_style=\u00a0\u00bbboxed-left\u00a0\u00bb c_id=\u00a0\u00bb.vc_1424263538102&Prime; author=\u00a0\u00bbJohn Doe\u00a0\u00bb desc=\u00a0\u00bbYet Another Company\u00a0\u00bb]Lorem ipsum dolor sit amet, feugiat delicata liberavisse id cum, no quo maiorum intellegebat, liber regione eu sit. Mea cu case ludus integre, vide viderer eleifend ex mea. His ay diceret, cum et atqui placerat.[\/ivan_testimonial][ivan_testimonial image_id=\u00a0\u00bb487&Prime; q_style=\u00a0\u00bbboxed-left\u00a0\u00bb c_id=\u00a0\u00bb.vc_1424263577842&Prime; author=\u00a0\u00bbJohn Smith\u00a0\u00bb desc=\u00a0\u00bbCompany ABC\u00a0\u00bb]Lorem ipsum dolor sit amet, feugiat delicata liberavisse id cum, no quo maiorum intellegebat, liber regione eu sit. Mea cu case ludus integre, vide viderer eleifend ex mea. His ay diceret, cum et atqui placerat.[\/ivan_testimonial][ivan_testimonial image_id=\u00a0\u00bb489&Prime; q_style=\u00a0\u00bbboxed-left\u00a0\u00bb c_id=\u00a0\u00bb.vc_1424263598149&Prime; author=\u00a0\u00bbRoss Geller\u00a0\u00bb desc=\u00a0\u00bbCompany ZYX\u00a0\u00bb]Lorem ipsum dolor sit amet, feugiat delicata liberavisse id cum, no quo maiorum intellegebat, liber regione eu sit. Mea cu case ludus integre, vide viderer eleifend ex mea. His ay diceret, cum et atqui placerat.[\/ivan_testimonial][\/ivan_carousel][\/vc_column][\/vc_row][vc_row disable_element=\u00a0\u00bbyes\u00a0\u00bb][vc_column][ivan_title title_tag=\u00a0\u00bbh2&Prime; c_id=\u00a0\u00bb.vc_1479222978650&Prime;]Quelques clients[\/ivan_title][\/vc_column][\/vc_row][vc_row disable_element=\u00a0\u00bbyes\u00a0\u00bb width=\u00a0\u00bbfull\u00a0\u00bb p_top=\u00a0\u00bb10&Prime; p_bottom=\u00a0\u00bb10&Prime; m_bottom=\u00a0\u00bb0&Prime; row_width_style=\u00a0\u00bbtheme_default\u00a0\u00bb row_parallax_style=\u00a0\u00bbparallax-none\u00a0\u00bb row_parallax_ratio=\u00a0\u00bb0.5&Prime; row_bg_repeat=\u00a0\u00bbno-repeat\u00a0\u00bb row_bg_position=\u00a0\u00bbcenter center\u00a0\u00bb row_bg_size=\u00a0\u00bbcover\u00a0\u00bb row_bg_att=\u00a0\u00bbscroll\u00a0\u00bb row_full_height=\u00a0\u00bbno\u00a0\u00bb][vc_column width=\u00a0\u00bb1\/6&Prime;][vc_single_image image=\u00a0\u00bb4531&Prime;][\/vc_column][vc_column width=\u00a0\u00bb1\/6&Prime;][vc_single_image image=\u00a0\u00bb4522&Prime;][\/vc_column][vc_column width=\u00a0\u00bb1\/6&Prime;][vc_single_image image=\u00a0\u00bb4525&Prime;][\/vc_column][vc_column width=\u00a0\u00bb1\/6&Prime;][vc_single_image image=\u00a0\u00bb4534&Prime;][\/vc_column][vc_column width=\u00a0\u00bb1\/6&Prime;][vc_single_image image=\u00a0\u00bb4528&Prime;][\/vc_column][vc_column width=\u00a0\u00bb1\/6&Prime;][vc_single_image image=\u00a0\u00bb4519&Prime;][\/vc_column][\/vc_row]<\/p>\n<\/div>","protected":false},"excerpt":{"rendered":"<p>[vc_row p_top=\u00a0\u00bb0&Prime; m_bottom=\u00a0\u00bb0&Prime;][vc_column][rev_slider_vc alias=\u00a0\u00bbhome-fr\u00a0\u00bb el_class=\u00a0\u00bbstyle-thin-outline\u00a0\u00bb][\/vc_column][\/vc_row][vc_row anchor=\u00a0\u00bbabout-section\u00a0\u00bb p_top=\u00a0\u00bb100&Prime; m_bottom=\u00a0\u00bb60&Prime;][vc_column][ivan_title title_tag=\u00a0\u00bbh2&Prime; c_id=\u00a0\u00bb.vc_1479223268474&Prime;]Odeurs ind\u00e9sirables[\/ivan_title][vc_column_text c_id=\u00a0\u00bb.vc_1693248917878&Prime;] La fum\u00e9e de tabac, les odeurs de cuisine, moquette humide, quel que soit votre probl\u00e8me d\u2019odeur, l&rsquo;Emotec Solutions peut le r\u00e9soudre. Diffuser une des solutions brevet\u00e9es Emotec Solutions. Avec les diffuseurs Emoliquids \u00e0 air-froid vous \u00e9liminez les mauvaises odeurs sans recourir \u00e0 des [&hellip;]<\/p>\n","protected":false},"author":2,"featured_media":0,"parent":0,"menu_order":0,"comment_status":"closed","ping_status":"closed","template":"","meta":{"om_disable_all_campaigns":false,"ocean_post_layout":"full-width","ocean_both_sidebars_style":"","ocean_both_sidebars_content_width":0,"ocean_both_sidebars_sidebars_width":0,"ocean_sidebar":"0","ocean_second_sidebar":"0","ocean_disable_margins":"enable","ocean_add_body_class":"","ocean_shortcode_before_top_bar":"","ocean_shortcode_after_top_bar":"","ocean_shortcode_before_header":"","ocean_shortcode_after_header":"","ocean_has_shortcode":"","ocean_shortcode_after_title":"","ocean_shortcode_before_footer_widgets":"","ocean_shortcode_after_footer_widgets":"","ocean_shortcode_before_footer_bottom":"","ocean_shortcode_after_footer_bottom":"","ocean_display_top_bar":"default","ocean_display_header":"default","ocean_header_style":"","ocean_center_header_left_menu":"0","ocean_custom_header_template":"0","ocean_custom_logo":0,"ocean_custom_retina_logo":0,"ocean_custom_logo_max_width":0,"ocean_custom_logo_tablet_max_width":0,"ocean_custom_logo_mobile_max_width":0,"ocean_custom_logo_max_height":0,"ocean_custom_logo_tablet_max_height":0,"ocean_custom_logo_mobile_max_height":0,"ocean_header_custom_menu":"0","ocean_menu_typo_font_family":"0","ocean_menu_typo_font_subset":"","ocean_menu_typo_font_size":0,"ocean_menu_typo_font_size_tablet":0,"ocean_menu_typo_font_size_mobile":0,"ocean_menu_typo_font_size_unit":"px","ocean_menu_typo_font_weight":"","ocean_menu_typo_font_weight_tablet":"","ocean_menu_typo_font_weight_mobile":"","ocean_menu_typo_transform":"","ocean_menu_typo_transform_tablet":"","ocean_menu_typo_transform_mobile":"","ocean_menu_typo_line_height":0,"ocean_menu_typo_line_height_tablet":0,"ocean_menu_typo_line_height_mobile":0,"ocean_menu_typo_line_height_unit":"","ocean_menu_typo_spacing":0,"ocean_menu_typo_spacing_tablet":0,"ocean_menu_typo_spacing_mobile":0,"ocean_menu_typo_spacing_unit":"","ocean_menu_link_color":"","ocean_menu_link_color_hover":"","ocean_menu_link_color_active":"","ocean_menu_link_background":"","ocean_menu_link_hover_background":"","ocean_menu_link_active_background":"","ocean_menu_social_links_bg":"","ocean_menu_social_hover_links_bg":"","ocean_menu_social_links_color":"","ocean_menu_social_hover_links_color":"","ocean_disable_title":"on","ocean_disable_heading":"default","ocean_post_title":"","ocean_post_subheading":"","ocean_post_title_style":"","ocean_post_title_background_color":"","ocean_post_title_background":0,"ocean_post_title_bg_image_position":"","ocean_post_title_bg_image_attachment":"","ocean_post_title_bg_image_repeat":"","ocean_post_title_bg_image_size":"","ocean_post_title_height":0,"ocean_post_title_bg_overlay":0.5,"ocean_post_title_bg_overlay_color":"","ocean_disable_breadcrumbs":"default","ocean_breadcrumbs_color":"","ocean_breadcrumbs_separator_color":"","ocean_breadcrumbs_links_color":"","ocean_breadcrumbs_links_hover_color":"","ocean_display_footer_widgets":"default","ocean_display_footer_bottom":"default","ocean_custom_footer_template":"0","footnotes":""},"class_list":["post-3833","page","type-page","status-publish","hentry","entry"],"yoast_head":"<!-- This site is optimized with the Yoast SEO plugin v27.2 - https:\/\/yoast.com\/product\/yoast-seo-wordpress\/ -->\n<title>Home - Emoliquids<\/title>\n<meta name=\"robots\" content=\"index, follow, max-snippet:-1, max-image-preview:large, max-video-preview:-1\" \/>\n<link rel=\"canonical\" href=\"https:\/\/www.emoliquids.com\/fr\/\" \/>\n<meta property=\"og:locale\" content=\"fr_FR\" \/>\n<meta property=\"og:type\" content=\"article\" \/>\n<meta property=\"og:title\" content=\"Home - Emoliquids\" \/>\n<meta property=\"og:description\" content=\"[vc_row p_top=\u00a0\u00bb0&Prime; m_bottom=\u00a0\u00bb0&Prime;][vc_column][rev_slider_vc alias=\u00a0\u00bbhome-fr\u00a0\u00bb el_class=\u00a0\u00bbstyle-thin-outline\u00a0\u00bb][\/vc_column][\/vc_row][vc_row anchor=\u00a0\u00bbabout-section\u00a0\u00bb p_top=\u00a0\u00bb100&Prime; m_bottom=\u00a0\u00bb60&Prime;][vc_column][ivan_title title_tag=\u00a0\u00bbh2&Prime; c_id=\u00a0\u00bb.vc_1479223268474&Prime;]Odeurs ind\u00e9sirables[\/ivan_title][vc_column_text c_id=\u00a0\u00bb.vc_1693248917878&Prime;] La fum\u00e9e de tabac, les odeurs de cuisine, moquette humide, quel que soit votre probl\u00e8me d\u2019odeur, l&rsquo;Emotec Solutions peut le r\u00e9soudre. Diffuser une des solutions brevet\u00e9es Emotec Solutions. Avec les diffuseurs Emoliquids \u00e0 air-froid vous \u00e9liminez les mauvaises odeurs sans recourir \u00e0 des [&hellip;]\" \/>\n<meta property=\"og:url\" content=\"https:\/\/www.emoliquids.com\/fr\/\" \/>\n<meta property=\"og:site_name\" content=\"Emoliquids\" \/>\n<meta property=\"article:publisher\" content=\"https:\/\/www.facebook.com\/emoliquids\/\" \/>\n<meta property=\"article:modified_time\" content=\"2024-09-11T21:47:45+00:00\" \/>\n<meta property=\"og:image\" content=\"https:\/\/www.emoliquids.com\/wp-content\/uploads\/2015\/02\/logo-normal-hd.png\" \/>\n<meta name=\"twitter:label1\" content=\"Dur\u00e9e de lecture estim\u00e9e\" \/>\n\t<meta name=\"twitter:data1\" content=\"5 minutes\" \/>\n<script type=\"application\/ld+json\" class=\"yoast-schema-graph\">{\"@context\":\"https:\/\/schema.org\",\"@graph\":[{\"@type\":\"WebPage\",\"@id\":\"https:\/\/www.emoliquids.com\/fr\/\",\"url\":\"https:\/\/www.emoliquids.com\/fr\/\",\"name\":\"Home - Emoliquids\",\"isPartOf\":{\"@id\":\"https:\/\/www.emoliquids.com\/#website\"},\"datePublished\":\"2014-10-08T04:44:20+00:00\",\"dateModified\":\"2024-09-11T21:47:45+00:00\",\"breadcrumb\":{\"@id\":\"https:\/\/www.emoliquids.com\/fr\/#breadcrumb\"},\"inLanguage\":\"fr-FR\",\"potentialAction\":[{\"@type\":\"ReadAction\",\"target\":[\"https:\/\/www.emoliquids.com\/fr\/\"]}]},{\"@type\":\"BreadcrumbList\",\"@id\":\"https:\/\/www.emoliquids.com\/fr\/#breadcrumb\",\"itemListElement\":[{\"@type\":\"ListItem\",\"position\":1,\"name\":\"Home\",\"item\":\"https:\/\/www.emoliquids.com\/fr\/\"},{\"@type\":\"ListItem\",\"position\":2,\"name\":\"Home\"}]},{\"@type\":\"WebSite\",\"@id\":\"https:\/\/www.emoliquids.com\/#website\",\"url\":\"https:\/\/www.emoliquids.com\/\",\"name\":\"Emoliquids\",\"description\":\"\",\"publisher\":{\"@id\":\"https:\/\/www.emoliquids.com\/#organization\"},\"potentialAction\":[{\"@type\":\"SearchAction\",\"target\":{\"@type\":\"EntryPoint\",\"urlTemplate\":\"https:\/\/www.emoliquids.com\/?s={search_term_string}\"},\"query-input\":{\"@type\":\"PropertyValueSpecification\",\"valueRequired\":true,\"valueName\":\"search_term_string\"}}],\"inLanguage\":\"fr-FR\"},{\"@type\":\"Organization\",\"@id\":\"https:\/\/www.emoliquids.com\/#organization\",\"name\":\"Emoliquids\",\"url\":\"https:\/\/www.emoliquids.com\/\",\"logo\":{\"@type\":\"ImageObject\",\"inLanguage\":\"fr-FR\",\"@id\":\"https:\/\/www.emoliquids.com\/#\/schema\/logo\/image\/\",\"url\":\"https:\/\/www.emoliquids.com\/wp-content\/uploads\/2016\/12\/cropped-emoliquids-logo-2017-retina-light.png\",\"contentUrl\":\"https:\/\/www.emoliquids.com\/wp-content\/uploads\/2016\/12\/cropped-emoliquids-logo-2017-retina-light.png\",\"width\":1000,\"height\":274,\"caption\":\"Emoliquids\"},\"image\":{\"@id\":\"https:\/\/www.emoliquids.com\/#\/schema\/logo\/image\/\"},\"sameAs\":[\"https:\/\/www.facebook.com\/emoliquids\/\"]}]}<\/script>\n<!-- \/ Yoast SEO plugin. -->","yoast_head_json":{"title":"Home - Emoliquids","robots":{"index":"index","follow":"follow","max-snippet":"max-snippet:-1","max-image-preview":"max-image-preview:large","max-video-preview":"max-video-preview:-1"},"canonical":"https:\/\/www.emoliquids.com\/fr\/","og_locale":"fr_FR","og_type":"article","og_title":"Home - Emoliquids","og_description":"[vc_row p_top=\u00a0\u00bb0&Prime; m_bottom=\u00a0\u00bb0&Prime;][vc_column][rev_slider_vc alias=\u00a0\u00bbhome-fr\u00a0\u00bb el_class=\u00a0\u00bbstyle-thin-outline\u00a0\u00bb][\/vc_column][\/vc_row][vc_row anchor=\u00a0\u00bbabout-section\u00a0\u00bb p_top=\u00a0\u00bb100&Prime; m_bottom=\u00a0\u00bb60&Prime;][vc_column][ivan_title title_tag=\u00a0\u00bbh2&Prime; c_id=\u00a0\u00bb.vc_1479223268474&Prime;]Odeurs ind\u00e9sirables[\/ivan_title][vc_column_text c_id=\u00a0\u00bb.vc_1693248917878&Prime;] La fum\u00e9e de tabac, les odeurs de cuisine, moquette humide, quel que soit votre probl\u00e8me d\u2019odeur, l&rsquo;Emotec Solutions peut le r\u00e9soudre. Diffuser une des solutions brevet\u00e9es Emotec Solutions. Avec les diffuseurs Emoliquids \u00e0 air-froid vous \u00e9liminez les mauvaises odeurs sans recourir \u00e0 des [&hellip;]","og_url":"https:\/\/www.emoliquids.com\/fr\/","og_site_name":"Emoliquids","article_publisher":"https:\/\/www.facebook.com\/emoliquids\/","article_modified_time":"2024-09-11T21:47:45+00:00","og_image":[{"url":"https:\/\/www.emoliquids.com\/wp-content\/uploads\/2015\/02\/logo-normal-hd.png","type":"","width":"","height":""}],"twitter_misc":{"Dur\u00e9e de lecture estim\u00e9e":"5 minutes"},"schema":{"@context":"https:\/\/schema.org","@graph":[{"@type":"WebPage","@id":"https:\/\/www.emoliquids.com\/fr\/","url":"https:\/\/www.emoliquids.com\/fr\/","name":"Home - Emoliquids","isPartOf":{"@id":"https:\/\/www.emoliquids.com\/#website"},"datePublished":"2014-10-08T04:44:20+00:00","dateModified":"2024-09-11T21:47:45+00:00","breadcrumb":{"@id":"https:\/\/www.emoliquids.com\/fr\/#breadcrumb"},"inLanguage":"fr-FR","potentialAction":[{"@type":"ReadAction","target":["https:\/\/www.emoliquids.com\/fr\/"]}]},{"@type":"BreadcrumbList","@id":"https:\/\/www.emoliquids.com\/fr\/#breadcrumb","itemListElement":[{"@type":"ListItem","position":1,"name":"Home","item":"https:\/\/www.emoliquids.com\/fr\/"},{"@type":"ListItem","position":2,"name":"Home"}]},{"@type":"WebSite","@id":"https:\/\/www.emoliquids.com\/#website","url":"https:\/\/www.emoliquids.com\/","name":"Emoliquids","description":"","publisher":{"@id":"https:\/\/www.emoliquids.com\/#organization"},"potentialAction":[{"@type":"SearchAction","target":{"@type":"EntryPoint","urlTemplate":"https:\/\/www.emoliquids.com\/?s={search_term_string}"},"query-input":{"@type":"PropertyValueSpecification","valueRequired":true,"valueName":"search_term_string"}}],"inLanguage":"fr-FR"},{"@type":"Organization","@id":"https:\/\/www.emoliquids.com\/#organization","name":"Emoliquids","url":"https:\/\/www.emoliquids.com\/","logo":{"@type":"ImageObject","inLanguage":"fr-FR","@id":"https:\/\/www.emoliquids.com\/#\/schema\/logo\/image\/","url":"https:\/\/www.emoliquids.com\/wp-content\/uploads\/2016\/12\/cropped-emoliquids-logo-2017-retina-light.png","contentUrl":"https:\/\/www.emoliquids.com\/wp-content\/uploads\/2016\/12\/cropped-emoliquids-logo-2017-retina-light.png","width":1000,"height":274,"caption":"Emoliquids"},"image":{"@id":"https:\/\/www.emoliquids.com\/#\/schema\/logo\/image\/"},"sameAs":["https:\/\/www.facebook.com\/emoliquids\/"]}]}},"_links":{"self":[{"href":"https:\/\/www.emoliquids.com\/fr\/wp-json\/wp\/v2\/pages\/3833","targetHints":{"allow":["GET"]}}],"collection":[{"href":"https:\/\/www.emoliquids.com\/fr\/wp-json\/wp\/v2\/pages"}],"about":[{"href":"https:\/\/www.emoliquids.com\/fr\/wp-json\/wp\/v2\/types\/page"}],"author":[{"embeddable":true,"href":"https:\/\/www.emoliquids.com\/fr\/wp-json\/wp\/v2\/users\/2"}],"replies":[{"embeddable":true,"href":"https:\/\/www.emoliquids.com\/fr\/wp-json\/wp\/v2\/comments?post=3833"}],"version-history":[{"count":7,"href":"https:\/\/www.emoliquids.com\/fr\/wp-json\/wp\/v2\/pages\/3833\/revisions"}],"predecessor-version":[{"id":5655,"href":"https:\/\/www.emoliquids.com\/fr\/wp-json\/wp\/v2\/pages\/3833\/revisions\/5655"}],"wp:attachment":[{"href":"https:\/\/www.emoliquids.com\/fr\/wp-json\/wp\/v2\/media?parent=3833"}],"curies":[{"name":"wp","href":"https:\/\/api.w.org\/{rel}","templated":true}]}}