{"id":3546,"date":"2016-07-05T10:17:28","date_gmt":"2016-07-05T08:17:28","guid":{"rendered":"https:\/\/www.emoliquids.com\/fr\/produits\/aroma-oils\/"},"modified":"2024-09-11T22:25:34","modified_gmt":"2024-09-11T20:25:34","slug":"huiles-aromatiques","status":"publish","type":"page","link":"https:\/\/www.emoliquids.com\/fr\/produits\/huiles-aromatiques\/","title":{"rendered":"Huiles aromatiques"},"content":{"rendered":"<div class=\"wpb-content-wrapper\"><p>[vc_row css=\u00a0\u00bb.vc_custom_1726086323253{margin-top: 100px !important;}\u00a0\u00bb][vc_column][ivan_title c_id=\u00a0\u00bb.vc_1467709038433&Prime;]Huiles aromatiques[\/ivan_title][vc_separator type=\u00a0\u00bbsmall\u00a0\u00bb opacity=\u00a0\u00bb0.2&Prime; width=\u00a0\u00bb60&Prime;][vc_column_text c_id=\u00a0\u00bb.vc_1453219206760&Prime;]Les huiles aromatiques offrent des ar\u00f4mes distinctifs et reconnaissables qui cr\u00e9eront des exp\u00e9riences m\u00e9morables et des impressions durables.<\/p>\n<p>Huiles de diffusion \u00e0 qualit\u00e9 de parfum, id\u00e9al pour vos campagnes publicitaires sensorielles. Que vous soyez un <a href=\"\/?page_id=2546\">hotelier<\/a>, <a href=\"\/?page_id=2666\">retailer<\/a>, cin\u00e9ma, une <a href=\"\/?page_id=2711\">banque<\/a>, un <a href=\"\/?page_id=2690\">magasin<\/a>, votre marque diffusera le m\u00eame parfum dans le monde entier.<\/p>\n<ul>\n<li>100% consistent<\/li>\n<li>Ar\u00f4mes illimit\u00e9s<\/li>\n<li>Cr\u00e9\u00e9s en Australie<\/li>\n<\/ul>\n<p>[\/vc_column_text][\/vc_column][\/vc_row][vc_row][vc_column][ivan_title c_id=\u00a0\u00bb.vc_1467709269977&Prime; sub=\u00a0\u00bbLe d\u00e9sir de notre nez\u00a0\u00bb]Choix[\/ivan_title][vc_separator type=\u00a0\u00bbsmall\u00a0\u00bb opacity=\u00a0\u00bb0.2&Prime; width=\u00a0\u00bb60&Prime;][vc_separator type=\u00a0\u00bbsmall\u00a0\u00bb color=\u00a0\u00bbwhite\u00a0\u00bb opacity=\u00a0\u00bb0.2&Prime; width=\u00a0\u00bb60&Prime;][vc_row_inner][vc_column_inner width=\u00a0\u00bb2\/3&Prime;][vc_column_text c_id=\u00a0\u00bb.vc_1453219206760&Prime;]Du fruit\u00e9, frais ou floral aux ar\u00f4mes all\u00e9chants de chocolat, caf\u00e9 ou vanille, nous avons un parfum pour chaque occasion.<\/p>\n<p>Grace \u00e0 des collaborations \u00e9troites avec nos fournisseurs de parfums nous sommes en mesure de vous fournir tous les parfums imaginables.[\/vc_column_text][\/vc_column_inner][vc_column_inner width=\u00a0\u00bb1\/3&Prime;][vc_single_image image=\u00a0\u00bb3518&Prime; alignment=\u00a0\u00bbcenter\u00a0\u00bb img_size=\u00a0\u00bbfull\u00a0\u00bb][\/vc_column_inner][\/vc_row_inner][\/vc_column][\/vc_row]<\/p>\n<\/div>","protected":false},"excerpt":{"rendered":"<p>[vc_row css=\u00a0\u00bb.vc_custom_1726086323253{margin-top: 100px !important;}\u00a0\u00bb][vc_column][ivan_title c_id=\u00a0\u00bb.vc_1467709038433&Prime;]Huiles aromatiques[\/ivan_title][vc_separator type=\u00a0\u00bbsmall\u00a0\u00bb opacity=\u00a0\u00bb0.2&Prime; width=\u00a0\u00bb60&Prime;][vc_column_text c_id=\u00a0\u00bb.vc_1453219206760&Prime;]Les huiles aromatiques offrent des ar\u00f4mes distinctifs et reconnaissables qui cr\u00e9eront des exp\u00e9riences m\u00e9morables et des impressions durables. Huiles de diffusion \u00e0 qualit\u00e9 de parfum, id\u00e9al pour vos campagnes publicitaires sensorielles. Que vous soyez un hotelier, retailer, cin\u00e9ma, une banque, un magasin, votre marque diffusera le [&hellip;]<\/p>\n","protected":false},"author":2,"featured_media":0,"parent":2888,"menu_order":0,"comment_status":"closed","ping_status":"closed","template":"","meta":{"om_disable_all_campaigns":false,"ocean_post_layout":"","ocean_both_sidebars_style":"","ocean_both_sidebars_content_width":0,"ocean_both_sidebars_sidebars_width":0,"ocean_sidebar":"cs-2","ocean_second_sidebar":"0","ocean_disable_margins":"enable","ocean_add_body_class":"","ocean_shortcode_before_top_bar":"","ocean_shortcode_after_top_bar":"","ocean_shortcode_before_header":"","ocean_shortcode_after_header":"","ocean_has_shortcode":"","ocean_shortcode_after_title":"","ocean_shortcode_before_footer_widgets":"","ocean_shortcode_after_footer_widgets":"","ocean_shortcode_before_footer_bottom":"","ocean_shortcode_after_footer_bottom":"","ocean_display_top_bar":"default","ocean_display_header":"default","ocean_header_style":"","ocean_center_header_left_menu":"0","ocean_custom_header_template":"0","ocean_custom_logo":0,"ocean_custom_retina_logo":0,"ocean_custom_logo_max_width":0,"ocean_custom_logo_tablet_max_width":0,"ocean_custom_logo_mobile_max_width":0,"ocean_custom_logo_max_height":0,"ocean_custom_logo_tablet_max_height":0,"ocean_custom_logo_mobile_max_height":0,"ocean_header_custom_menu":"0","ocean_menu_typo_font_family":"0","ocean_menu_typo_font_subset":"","ocean_menu_typo_font_size":0,"ocean_menu_typo_font_size_tablet":0,"ocean_menu_typo_font_size_mobile":0,"ocean_menu_typo_font_size_unit":"px","ocean_menu_typo_font_weight":"","ocean_menu_typo_font_weight_tablet":"","ocean_menu_typo_font_weight_mobile":"","ocean_menu_typo_transform":"","ocean_menu_typo_transform_tablet":"","ocean_menu_typo_transform_mobile":"","ocean_menu_typo_line_height":0,"ocean_menu_typo_line_height_tablet":0,"ocean_menu_typo_line_height_mobile":0,"ocean_menu_typo_line_height_unit":"","ocean_menu_typo_spacing":0,"ocean_menu_typo_spacing_tablet":0,"ocean_menu_typo_spacing_mobile":0,"ocean_menu_typo_spacing_unit":"","ocean_menu_link_color":"","ocean_menu_link_color_hover":"","ocean_menu_link_color_active":"","ocean_menu_link_background":"","ocean_menu_link_hover_background":"","ocean_menu_link_active_background":"","ocean_menu_social_links_bg":"","ocean_menu_social_hover_links_bg":"","ocean_menu_social_links_color":"","ocean_menu_social_hover_links_color":"","ocean_disable_title":"on","ocean_disable_heading":"default","ocean_post_title":"","ocean_post_subheading":"","ocean_post_title_style":"","ocean_post_title_background_color":"","ocean_post_title_background":0,"ocean_post_title_bg_image_position":"","ocean_post_title_bg_image_attachment":"","ocean_post_title_bg_image_repeat":"","ocean_post_title_bg_image_size":"","ocean_post_title_height":0,"ocean_post_title_bg_overlay":0.5,"ocean_post_title_bg_overlay_color":"","ocean_disable_breadcrumbs":"default","ocean_breadcrumbs_color":"","ocean_breadcrumbs_separator_color":"","ocean_breadcrumbs_links_color":"","ocean_breadcrumbs_links_hover_color":"","ocean_display_footer_widgets":"default","ocean_display_footer_bottom":"default","ocean_custom_footer_template":"0","footnotes":""},"class_list":["post-3546","page","type-page","status-publish","hentry","entry"],"yoast_head":"<!-- This site is optimized with the Yoast SEO plugin v27.2 - https:\/\/yoast.com\/product\/yoast-seo-wordpress\/ -->\n<title>Huiles aromatiques - Emoliquids<\/title>\n<meta name=\"robots\" content=\"index, follow, max-snippet:-1, max-image-preview:large, max-video-preview:-1\" \/>\n<link rel=\"canonical\" href=\"https:\/\/www.emoliquids.com\/fr\/produits\/huiles-aromatiques\/\" \/>\n<meta property=\"og:locale\" content=\"fr_FR\" \/>\n<meta property=\"og:type\" content=\"article\" \/>\n<meta property=\"og:title\" content=\"Huiles aromatiques - Emoliquids\" \/>\n<meta property=\"og:description\" content=\"[vc_row css=\u00a0\u00bb.vc_custom_1726086323253{margin-top: 100px !important;}\u00a0\u00bb][vc_column][ivan_title c_id=\u00a0\u00bb.vc_1467709038433&Prime;]Huiles aromatiques[\/ivan_title][vc_separator type=\u00a0\u00bbsmall\u00a0\u00bb opacity=\u00a0\u00bb0.2&Prime; width=\u00a0\u00bb60&Prime;][vc_column_text c_id=\u00a0\u00bb.vc_1453219206760&Prime;]Les huiles aromatiques offrent des ar\u00f4mes distinctifs et reconnaissables qui cr\u00e9eront des exp\u00e9riences m\u00e9morables et des impressions durables. Huiles de diffusion \u00e0 qualit\u00e9 de parfum, id\u00e9al pour vos campagnes publicitaires sensorielles. Que vous soyez un hotelier, retailer, cin\u00e9ma, une banque, un magasin, votre marque diffusera le [&hellip;]\" \/>\n<meta property=\"og:url\" content=\"https:\/\/www.emoliquids.com\/fr\/produits\/huiles-aromatiques\/\" \/>\n<meta property=\"og:site_name\" content=\"Emoliquids\" \/>\n<meta property=\"article:publisher\" content=\"https:\/\/www.facebook.com\/emoliquids\/\" \/>\n<meta property=\"article:modified_time\" content=\"2024-09-11T20:25:34+00:00\" \/>\n<meta property=\"og:image\" content=\"https:\/\/www.emoliquids.com\/wp-content\/uploads\/2015\/02\/logo-normal-hd.png\" \/>\n<meta name=\"twitter:label1\" content=\"Dur\u00e9e de lecture estim\u00e9e\" \/>\n\t<meta name=\"twitter:data1\" content=\"1 minute\" \/>\n<script type=\"application\/ld+json\" class=\"yoast-schema-graph\">{\"@context\":\"https:\/\/schema.org\",\"@graph\":[{\"@type\":\"WebPage\",\"@id\":\"https:\/\/www.emoliquids.com\/fr\/produits\/huiles-aromatiques\/\",\"url\":\"https:\/\/www.emoliquids.com\/fr\/produits\/huiles-aromatiques\/\",\"name\":\"Huiles aromatiques - Emoliquids\",\"isPartOf\":{\"@id\":\"https:\/\/www.emoliquids.com\/#website\"},\"datePublished\":\"2016-07-05T08:17:28+00:00\",\"dateModified\":\"2024-09-11T20:25:34+00:00\",\"breadcrumb\":{\"@id\":\"https:\/\/www.emoliquids.com\/fr\/produits\/huiles-aromatiques\/#breadcrumb\"},\"inLanguage\":\"fr-FR\",\"potentialAction\":[{\"@type\":\"ReadAction\",\"target\":[\"https:\/\/www.emoliquids.com\/fr\/produits\/huiles-aromatiques\/\"]}]},{\"@type\":\"BreadcrumbList\",\"@id\":\"https:\/\/www.emoliquids.com\/fr\/produits\/huiles-aromatiques\/#breadcrumb\",\"itemListElement\":[{\"@type\":\"ListItem\",\"position\":1,\"name\":\"Home\",\"item\":\"https:\/\/www.emoliquids.com\/fr\/\"},{\"@type\":\"ListItem\",\"position\":2,\"name\":\"Produits\",\"item\":\"https:\/\/www.emoliquids.com\/fr\/produits\/\"},{\"@type\":\"ListItem\",\"position\":3,\"name\":\"Huiles aromatiques\"}]},{\"@type\":\"WebSite\",\"@id\":\"https:\/\/www.emoliquids.com\/#website\",\"url\":\"https:\/\/www.emoliquids.com\/\",\"name\":\"Emoliquids\",\"description\":\"\",\"publisher\":{\"@id\":\"https:\/\/www.emoliquids.com\/#organization\"},\"potentialAction\":[{\"@type\":\"SearchAction\",\"target\":{\"@type\":\"EntryPoint\",\"urlTemplate\":\"https:\/\/www.emoliquids.com\/?s={search_term_string}\"},\"query-input\":{\"@type\":\"PropertyValueSpecification\",\"valueRequired\":true,\"valueName\":\"search_term_string\"}}],\"inLanguage\":\"fr-FR\"},{\"@type\":\"Organization\",\"@id\":\"https:\/\/www.emoliquids.com\/#organization\",\"name\":\"Emoliquids\",\"url\":\"https:\/\/www.emoliquids.com\/\",\"logo\":{\"@type\":\"ImageObject\",\"inLanguage\":\"fr-FR\",\"@id\":\"https:\/\/www.emoliquids.com\/#\/schema\/logo\/image\/\",\"url\":\"https:\/\/www.emoliquids.com\/wp-content\/uploads\/2016\/12\/cropped-emoliquids-logo-2017-retina-light.png\",\"contentUrl\":\"https:\/\/www.emoliquids.com\/wp-content\/uploads\/2016\/12\/cropped-emoliquids-logo-2017-retina-light.png\",\"width\":1000,\"height\":274,\"caption\":\"Emoliquids\"},\"image\":{\"@id\":\"https:\/\/www.emoliquids.com\/#\/schema\/logo\/image\/\"},\"sameAs\":[\"https:\/\/www.facebook.com\/emoliquids\/\"]}]}<\/script>\n<!-- \/ Yoast SEO plugin. -->","yoast_head_json":{"title":"Huiles aromatiques - Emoliquids","robots":{"index":"index","follow":"follow","max-snippet":"max-snippet:-1","max-image-preview":"max-image-preview:large","max-video-preview":"max-video-preview:-1"},"canonical":"https:\/\/www.emoliquids.com\/fr\/produits\/huiles-aromatiques\/","og_locale":"fr_FR","og_type":"article","og_title":"Huiles aromatiques - Emoliquids","og_description":"[vc_row css=\u00a0\u00bb.vc_custom_1726086323253{margin-top: 100px !important;}\u00a0\u00bb][vc_column][ivan_title c_id=\u00a0\u00bb.vc_1467709038433&Prime;]Huiles aromatiques[\/ivan_title][vc_separator type=\u00a0\u00bbsmall\u00a0\u00bb opacity=\u00a0\u00bb0.2&Prime; width=\u00a0\u00bb60&Prime;][vc_column_text c_id=\u00a0\u00bb.vc_1453219206760&Prime;]Les huiles aromatiques offrent des ar\u00f4mes distinctifs et reconnaissables qui cr\u00e9eront des exp\u00e9riences m\u00e9morables et des impressions durables. Huiles de diffusion \u00e0 qualit\u00e9 de parfum, id\u00e9al pour vos campagnes publicitaires sensorielles. Que vous soyez un hotelier, retailer, cin\u00e9ma, une banque, un magasin, votre marque diffusera le [&hellip;]","og_url":"https:\/\/www.emoliquids.com\/fr\/produits\/huiles-aromatiques\/","og_site_name":"Emoliquids","article_publisher":"https:\/\/www.facebook.com\/emoliquids\/","article_modified_time":"2024-09-11T20:25:34+00:00","og_image":[{"url":"https:\/\/www.emoliquids.com\/wp-content\/uploads\/2015\/02\/logo-normal-hd.png","type":"","width":"","height":""}],"twitter_misc":{"Dur\u00e9e de lecture estim\u00e9e":"1 minute"},"schema":{"@context":"https:\/\/schema.org","@graph":[{"@type":"WebPage","@id":"https:\/\/www.emoliquids.com\/fr\/produits\/huiles-aromatiques\/","url":"https:\/\/www.emoliquids.com\/fr\/produits\/huiles-aromatiques\/","name":"Huiles aromatiques - Emoliquids","isPartOf":{"@id":"https:\/\/www.emoliquids.com\/#website"},"datePublished":"2016-07-05T08:17:28+00:00","dateModified":"2024-09-11T20:25:34+00:00","breadcrumb":{"@id":"https:\/\/www.emoliquids.com\/fr\/produits\/huiles-aromatiques\/#breadcrumb"},"inLanguage":"fr-FR","potentialAction":[{"@type":"ReadAction","target":["https:\/\/www.emoliquids.com\/fr\/produits\/huiles-aromatiques\/"]}]},{"@type":"BreadcrumbList","@id":"https:\/\/www.emoliquids.com\/fr\/produits\/huiles-aromatiques\/#breadcrumb","itemListElement":[{"@type":"ListItem","position":1,"name":"Home","item":"https:\/\/www.emoliquids.com\/fr\/"},{"@type":"ListItem","position":2,"name":"Produits","item":"https:\/\/www.emoliquids.com\/fr\/produits\/"},{"@type":"ListItem","position":3,"name":"Huiles aromatiques"}]},{"@type":"WebSite","@id":"https:\/\/www.emoliquids.com\/#website","url":"https:\/\/www.emoliquids.com\/","name":"Emoliquids","description":"","publisher":{"@id":"https:\/\/www.emoliquids.com\/#organization"},"potentialAction":[{"@type":"SearchAction","target":{"@type":"EntryPoint","urlTemplate":"https:\/\/www.emoliquids.com\/?s={search_term_string}"},"query-input":{"@type":"PropertyValueSpecification","valueRequired":true,"valueName":"search_term_string"}}],"inLanguage":"fr-FR"},{"@type":"Organization","@id":"https:\/\/www.emoliquids.com\/#organization","name":"Emoliquids","url":"https:\/\/www.emoliquids.com\/","logo":{"@type":"ImageObject","inLanguage":"fr-FR","@id":"https:\/\/www.emoliquids.com\/#\/schema\/logo\/image\/","url":"https:\/\/www.emoliquids.com\/wp-content\/uploads\/2016\/12\/cropped-emoliquids-logo-2017-retina-light.png","contentUrl":"https:\/\/www.emoliquids.com\/wp-content\/uploads\/2016\/12\/cropped-emoliquids-logo-2017-retina-light.png","width":1000,"height":274,"caption":"Emoliquids"},"image":{"@id":"https:\/\/www.emoliquids.com\/#\/schema\/logo\/image\/"},"sameAs":["https:\/\/www.facebook.com\/emoliquids\/"]}]}},"_links":{"self":[{"href":"https:\/\/www.emoliquids.com\/fr\/wp-json\/wp\/v2\/pages\/3546","targetHints":{"allow":["GET"]}}],"collection":[{"href":"https:\/\/www.emoliquids.com\/fr\/wp-json\/wp\/v2\/pages"}],"about":[{"href":"https:\/\/www.emoliquids.com\/fr\/wp-json\/wp\/v2\/types\/page"}],"author":[{"embeddable":true,"href":"https:\/\/www.emoliquids.com\/fr\/wp-json\/wp\/v2\/users\/2"}],"replies":[{"embeddable":true,"href":"https:\/\/www.emoliquids.com\/fr\/wp-json\/wp\/v2\/comments?post=3546"}],"version-history":[{"count":4,"href":"https:\/\/www.emoliquids.com\/fr\/wp-json\/wp\/v2\/pages\/3546\/revisions"}],"predecessor-version":[{"id":5567,"href":"https:\/\/www.emoliquids.com\/fr\/wp-json\/wp\/v2\/pages\/3546\/revisions\/5567"}],"up":[{"embeddable":true,"href":"https:\/\/www.emoliquids.com\/fr\/wp-json\/wp\/v2\/pages\/2888"}],"wp:attachment":[{"href":"https:\/\/www.emoliquids.com\/fr\/wp-json\/wp\/v2\/media?parent=3546"}],"curies":[{"name":"wp","href":"https:\/\/api.w.org\/{rel}","templated":true}]}}