{"id":2934,"date":"2016-01-19T15:01:15","date_gmt":"2016-01-19T14:01:15","guid":{"rendered":"https:\/\/www.emoliquids.com\/produits\/signature-scents\/"},"modified":"2024-09-11T22:29:48","modified_gmt":"2024-09-11T20:29:48","slug":"parfum-signature","status":"publish","type":"page","link":"https:\/\/www.emoliquids.com\/fr\/produits\/parfum-signature\/","title":{"rendered":"Parfum signature"},"content":{"rendered":"<div class=\"wpb-content-wrapper\"><p>[vc_row full_width=\u00a0\u00bb\u00a0\u00bb parallax=\u00a0\u00bb\u00a0\u00bb parallax_image=\u00a0\u00bb\u00a0\u00bb css=\u00a0\u00bb.vc_custom_1726086581756{margin-top: 100px !important;}\u00a0\u00bb][vc_column width=\u00a0\u00bb1\/2&Prime;][ivan_title align=\u00a0\u00bbleft\u00a0\u00bb c_id=\u00a0\u00bb.vc_1453218617900&Prime;]Parfum signature[\/ivan_title][vc_separator type=\u00a0\u00bbsmall\u00a0\u00bb position=\u00a0\u00bbleft\u00a0\u00bb opacity=\u00a0\u00bb0.2&Prime; width=\u00a0\u00bb60&Prime;][vc_column_text c_id=\u00a0\u00bb.vc_1453218761557&Prime;]Afin de mieux vous d\u00e9marquer de la concurrence pourquoi ne pas demander \u00e0 nos parfumeurs de d\u00e9velopper votre propre parfum signature, parfaitement adapt\u00e9e \u00e0 votre marque et qui vous sera exclusif.<\/p>\n<p>Que vous choisissiez votre propre parfum de diffusion parmi notre s\u00e9lection d&rsquo;huiles essentielles ou \u00e0 partir d&rsquo;un assemblage d&rsquo;huiles essentielles 100% naturelles, vous cr\u00e9ez une identit\u00e9 exclusive, cela vous d\u00e9marquera de vos concurrents.<\/p>\n<ul>\n<li>Identit\u00e9 exclusive \u00e0 100%<\/li>\n<li>Cr\u00e9er pour vous<\/li>\n<li>Cr\u00e9\u00e9 en Australie<\/li>\n<\/ul>\n<p>[\/vc_column_text][\/vc_column][vc_column width=\u00a0\u00bb1\/2&Prime;][vc_single_image image=\u00a0\u00bb5429&Prime; alignment=\u00a0\u00bbcenter\u00a0\u00bb css=\u00a0\u00bb.vc_custom_1693480581440{padding-top: 0px !important;padding-right: 15% !important;padding-bottom: 15% !important;padding-left: 15% !important;}\u00a0\u00bb img_size=\u00a0\u00bbfull\u00a0\u00bb][\/vc_column][\/vc_row][vc_row css=\u00a0\u00bb.vc_custom_1453214723508{padding-top: 40px !important;padding-bottom: 40px !important;}\u00a0\u00bb][vc_column][ivan_title c_id=\u00a0\u00bb.vc_1693251838109&Prime; sub=\u00a0\u00bbD\u00e9velopp\u00e9 par Emoliquids pour vous\u00a0\u00bb]Proc\u00e9d\u00e9[\/ivan_title][vc_separator type=\u00a0\u00bbsmall\u00a0\u00bb opacity=\u00a0\u00bb0.2&Prime; width=\u00a0\u00bb60&Prime;][vc_column_text c_id=\u00a0\u00bb.vc_1693251757956&Prime;]<\/p>\n<p style=\"text-align: center;\">Pour cr\u00e9er un parfum signature, Emoliquids va travailler \u00e9troitement avec votre marque et votre entreprise afin de d\u00e9terminer le type d&rsquo;environnement qui doit \u00eatre parfum\u00e9, ambiance d\u00e9sir\u00e9e, le public cible et l&rsquo;objectif global de votre strat\u00e9gie olfactive. Notre \u00e9quipe de parfumeur aromatique cr\u00e9era une gamme d&rsquo;\u00e9chantillons qui correspondent \u00e0 l&rsquo;environnement ou la marque de votre entreprise.<\/p>\n<p style=\"text-align: center;\">Une fois la fragrance s\u00e9lectionn\u00e9e, elle vous sera livr\u00e9e avec un certificat de droits exclusifs.<\/p>\n<p>[\/vc_column_text][\/vc_column][\/vc_row][vc_row disable_element=\u00a0\u00bbyes\u00a0\u00bb full_width=\u00a0\u00bb\u00a0\u00bb parallax=\u00a0\u00bb\u00a0\u00bb parallax_image=\u00a0\u00bb\u00a0\u00bb][vc_column][vc_column_text c_id=\u00a0\u00bb.vc_1693251770375&Prime;]<\/p>\n<h3 style=\"text-align: center;\">Parfum de nos clients<\/h3>\n<p style=\"text-align: center;\">Parfum signature d\u00e9velopp\u00e9 par Emoliquids<\/p>\n<p>[\/vc_column_text][\/vc_column][\/vc_row][vc_row disable_element=\u00a0\u00bbyes\u00a0\u00bb full_width=\u00a0\u00bb\u00a0\u00bb parallax=\u00a0\u00bb\u00a0\u00bb parallax_image=\u00a0\u00bb\u00a0\u00bb][vc_column width=\u00a0\u00bb1\/3&Prime;][vc_single_image image=\u00a0\u00bb2613&Prime; alignment=\u00a0\u00bbcenter\u00a0\u00bb style=\u00a0\u00bbvc_box_rounded\u00a0\u00bb css_animation=\u00a0\u00bbleft-to-right\u00a0\u00bb img_size=\u00a0\u00bbthumbnail\u00a0\u00bb][vc_column_text c_id=\u00a0\u00bb.vc_1453213149016&Prime;]<\/p>\n<h4 style=\"text-align: center;\">Toyota<\/h4>\n<p>[\/vc_column_text][\/vc_column][vc_column width=\u00a0\u00bb1\/3&Prime;][vc_single_image image=\u00a0\u00bb2554&Prime; alignment=\u00a0\u00bbcenter\u00a0\u00bb style=\u00a0\u00bbvc_box_rounded\u00a0\u00bb css_animation=\u00a0\u00bbbottom-to-top\u00a0\u00bb img_size=\u00a0\u00bbthumbnail\u00a0\u00bb][vc_column_text c_id=\u00a0\u00bb.vc_1431350557775&Prime;]<\/p>\n<h4 style=\"text-align: center;\">Sofitel<\/h4>\n<p>[\/vc_column_text][\/vc_column][vc_column width=\u00a0\u00bb1\/3&Prime;][vc_single_image image=\u00a0\u00bb2922&Prime; alignment=\u00a0\u00bbcenter\u00a0\u00bb style=\u00a0\u00bbvc_box_rounded\u00a0\u00bb css_animation=\u00a0\u00bbright-to-left\u00a0\u00bb img_size=\u00a0\u00bbthumbnail\u00a0\u00bb][vc_column_text c_id=\u00a0\u00bb.vc_1453213389116&Prime;]<\/p>\n<h4 style=\"text-align: center;\">NH Hotels<\/h4>\n<p>[\/vc_column_text][\/vc_column][\/vc_row]<\/p>\n<\/div>","protected":false},"excerpt":{"rendered":"<p>[vc_row full_width=\u00a0\u00bb\u00a0\u00bb parallax=\u00a0\u00bb\u00a0\u00bb parallax_image=\u00a0\u00bb\u00a0\u00bb css=\u00a0\u00bb.vc_custom_1726086581756{margin-top: 100px !important;}\u00a0\u00bb][vc_column width=\u00a0\u00bb1\/2&Prime;][ivan_title align=\u00a0\u00bbleft\u00a0\u00bb c_id=\u00a0\u00bb.vc_1453218617900&Prime;]Parfum signature[\/ivan_title][vc_separator type=\u00a0\u00bbsmall\u00a0\u00bb position=\u00a0\u00bbleft\u00a0\u00bb opacity=\u00a0\u00bb0.2&Prime; width=\u00a0\u00bb60&Prime;][vc_column_text c_id=\u00a0\u00bb.vc_1453218761557&Prime;]Afin de mieux vous d\u00e9marquer de la concurrence pourquoi ne pas demander \u00e0 nos parfumeurs de d\u00e9velopper votre propre parfum signature, parfaitement adapt\u00e9e \u00e0 votre marque et qui vous sera exclusif. Que vous choisissiez votre propre parfum de diffusion parmi [&hellip;]<\/p>\n","protected":false},"author":2,"featured_media":0,"parent":2888,"menu_order":0,"comment_status":"closed","ping_status":"closed","template":"","meta":{"om_disable_all_campaigns":false,"ocean_post_layout":"","ocean_both_sidebars_style":"","ocean_both_sidebars_content_width":0,"ocean_both_sidebars_sidebars_width":0,"ocean_sidebar":"cs-2","ocean_second_sidebar":"0","ocean_disable_margins":"enable","ocean_add_body_class":"","ocean_shortcode_before_top_bar":"","ocean_shortcode_after_top_bar":"","ocean_shortcode_before_header":"","ocean_shortcode_after_header":"","ocean_has_shortcode":"","ocean_shortcode_after_title":"","ocean_shortcode_before_footer_widgets":"","ocean_shortcode_after_footer_widgets":"","ocean_shortcode_before_footer_bottom":"","ocean_shortcode_after_footer_bottom":"","ocean_display_top_bar":"default","ocean_display_header":"default","ocean_header_style":"","ocean_center_header_left_menu":"0","ocean_custom_header_template":"0","ocean_custom_logo":0,"ocean_custom_retina_logo":0,"ocean_custom_logo_max_width":0,"ocean_custom_logo_tablet_max_width":0,"ocean_custom_logo_mobile_max_width":0,"ocean_custom_logo_max_height":0,"ocean_custom_logo_tablet_max_height":0,"ocean_custom_logo_mobile_max_height":0,"ocean_header_custom_menu":"0","ocean_menu_typo_font_family":"0","ocean_menu_typo_font_subset":"","ocean_menu_typo_font_size":0,"ocean_menu_typo_font_size_tablet":0,"ocean_menu_typo_font_size_mobile":0,"ocean_menu_typo_font_size_unit":"px","ocean_menu_typo_font_weight":"","ocean_menu_typo_font_weight_tablet":"","ocean_menu_typo_font_weight_mobile":"","ocean_menu_typo_transform":"","ocean_menu_typo_transform_tablet":"","ocean_menu_typo_transform_mobile":"","ocean_menu_typo_line_height":0,"ocean_menu_typo_line_height_tablet":0,"ocean_menu_typo_line_height_mobile":0,"ocean_menu_typo_line_height_unit":"","ocean_menu_typo_spacing":0,"ocean_menu_typo_spacing_tablet":0,"ocean_menu_typo_spacing_mobile":0,"ocean_menu_typo_spacing_unit":"","ocean_menu_link_color":"","ocean_menu_link_color_hover":"","ocean_menu_link_color_active":"","ocean_menu_link_background":"","ocean_menu_link_hover_background":"","ocean_menu_link_active_background":"","ocean_menu_social_links_bg":"","ocean_menu_social_hover_links_bg":"","ocean_menu_social_links_color":"","ocean_menu_social_hover_links_color":"","ocean_disable_title":"on","ocean_disable_heading":"default","ocean_post_title":"","ocean_post_subheading":"","ocean_post_title_style":"","ocean_post_title_background_color":"","ocean_post_title_background":0,"ocean_post_title_bg_image_position":"","ocean_post_title_bg_image_attachment":"","ocean_post_title_bg_image_repeat":"","ocean_post_title_bg_image_size":"","ocean_post_title_height":0,"ocean_post_title_bg_overlay":0.5,"ocean_post_title_bg_overlay_color":"","ocean_disable_breadcrumbs":"default","ocean_breadcrumbs_color":"","ocean_breadcrumbs_separator_color":"","ocean_breadcrumbs_links_color":"","ocean_breadcrumbs_links_hover_color":"","ocean_display_footer_widgets":"default","ocean_display_footer_bottom":"default","ocean_custom_footer_template":"0","footnotes":""},"class_list":["post-2934","page","type-page","status-publish","hentry","entry"],"yoast_head":"<!-- This site is optimized with the Yoast SEO plugin v27.2 - https:\/\/yoast.com\/product\/yoast-seo-wordpress\/ -->\n<title>Parfum signature - Emoliquids<\/title>\n<meta name=\"robots\" content=\"index, follow, max-snippet:-1, max-image-preview:large, max-video-preview:-1\" \/>\n<link rel=\"canonical\" href=\"https:\/\/www.emoliquids.com\/fr\/produits\/parfum-signature\/\" \/>\n<meta property=\"og:locale\" content=\"fr_FR\" \/>\n<meta property=\"og:type\" content=\"article\" \/>\n<meta property=\"og:title\" content=\"Parfum signature - Emoliquids\" \/>\n<meta property=\"og:description\" content=\"[vc_row full_width=\u00a0\u00bb\u00a0\u00bb parallax=\u00a0\u00bb\u00a0\u00bb parallax_image=\u00a0\u00bb\u00a0\u00bb css=\u00a0\u00bb.vc_custom_1726086581756{margin-top: 100px !important;}\u00a0\u00bb][vc_column width=\u00a0\u00bb1\/2&Prime;][ivan_title align=\u00a0\u00bbleft\u00a0\u00bb c_id=\u00a0\u00bb.vc_1453218617900&Prime;]Parfum signature[\/ivan_title][vc_separator type=\u00a0\u00bbsmall\u00a0\u00bb position=\u00a0\u00bbleft\u00a0\u00bb opacity=\u00a0\u00bb0.2&Prime; width=\u00a0\u00bb60&Prime;][vc_column_text c_id=\u00a0\u00bb.vc_1453218761557&Prime;]Afin de mieux vous d\u00e9marquer de la concurrence pourquoi ne pas demander \u00e0 nos parfumeurs de d\u00e9velopper votre propre parfum signature, parfaitement adapt\u00e9e \u00e0 votre marque et qui vous sera exclusif. Que vous choisissiez votre propre parfum de diffusion parmi [&hellip;]\" \/>\n<meta property=\"og:url\" content=\"https:\/\/www.emoliquids.com\/fr\/produits\/parfum-signature\/\" \/>\n<meta property=\"og:site_name\" content=\"Emoliquids\" \/>\n<meta property=\"article:publisher\" content=\"https:\/\/www.facebook.com\/emoliquids\/\" \/>\n<meta property=\"article:modified_time\" content=\"2024-09-11T20:29:48+00:00\" \/>\n<meta property=\"og:image\" content=\"https:\/\/www.emoliquids.com\/wp-content\/uploads\/2015\/02\/logo-normal-hd.png\" \/>\n<meta name=\"twitter:label1\" content=\"Dur\u00e9e de lecture estim\u00e9e\" \/>\n\t<meta name=\"twitter:data1\" content=\"2 minutes\" \/>\n<script type=\"application\/ld+json\" class=\"yoast-schema-graph\">{\"@context\":\"https:\/\/schema.org\",\"@graph\":[{\"@type\":\"WebPage\",\"@id\":\"https:\/\/www.emoliquids.com\/fr\/produits\/parfum-signature\/\",\"url\":\"https:\/\/www.emoliquids.com\/fr\/produits\/parfum-signature\/\",\"name\":\"Parfum signature - Emoliquids\",\"isPartOf\":{\"@id\":\"https:\/\/www.emoliquids.com\/#website\"},\"datePublished\":\"2016-01-19T14:01:15+00:00\",\"dateModified\":\"2024-09-11T20:29:48+00:00\",\"breadcrumb\":{\"@id\":\"https:\/\/www.emoliquids.com\/fr\/produits\/parfum-signature\/#breadcrumb\"},\"inLanguage\":\"fr-FR\",\"potentialAction\":[{\"@type\":\"ReadAction\",\"target\":[\"https:\/\/www.emoliquids.com\/fr\/produits\/parfum-signature\/\"]}]},{\"@type\":\"BreadcrumbList\",\"@id\":\"https:\/\/www.emoliquids.com\/fr\/produits\/parfum-signature\/#breadcrumb\",\"itemListElement\":[{\"@type\":\"ListItem\",\"position\":1,\"name\":\"Home\",\"item\":\"https:\/\/www.emoliquids.com\/fr\/\"},{\"@type\":\"ListItem\",\"position\":2,\"name\":\"Produits\",\"item\":\"https:\/\/www.emoliquids.com\/fr\/produits\/\"},{\"@type\":\"ListItem\",\"position\":3,\"name\":\"Parfum signature\"}]},{\"@type\":\"WebSite\",\"@id\":\"https:\/\/www.emoliquids.com\/#website\",\"url\":\"https:\/\/www.emoliquids.com\/\",\"name\":\"Emoliquids\",\"description\":\"\",\"publisher\":{\"@id\":\"https:\/\/www.emoliquids.com\/#organization\"},\"potentialAction\":[{\"@type\":\"SearchAction\",\"target\":{\"@type\":\"EntryPoint\",\"urlTemplate\":\"https:\/\/www.emoliquids.com\/?s={search_term_string}\"},\"query-input\":{\"@type\":\"PropertyValueSpecification\",\"valueRequired\":true,\"valueName\":\"search_term_string\"}}],\"inLanguage\":\"fr-FR\"},{\"@type\":\"Organization\",\"@id\":\"https:\/\/www.emoliquids.com\/#organization\",\"name\":\"Emoliquids\",\"url\":\"https:\/\/www.emoliquids.com\/\",\"logo\":{\"@type\":\"ImageObject\",\"inLanguage\":\"fr-FR\",\"@id\":\"https:\/\/www.emoliquids.com\/#\/schema\/logo\/image\/\",\"url\":\"https:\/\/www.emoliquids.com\/wp-content\/uploads\/2016\/12\/cropped-emoliquids-logo-2017-retina-light.png\",\"contentUrl\":\"https:\/\/www.emoliquids.com\/wp-content\/uploads\/2016\/12\/cropped-emoliquids-logo-2017-retina-light.png\",\"width\":1000,\"height\":274,\"caption\":\"Emoliquids\"},\"image\":{\"@id\":\"https:\/\/www.emoliquids.com\/#\/schema\/logo\/image\/\"},\"sameAs\":[\"https:\/\/www.facebook.com\/emoliquids\/\"]}]}<\/script>\n<!-- \/ Yoast SEO plugin. -->","yoast_head_json":{"title":"Parfum signature - Emoliquids","robots":{"index":"index","follow":"follow","max-snippet":"max-snippet:-1","max-image-preview":"max-image-preview:large","max-video-preview":"max-video-preview:-1"},"canonical":"https:\/\/www.emoliquids.com\/fr\/produits\/parfum-signature\/","og_locale":"fr_FR","og_type":"article","og_title":"Parfum signature - Emoliquids","og_description":"[vc_row full_width=\u00a0\u00bb\u00a0\u00bb parallax=\u00a0\u00bb\u00a0\u00bb parallax_image=\u00a0\u00bb\u00a0\u00bb css=\u00a0\u00bb.vc_custom_1726086581756{margin-top: 100px !important;}\u00a0\u00bb][vc_column width=\u00a0\u00bb1\/2&Prime;][ivan_title align=\u00a0\u00bbleft\u00a0\u00bb c_id=\u00a0\u00bb.vc_1453218617900&Prime;]Parfum signature[\/ivan_title][vc_separator type=\u00a0\u00bbsmall\u00a0\u00bb position=\u00a0\u00bbleft\u00a0\u00bb opacity=\u00a0\u00bb0.2&Prime; width=\u00a0\u00bb60&Prime;][vc_column_text c_id=\u00a0\u00bb.vc_1453218761557&Prime;]Afin de mieux vous d\u00e9marquer de la concurrence pourquoi ne pas demander \u00e0 nos parfumeurs de d\u00e9velopper votre propre parfum signature, parfaitement adapt\u00e9e \u00e0 votre marque et qui vous sera exclusif. Que vous choisissiez votre propre parfum de diffusion parmi [&hellip;]","og_url":"https:\/\/www.emoliquids.com\/fr\/produits\/parfum-signature\/","og_site_name":"Emoliquids","article_publisher":"https:\/\/www.facebook.com\/emoliquids\/","article_modified_time":"2024-09-11T20:29:48+00:00","og_image":[{"url":"https:\/\/www.emoliquids.com\/wp-content\/uploads\/2015\/02\/logo-normal-hd.png","type":"","width":"","height":""}],"twitter_misc":{"Dur\u00e9e de lecture estim\u00e9e":"2 minutes"},"schema":{"@context":"https:\/\/schema.org","@graph":[{"@type":"WebPage","@id":"https:\/\/www.emoliquids.com\/fr\/produits\/parfum-signature\/","url":"https:\/\/www.emoliquids.com\/fr\/produits\/parfum-signature\/","name":"Parfum signature - Emoliquids","isPartOf":{"@id":"https:\/\/www.emoliquids.com\/#website"},"datePublished":"2016-01-19T14:01:15+00:00","dateModified":"2024-09-11T20:29:48+00:00","breadcrumb":{"@id":"https:\/\/www.emoliquids.com\/fr\/produits\/parfum-signature\/#breadcrumb"},"inLanguage":"fr-FR","potentialAction":[{"@type":"ReadAction","target":["https:\/\/www.emoliquids.com\/fr\/produits\/parfum-signature\/"]}]},{"@type":"BreadcrumbList","@id":"https:\/\/www.emoliquids.com\/fr\/produits\/parfum-signature\/#breadcrumb","itemListElement":[{"@type":"ListItem","position":1,"name":"Home","item":"https:\/\/www.emoliquids.com\/fr\/"},{"@type":"ListItem","position":2,"name":"Produits","item":"https:\/\/www.emoliquids.com\/fr\/produits\/"},{"@type":"ListItem","position":3,"name":"Parfum signature"}]},{"@type":"WebSite","@id":"https:\/\/www.emoliquids.com\/#website","url":"https:\/\/www.emoliquids.com\/","name":"Emoliquids","description":"","publisher":{"@id":"https:\/\/www.emoliquids.com\/#organization"},"potentialAction":[{"@type":"SearchAction","target":{"@type":"EntryPoint","urlTemplate":"https:\/\/www.emoliquids.com\/?s={search_term_string}"},"query-input":{"@type":"PropertyValueSpecification","valueRequired":true,"valueName":"search_term_string"}}],"inLanguage":"fr-FR"},{"@type":"Organization","@id":"https:\/\/www.emoliquids.com\/#organization","name":"Emoliquids","url":"https:\/\/www.emoliquids.com\/","logo":{"@type":"ImageObject","inLanguage":"fr-FR","@id":"https:\/\/www.emoliquids.com\/#\/schema\/logo\/image\/","url":"https:\/\/www.emoliquids.com\/wp-content\/uploads\/2016\/12\/cropped-emoliquids-logo-2017-retina-light.png","contentUrl":"https:\/\/www.emoliquids.com\/wp-content\/uploads\/2016\/12\/cropped-emoliquids-logo-2017-retina-light.png","width":1000,"height":274,"caption":"Emoliquids"},"image":{"@id":"https:\/\/www.emoliquids.com\/#\/schema\/logo\/image\/"},"sameAs":["https:\/\/www.facebook.com\/emoliquids\/"]}]}},"_links":{"self":[{"href":"https:\/\/www.emoliquids.com\/fr\/wp-json\/wp\/v2\/pages\/2934","targetHints":{"allow":["GET"]}}],"collection":[{"href":"https:\/\/www.emoliquids.com\/fr\/wp-json\/wp\/v2\/pages"}],"about":[{"href":"https:\/\/www.emoliquids.com\/fr\/wp-json\/wp\/v2\/types\/page"}],"author":[{"embeddable":true,"href":"https:\/\/www.emoliquids.com\/fr\/wp-json\/wp\/v2\/users\/2"}],"replies":[{"embeddable":true,"href":"https:\/\/www.emoliquids.com\/fr\/wp-json\/wp\/v2\/comments?post=2934"}],"version-history":[{"count":6,"href":"https:\/\/www.emoliquids.com\/fr\/wp-json\/wp\/v2\/pages\/2934\/revisions"}],"predecessor-version":[{"id":5573,"href":"https:\/\/www.emoliquids.com\/fr\/wp-json\/wp\/v2\/pages\/2934\/revisions\/5573"}],"up":[{"embeddable":true,"href":"https:\/\/www.emoliquids.com\/fr\/wp-json\/wp\/v2\/pages\/2888"}],"wp:attachment":[{"href":"https:\/\/www.emoliquids.com\/fr\/wp-json\/wp\/v2\/media?parent=2934"}],"curies":[{"name":"wp","href":"https:\/\/api.w.org\/{rel}","templated":true}]}}