{"id":2866,"date":"2014-10-05T18:15:24","date_gmt":"2014-10-05T18:15:24","guid":{"rendered":"https:\/\/www.emoliquids.com\/scent-marketing-2\/"},"modified":"2024-09-08T23:01:03","modified_gmt":"2024-09-08T21:01:03","slug":"marketing-olfactif","status":"publish","type":"page","link":"https:\/\/www.emoliquids.com\/fr\/marketing-olfactif\/","title":{"rendered":"Marketing olfactif"},"content":{"rendered":"<div class=\"wpb-content-wrapper\"><p>[vc_row m_bottom=\u00a0\u00bb120&Prime; v_center=\u00a0\u00bbyes\u00a0\u00bb][vc_column width=\u00a0\u00bb1\/2&Prime;][vc_single_image image=\u00a0\u00bb5113&Prime; alignment=\u00a0\u00bbcenter\u00a0\u00bb img_size=\u00a0\u00bblarge\u00a0\u00bb css=\u00a0\u00bb.vc_custom_1693319688747{padding: 25% !important;}\u00a0\u00bb][\/vc_column][vc_column width=\u00a0\u00bb1\/2&Prime;][ivan_title title_tag=\u00a0\u00bbh2&Prime; align=\u00a0\u00bbleft\u00a0\u00bb c_id=\u00a0\u00bb.vc_1452978748007&Prime; sub=\u00a0\u00bbLier une marque \u00e0 un parfum\u00a0\u00bb]Marketing olfactif[\/ivan_title][vc_separator type=\u00a0\u00bbsmall\u00a0\u00bb position=\u00a0\u00bbleft\u00a0\u00bb opacity=\u00a0\u00bb0.2&Prime; width=\u00a0\u00bb60&Prime;][vc_column_text c_id=\u00a0\u00bb.vc_1452978782008&Prime;]Le marketing sensoriel olfactif est bien plus qu&rsquo;une simple diffusion de fragrance. C&rsquo;est l&rsquo;art de marier votre marque \u00e0 vos messages marketing et \u00e0 votre client\u00e8le, \u00e0 un parfum unique qui embrasse votre culture et votre image.<\/p>\n<p>Cela peut devenir tr\u00e8s efficace dans des environnements o\u00f9 d&rsquo;autres d\u00e9clencheurs sensoriels, tels que l&rsquo;utilisation d&rsquo;un \u00e9clairage discret, le son et le visuel luxueux se combinent afin que les marques \u00e9tablissent une connexion plus durable et \u00e9motionnelle avec les consommateurs.[\/vc_column_text][\/vc_column][\/vc_row][vc_row m_bottom=\u00a0\u00bb120&Prime; v_center=\u00a0\u00bbyes\u00a0\u00bb][vc_column width=\u00a0\u00bb1\/2&Prime;][ivan_title title_tag=\u00a0\u00bbh2&Prime; align=\u00a0\u00bbleft\u00a0\u00bb c_id=\u00a0\u00bb.vc_1452978814629&Prime; sub=\u00a0\u00bbDes clients satisfaits, qui s&rsquo;attardent plus\u00a0\u00bb]R\u00e9sultats instantan\u00e9s[\/ivan_title][vc_separator type=\u00a0\u00bbsmall\u00a0\u00bb position=\u00a0\u00bbleft\u00a0\u00bb opacity=\u00a0\u00bb0.2&Prime; width=\u00a0\u00bb60&Prime;][vc_column_text c_id=\u00a0\u00bb.vc_1693490785877&Prime;]En tant qu&rsquo;experts en marketing et plus sp\u00e9cifique en marketing olfactif, nous effectuons en premier temps une analyse d\u00e9taill\u00e9e de votre entreprise, sur base de cette analyse nous obtenons une image claire de votre mission, du look &amp; feel de votre entreprise et de l&rsquo;image que vous souhaitez rayonner.<\/p>\n<p>Gr\u00e2ce \u00e0 ces r\u00e9sultats, nous pouvons cr\u00e9er le parfum pour votre entreprise afin que votre concept marketing et votre image de marque soient pleinement en synergie avec le parfum que vous avez choisi.<\/p>\n<p><a href=\"https:\/\/www.emoliquids.com\/fr\/produits\/parfum-signature\/\">Renseignez-vous sur les fragrances signature d&rsquo;Emoliquids<\/a>[\/vc_column_text][\/vc_column][vc_column width=\u00a0\u00bb1\/2&Prime;][vc_single_image image=\u00a0\u00bb5120&Prime; alignment=\u00a0\u00bbcenter\u00a0\u00bb img_size=\u00a0\u00bblarge\u00a0\u00bb][\/vc_column][\/vc_row][vc_row full_width=\u00a0\u00bbstretch_row\u00a0\u00bb css=\u00a0\u00bb.vc_custom_1452974539674{padding-top: 50px !important;padding-bottom: 50px !important;background-color: #f7f7f7 !important;}\u00a0\u00bb][vc_column][ivan_title title_tag=\u00a0\u00bbh2&Prime; c_id=\u00a0\u00bb.vc_1452978898976&Prime; sub=\u00a0\u00bbPlus qu&rsquo;une attraction marketing\u00a0\u00bb]La science[\/ivan_title][vc_separator type=\u00a0\u00bbsmall\u00a0\u00bb opacity=\u00a0\u00bb0.2&Prime; width=\u00a0\u00bb60&Prime;][vc_column_text c_id=\u00a0\u00bb.vc_1452978915125&Prime; el_class=\u00a0\u00bbblack-text\u00a0\u00bb]L&rsquo;odorat est plus sophistiqu\u00e9 que n&rsquo;importe quel autre sens humain. Les r\u00e9cepteurs olfactifs du nez se connectent directement \u00e0 la section du cerveau qui est en liaison avec la m\u00e9moire et les \u00e9motions.<\/p>\n<p>Si puissant, en fait, l&rsquo;odorat affecte 75% de nos \u00e9motions quotidiennes. Il est le lien \u00e9troit entre la glande olfactive, qui enregistre l&rsquo;odorat, et le syst\u00e8me limbique, qui r\u00e9git l&rsquo;\u00e9motion et les souvenirs.[\/vc_column_text][iv_quote text=\u00a0\u00bbLes fragrances peuvent avoir un effet b\u00e9n\u00e9fique sur le stress, la d\u00e9pression, l&rsquo;apathie, et peut am\u00e9liorer les facteurs positifs comme la joie, la sensualit\u00e9, la d\u00e9tente et la stimulation.\u00a0\u00bb icon=\u00a0\u00bbyes\u00a0\u00bb c_id=\u00a0\u00bb.vc_1452978939126&Prime; author=\u00a0\u00bbStephen Warrenburg (IFF) Gary E. Schwartz (Yale University)\u00a0\u00bb][iv_quote text=\u00a0\u00bbLes chercheurs notent qu&rsquo;une diffusion de lavande pendant les heures de pauses am\u00e9liore la productivit\u00e9 et la performance sur les lieux de travail.\u00a0\u00bb icon=\u00a0\u00bbyes\u00a0\u00bb c_id=\u00a0\u00bb.vc_1452978965738&Prime; author=\u00a0\u00bbSakamoto, et al, 2006 Oxford Journals | Life Sciences &amp; Medicine | Chemical Senses\u00a0\u00bb][iv_quote text=\u00a0\u00bbSoixante-cinq pour cent des \u00e9motions que nous g\u00e9n\u00e9rons sur une base quotidienne sont touch\u00e9s par l&rsquo;odorat. Apr\u00e8s \u00e0 la vue, c&rsquo;est le sens le plus important que nous ayons.\u00a0\u00bb icon=\u00a0\u00bbyes\u00a0\u00bb c_id=\u00a0\u00bb.vc_1452979004152&Prime; author=\u00a0\u00bbMartin Lindstrom | Brand Sense: construire des marques puissantes par le toucher, le go\u00fbt, odorat, la vue et le son\u00a0\u00bb][\/vc_column][\/vc_row][vc_row css=\u00a0\u00bb.vc_custom_1452974554708{padding-top: 50px !important;padding-bottom: 50px !important;}\u00a0\u00bb][vc_column][ivan_title title_tag=\u00a0\u00bbh2&Prime; c_id=\u00a0\u00bb.vc_1452979031663&Prime; sub=\u00a0\u00bbC&rsquo;est ce qui est \u00e0 l&rsquo;int\u00e9rieur qui compte\u00a0\u00bb]Pourquoi Emoliquids[\/ivan_title][vc_separator type=\u00a0\u00bbsmall\u00a0\u00bb opacity=\u00a0\u00bb0.2&Prime; width=\u00a0\u00bb60&Prime;][\/vc_column][\/vc_row][vc_row m_bottom=\u00a0\u00bb120&Prime; v_center=\u00a0\u00bbyes\u00a0\u00bb][vc_column width=\u00a0\u00bb1\/2&Prime;][vc_single_image image=\u00a0\u00bb2844&Prime; alignment=\u00a0\u00bbcenter\u00a0\u00bb img_size=\u00a0\u00bblarge\u00a0\u00bb][\/vc_column][vc_column width=\u00a0\u00bb1\/2&Prime;][ivan_title title_tag=\u00a0\u00bbh2&Prime; align=\u00a0\u00bbleft\u00a0\u00bb c_id=\u00a0\u00bb.vc_1452979067013&Prime; sub=\u00a0\u00bbFragrance de qualit\u00e9 parfum\u00a0\u00bb]Parfums de qualit\u00e9[\/ivan_title][vc_separator type=\u00a0\u00bbsmall\u00a0\u00bb position=\u00a0\u00bbleft\u00a0\u00bb opacity=\u00a0\u00bb0.2&Prime; width=\u00a0\u00bb60&Prime;][vc_column_text c_id=\u00a0\u00bb.vc_1694953159358&Prime;]Utilisant uniquement des parfums de haute qualit\u00e9 provenant du monde entier, Emoliquids\u00a0garantit que toutes les fragrances offrent un ar\u00f4me coh\u00e9rent et attirant. Nous rejetons les produits de qualit\u00e9 m\u00e9diocre, \u00e0 base chimique, ou d\u00e9montrant des caract\u00e8res incomplets.<\/p>\n<p>Les huiles essentielles de diffusion d&rsquo;Emoliquids\u00a0essential oil sont fait \u00e0 partir d&rsquo;un assemblage d&rsquo;huiles essentielles 100% naturelles, sans dilutions, additifs ou autres produits chimiques. Les fragrances utilis\u00e9es pour les diffusions sont fabriqu\u00e9es en accord avec les principes de r\u00e9glementation de l&rsquo;IFRA (International Fragrance Association).<\/p>\n<p>Voulez vous savoir quel fragrance se marie le mieux avec votre magasin ou souhaitez vous cr\u00e9er votre propre parfum d\u2019ambiance sur mesure de votre marque? N\u2019h\u00e9sitez certainement pas \u00e0 nous contacter afin que nous puissions vous conseiller et c\u2019est avec plaisir que nous planifions une visite de d\u00e9gustation de fragrance.<br \/>\nEnvoyer nous un mail \u00e0 <a href=\"mailto:info@emoliquids.com\">info@emoliquids.com<\/a> ou contacter nous au 0032\/475290302[\/vc_column_text][\/vc_column][\/vc_row][vc_row m_bottom=\u00a0\u00bb120&Prime; v_center=\u00a0\u00bbyes\u00a0\u00bb][vc_column][ivan_title title_tag=\u00a0\u00bbh2&Prime; align=\u00a0\u00bbleft\u00a0\u00bb c_id=\u00a0\u00bb.vc_1452980183859&Prime; sub=\u00a0\u00bbDiffusion consistante\u00a0\u00bb]Technologie[\/ivan_title][vc_separator type=\u00a0\u00bbsmall\u00a0\u00bb position=\u00a0\u00bbleft\u00a0\u00bb opacity=\u00a0\u00bb0.2&Prime; width=\u00a0\u00bb60&Prime;][vc_column_text c_id=\u00a0\u00bb.vc_1453293423163&Prime;]Nos syst\u00e8mes de diffusion de parfum font appel \u00e0 une technologie fiable et consistante. Cela garantit un niveau de diffusion de fragrance ponctuel, sans interruptions, semaines apr\u00e8s semaines. Nos syst\u00e8mes sont bien plus efficace que les diffusions \u00e0 \u00e9vaporation ou op\u00e9rant avec des syst\u00e8mes de diffusion \u00e0 base de gel.<\/p>\n<p><strong>Technologie brevet\u00e9e<\/strong><\/p>\n<p>Gr\u00e2ce \u00e0 une technologie brevet\u00e9e de \u00ab\u00a0diffusion \u00e0 air-froid\u00a0\u00bb, nous \u00a0garantissons que la qualit\u00e9 de chaque fragrance est maintenue tout au long du processus de diffusion.<\/p>\n<p>Contrairement aux m\u00e9thodes \u00e0 air-chaud ou \u00e0 \u00e9vaporation, la diffusion \u00e0 air-froid assure que la propri\u00e9t\u00e9s des huiles naturelles soit maintenue, sans compromettre l&rsquo;int\u00e9grit\u00e9 et la qualit\u00e9 des ar\u00f4mes.<\/p>\n<p><a href=\"\/?page_id=2970\">Voir notre\u00a0gamme de diffuseurs<\/a>[\/vc_column_text][\/vc_column][\/vc_row][vc_row full_width=\u00a0\u00bbstretch_row\u00a0\u00bb css=\u00a0\u00bb.vc_custom_1452974539674{padding-top: 50px !important;padding-bottom: 50px !important;background-color: #f7f7f7 !important;}\u00a0\u00bb][vc_column][ivan_title title_tag=\u00a0\u00bbh2&Prime; c_id=\u00a0\u00bb.vc_1452980391007&Prime; sub=\u00a0\u00bbL&rsquo;exp\u00e9rience est primordiale\u00a0\u00bb]Expertise[\/ivan_title][vc_separator type=\u00a0\u00bbsmall\u00a0\u00bb opacity=\u00a0\u00bb0.2&Prime; width=\u00a0\u00bb60&Prime;][vc_column_text c_id=\u00a0\u00bb.vc_1452980413767&Prime; el_class=\u00a0\u00bbblack-text\u00a0\u00bb]Avec plus de 15 ans d&rsquo;exp\u00e9rience, nous sommes fier d&rsquo;avoir atteint un niveau d&rsquo;exp\u00e9rience et de connaissances unique en Europe. Nous sommes le plus gros fournisseur de technologie de diffusion de fragrance au BeLux, largement consid\u00e9r\u00e9 comme le leader du march\u00e9 de l&rsquo;olfactif.<\/p>\n<p>Avec une \u00e9quipe de designers et de distributeurs au service d&rsquo;une client\u00e8le exigeante, nous sommes implacables dans notre qu\u00eate de qualit\u00e9, de style et d&rsquo;innovation dans tous les aspects de nos activit\u00e9s.[\/vc_column_text][\/vc_column][\/vc_row][vc_row full_width=\u00a0\u00bbstretch_row\u00a0\u00bb css=\u00a0\u00bb.vc_custom_1452976293607{padding-top: 50px !important;}\u00a0\u00bb][vc_column][ivan_title title_tag=\u00a0\u00bbh2&Prime; c_id=\u00a0\u00bb.vc_1452980551629&Prime; sub=\u00a0\u00bbNotre network global est unique\u00a0\u00bb]Network global[\/ivan_title][vc_separator type=\u00a0\u00bbsmall\u00a0\u00bb opacity=\u00a0\u00bb0.2&Prime; width=\u00a0\u00bb60&Prime;][vc_column_text c_id=\u00a0\u00bb.vc_1693319988063&Prime;]Emoliquids est le distributeur exclusive d\u2019Air Aroma, grace \u00e0 ces cinq bureaux r\u00e9gionaux (Australie, Japon, Pays-Bas, Etats-Unis et Hong Kong) et un r\u00e9seaux de distributeurs locaux d\u00e9di\u00e9s \u00e0 Air Aroma nous couvrons plus de 80 pays dans le monde, nous sommes en mesure d&rsquo;assurer un service client\u00e8le unique dans l&rsquo;industrie du marketing olfactif.[\/vc_column_text][\/vc_column][\/vc_row]<\/p>\n<\/div>","protected":false},"excerpt":{"rendered":"<p>[vc_row m_bottom=\u00a0\u00bb120&Prime; v_center=\u00a0\u00bbyes\u00a0\u00bb][vc_column width=\u00a0\u00bb1\/2&Prime;][vc_single_image image=\u00a0\u00bb5113&Prime; alignment=\u00a0\u00bbcenter\u00a0\u00bb img_size=\u00a0\u00bblarge\u00a0\u00bb css=\u00a0\u00bb.vc_custom_1693319688747{padding: 25% !important;}\u00a0\u00bb][\/vc_column][vc_column width=\u00a0\u00bb1\/2&Prime;][ivan_title title_tag=\u00a0\u00bbh2&Prime; align=\u00a0\u00bbleft\u00a0\u00bb c_id=\u00a0\u00bb.vc_1452978748007&Prime; sub=\u00a0\u00bbLier une marque \u00e0 un parfum\u00a0\u00bb]Marketing olfactif[\/ivan_title][vc_separator type=\u00a0\u00bbsmall\u00a0\u00bb position=\u00a0\u00bbleft\u00a0\u00bb opacity=\u00a0\u00bb0.2&Prime; width=\u00a0\u00bb60&Prime;][vc_column_text c_id=\u00a0\u00bb.vc_1452978782008&Prime;]Le marketing sensoriel olfactif est bien plus qu&rsquo;une simple diffusion de fragrance. C&rsquo;est l&rsquo;art de marier votre marque \u00e0 vos messages marketing et \u00e0 votre client\u00e8le, \u00e0 un parfum unique [&hellip;]<\/p>\n","protected":false},"author":2,"featured_media":0,"parent":0,"menu_order":0,"comment_status":"closed","ping_status":"closed","template":"","meta":{"om_disable_all_campaigns":false,"ocean_post_layout":"full-width","ocean_both_sidebars_style":"","ocean_both_sidebars_content_width":0,"ocean_both_sidebars_sidebars_width":0,"ocean_sidebar":"0","ocean_second_sidebar":"0","ocean_disable_margins":"enable","ocean_add_body_class":"","ocean_shortcode_before_top_bar":"","ocean_shortcode_after_top_bar":"","ocean_shortcode_before_header":"","ocean_shortcode_after_header":"","ocean_has_shortcode":"","ocean_shortcode_after_title":"","ocean_shortcode_before_footer_widgets":"","ocean_shortcode_after_footer_widgets":"","ocean_shortcode_before_footer_bottom":"","ocean_shortcode_after_footer_bottom":"","ocean_display_top_bar":"default","ocean_display_header":"default","ocean_header_style":"","ocean_center_header_left_menu":"0","ocean_custom_header_template":"0","ocean_custom_logo":0,"ocean_custom_retina_logo":0,"ocean_custom_logo_max_width":0,"ocean_custom_logo_tablet_max_width":0,"ocean_custom_logo_mobile_max_width":0,"ocean_custom_logo_max_height":0,"ocean_custom_logo_tablet_max_height":0,"ocean_custom_logo_mobile_max_height":0,"ocean_header_custom_menu":"0","ocean_menu_typo_font_family":"0","ocean_menu_typo_font_subset":"","ocean_menu_typo_font_size":0,"ocean_menu_typo_font_size_tablet":0,"ocean_menu_typo_font_size_mobile":0,"ocean_menu_typo_font_size_unit":"px","ocean_menu_typo_font_weight":"","ocean_menu_typo_font_weight_tablet":"","ocean_menu_typo_font_weight_mobile":"","ocean_menu_typo_transform":"","ocean_menu_typo_transform_tablet":"","ocean_menu_typo_transform_mobile":"","ocean_menu_typo_line_height":0,"ocean_menu_typo_line_height_tablet":0,"ocean_menu_typo_line_height_mobile":0,"ocean_menu_typo_line_height_unit":"","ocean_menu_typo_spacing":0,"ocean_menu_typo_spacing_tablet":0,"ocean_menu_typo_spacing_mobile":0,"ocean_menu_typo_spacing_unit":"","ocean_menu_link_color":"","ocean_menu_link_color_hover":"","ocean_menu_link_color_active":"","ocean_menu_link_background":"","ocean_menu_link_hover_background":"","ocean_menu_link_active_background":"","ocean_menu_social_links_bg":"","ocean_menu_social_hover_links_bg":"","ocean_menu_social_links_color":"","ocean_menu_social_hover_links_color":"","ocean_disable_title":"on","ocean_disable_heading":"default","ocean_post_title":"","ocean_post_subheading":"","ocean_post_title_style":"","ocean_post_title_background_color":"","ocean_post_title_background":0,"ocean_post_title_bg_image_position":"","ocean_post_title_bg_image_attachment":"","ocean_post_title_bg_image_repeat":"","ocean_post_title_bg_image_size":"","ocean_post_title_height":0,"ocean_post_title_bg_overlay":0.5,"ocean_post_title_bg_overlay_color":"","ocean_disable_breadcrumbs":"default","ocean_breadcrumbs_color":"","ocean_breadcrumbs_separator_color":"","ocean_breadcrumbs_links_color":"","ocean_breadcrumbs_links_hover_color":"","ocean_display_footer_widgets":"default","ocean_display_footer_bottom":"default","ocean_custom_footer_template":"0","footnotes":""},"class_list":["post-2866","page","type-page","status-publish","hentry","entry"],"yoast_head":"<!-- This site is optimized with the Yoast SEO plugin v27.2 - https:\/\/yoast.com\/product\/yoast-seo-wordpress\/ -->\n<title>Marketing olfactif - Emoliquids<\/title>\n<meta name=\"robots\" content=\"index, follow, max-snippet:-1, max-image-preview:large, max-video-preview:-1\" \/>\n<link rel=\"canonical\" href=\"https:\/\/www.emoliquids.com\/fr\/marketing-olfactif\/\" \/>\n<meta property=\"og:locale\" content=\"fr_FR\" \/>\n<meta property=\"og:type\" content=\"article\" \/>\n<meta property=\"og:title\" content=\"Marketing olfactif - Emoliquids\" \/>\n<meta property=\"og:description\" content=\"[vc_row m_bottom=\u00a0\u00bb120&Prime; v_center=\u00a0\u00bbyes\u00a0\u00bb][vc_column width=\u00a0\u00bb1\/2&Prime;][vc_single_image image=\u00a0\u00bb5113&Prime; alignment=\u00a0\u00bbcenter\u00a0\u00bb img_size=\u00a0\u00bblarge\u00a0\u00bb css=\u00a0\u00bb.vc_custom_1693319688747{padding: 25% !important;}\u00a0\u00bb][\/vc_column][vc_column width=\u00a0\u00bb1\/2&Prime;][ivan_title title_tag=\u00a0\u00bbh2&Prime; align=\u00a0\u00bbleft\u00a0\u00bb c_id=\u00a0\u00bb.vc_1452978748007&Prime; sub=\u00a0\u00bbLier une marque \u00e0 un parfum\u00a0\u00bb]Marketing olfactif[\/ivan_title][vc_separator type=\u00a0\u00bbsmall\u00a0\u00bb position=\u00a0\u00bbleft\u00a0\u00bb opacity=\u00a0\u00bb0.2&Prime; width=\u00a0\u00bb60&Prime;][vc_column_text c_id=\u00a0\u00bb.vc_1452978782008&Prime;]Le marketing sensoriel olfactif est bien plus qu&rsquo;une simple diffusion de fragrance. C&rsquo;est l&rsquo;art de marier votre marque \u00e0 vos messages marketing et \u00e0 votre client\u00e8le, \u00e0 un parfum unique [&hellip;]\" \/>\n<meta property=\"og:url\" content=\"https:\/\/www.emoliquids.com\/fr\/marketing-olfactif\/\" \/>\n<meta property=\"og:site_name\" content=\"Emoliquids\" \/>\n<meta property=\"article:publisher\" content=\"https:\/\/www.facebook.com\/emoliquids\/\" \/>\n<meta property=\"article:modified_time\" content=\"2024-09-08T21:01:03+00:00\" \/>\n<meta property=\"og:image\" content=\"https:\/\/www.emoliquids.com\/wp-content\/uploads\/2015\/02\/logo-normal-hd.png\" \/>\n<meta name=\"twitter:label1\" content=\"Dur\u00e9e de lecture estim\u00e9e\" \/>\n\t<meta name=\"twitter:data1\" content=\"5 minutes\" \/>\n<script type=\"application\/ld+json\" class=\"yoast-schema-graph\">{\"@context\":\"https:\/\/schema.org\",\"@graph\":[{\"@type\":\"WebPage\",\"@id\":\"https:\/\/www.emoliquids.com\/fr\/marketing-olfactif\/\",\"url\":\"https:\/\/www.emoliquids.com\/fr\/marketing-olfactif\/\",\"name\":\"Marketing olfactif - Emoliquids\",\"isPartOf\":{\"@id\":\"https:\/\/www.emoliquids.com\/#website\"},\"datePublished\":\"2014-10-05T18:15:24+00:00\",\"dateModified\":\"2024-09-08T21:01:03+00:00\",\"breadcrumb\":{\"@id\":\"https:\/\/www.emoliquids.com\/fr\/marketing-olfactif\/#breadcrumb\"},\"inLanguage\":\"fr-FR\",\"potentialAction\":[{\"@type\":\"ReadAction\",\"target\":[\"https:\/\/www.emoliquids.com\/fr\/marketing-olfactif\/\"]}]},{\"@type\":\"BreadcrumbList\",\"@id\":\"https:\/\/www.emoliquids.com\/fr\/marketing-olfactif\/#breadcrumb\",\"itemListElement\":[{\"@type\":\"ListItem\",\"position\":1,\"name\":\"Home\",\"item\":\"https:\/\/www.emoliquids.com\/fr\/\"},{\"@type\":\"ListItem\",\"position\":2,\"name\":\"Marketing olfactif\"}]},{\"@type\":\"WebSite\",\"@id\":\"https:\/\/www.emoliquids.com\/#website\",\"url\":\"https:\/\/www.emoliquids.com\/\",\"name\":\"Emoliquids\",\"description\":\"\",\"publisher\":{\"@id\":\"https:\/\/www.emoliquids.com\/#organization\"},\"potentialAction\":[{\"@type\":\"SearchAction\",\"target\":{\"@type\":\"EntryPoint\",\"urlTemplate\":\"https:\/\/www.emoliquids.com\/?s={search_term_string}\"},\"query-input\":{\"@type\":\"PropertyValueSpecification\",\"valueRequired\":true,\"valueName\":\"search_term_string\"}}],\"inLanguage\":\"fr-FR\"},{\"@type\":\"Organization\",\"@id\":\"https:\/\/www.emoliquids.com\/#organization\",\"name\":\"Emoliquids\",\"url\":\"https:\/\/www.emoliquids.com\/\",\"logo\":{\"@type\":\"ImageObject\",\"inLanguage\":\"fr-FR\",\"@id\":\"https:\/\/www.emoliquids.com\/#\/schema\/logo\/image\/\",\"url\":\"https:\/\/www.emoliquids.com\/wp-content\/uploads\/2016\/12\/cropped-emoliquids-logo-2017-retina-light.png\",\"contentUrl\":\"https:\/\/www.emoliquids.com\/wp-content\/uploads\/2016\/12\/cropped-emoliquids-logo-2017-retina-light.png\",\"width\":1000,\"height\":274,\"caption\":\"Emoliquids\"},\"image\":{\"@id\":\"https:\/\/www.emoliquids.com\/#\/schema\/logo\/image\/\"},\"sameAs\":[\"https:\/\/www.facebook.com\/emoliquids\/\"]}]}<\/script>\n<!-- \/ Yoast SEO plugin. -->","yoast_head_json":{"title":"Marketing olfactif - Emoliquids","robots":{"index":"index","follow":"follow","max-snippet":"max-snippet:-1","max-image-preview":"max-image-preview:large","max-video-preview":"max-video-preview:-1"},"canonical":"https:\/\/www.emoliquids.com\/fr\/marketing-olfactif\/","og_locale":"fr_FR","og_type":"article","og_title":"Marketing olfactif - Emoliquids","og_description":"[vc_row m_bottom=\u00a0\u00bb120&Prime; v_center=\u00a0\u00bbyes\u00a0\u00bb][vc_column width=\u00a0\u00bb1\/2&Prime;][vc_single_image image=\u00a0\u00bb5113&Prime; alignment=\u00a0\u00bbcenter\u00a0\u00bb img_size=\u00a0\u00bblarge\u00a0\u00bb css=\u00a0\u00bb.vc_custom_1693319688747{padding: 25% !important;}\u00a0\u00bb][\/vc_column][vc_column width=\u00a0\u00bb1\/2&Prime;][ivan_title title_tag=\u00a0\u00bbh2&Prime; align=\u00a0\u00bbleft\u00a0\u00bb c_id=\u00a0\u00bb.vc_1452978748007&Prime; sub=\u00a0\u00bbLier une marque \u00e0 un parfum\u00a0\u00bb]Marketing olfactif[\/ivan_title][vc_separator type=\u00a0\u00bbsmall\u00a0\u00bb position=\u00a0\u00bbleft\u00a0\u00bb opacity=\u00a0\u00bb0.2&Prime; width=\u00a0\u00bb60&Prime;][vc_column_text c_id=\u00a0\u00bb.vc_1452978782008&Prime;]Le marketing sensoriel olfactif est bien plus qu&rsquo;une simple diffusion de fragrance. C&rsquo;est l&rsquo;art de marier votre marque \u00e0 vos messages marketing et \u00e0 votre client\u00e8le, \u00e0 un parfum unique [&hellip;]","og_url":"https:\/\/www.emoliquids.com\/fr\/marketing-olfactif\/","og_site_name":"Emoliquids","article_publisher":"https:\/\/www.facebook.com\/emoliquids\/","article_modified_time":"2024-09-08T21:01:03+00:00","og_image":[{"url":"https:\/\/www.emoliquids.com\/wp-content\/uploads\/2015\/02\/logo-normal-hd.png","type":"","width":"","height":""}],"twitter_misc":{"Dur\u00e9e de lecture estim\u00e9e":"5 minutes"},"schema":{"@context":"https:\/\/schema.org","@graph":[{"@type":"WebPage","@id":"https:\/\/www.emoliquids.com\/fr\/marketing-olfactif\/","url":"https:\/\/www.emoliquids.com\/fr\/marketing-olfactif\/","name":"Marketing olfactif - Emoliquids","isPartOf":{"@id":"https:\/\/www.emoliquids.com\/#website"},"datePublished":"2014-10-05T18:15:24+00:00","dateModified":"2024-09-08T21:01:03+00:00","breadcrumb":{"@id":"https:\/\/www.emoliquids.com\/fr\/marketing-olfactif\/#breadcrumb"},"inLanguage":"fr-FR","potentialAction":[{"@type":"ReadAction","target":["https:\/\/www.emoliquids.com\/fr\/marketing-olfactif\/"]}]},{"@type":"BreadcrumbList","@id":"https:\/\/www.emoliquids.com\/fr\/marketing-olfactif\/#breadcrumb","itemListElement":[{"@type":"ListItem","position":1,"name":"Home","item":"https:\/\/www.emoliquids.com\/fr\/"},{"@type":"ListItem","position":2,"name":"Marketing olfactif"}]},{"@type":"WebSite","@id":"https:\/\/www.emoliquids.com\/#website","url":"https:\/\/www.emoliquids.com\/","name":"Emoliquids","description":"","publisher":{"@id":"https:\/\/www.emoliquids.com\/#organization"},"potentialAction":[{"@type":"SearchAction","target":{"@type":"EntryPoint","urlTemplate":"https:\/\/www.emoliquids.com\/?s={search_term_string}"},"query-input":{"@type":"PropertyValueSpecification","valueRequired":true,"valueName":"search_term_string"}}],"inLanguage":"fr-FR"},{"@type":"Organization","@id":"https:\/\/www.emoliquids.com\/#organization","name":"Emoliquids","url":"https:\/\/www.emoliquids.com\/","logo":{"@type":"ImageObject","inLanguage":"fr-FR","@id":"https:\/\/www.emoliquids.com\/#\/schema\/logo\/image\/","url":"https:\/\/www.emoliquids.com\/wp-content\/uploads\/2016\/12\/cropped-emoliquids-logo-2017-retina-light.png","contentUrl":"https:\/\/www.emoliquids.com\/wp-content\/uploads\/2016\/12\/cropped-emoliquids-logo-2017-retina-light.png","width":1000,"height":274,"caption":"Emoliquids"},"image":{"@id":"https:\/\/www.emoliquids.com\/#\/schema\/logo\/image\/"},"sameAs":["https:\/\/www.facebook.com\/emoliquids\/"]}]}},"_links":{"self":[{"href":"https:\/\/www.emoliquids.com\/fr\/wp-json\/wp\/v2\/pages\/2866","targetHints":{"allow":["GET"]}}],"collection":[{"href":"https:\/\/www.emoliquids.com\/fr\/wp-json\/wp\/v2\/pages"}],"about":[{"href":"https:\/\/www.emoliquids.com\/fr\/wp-json\/wp\/v2\/types\/page"}],"author":[{"embeddable":true,"href":"https:\/\/www.emoliquids.com\/fr\/wp-json\/wp\/v2\/users\/2"}],"replies":[{"embeddable":true,"href":"https:\/\/www.emoliquids.com\/fr\/wp-json\/wp\/v2\/comments?post=2866"}],"version-history":[{"count":6,"href":"https:\/\/www.emoliquids.com\/fr\/wp-json\/wp\/v2\/pages\/2866\/revisions"}],"predecessor-version":[{"id":5469,"href":"https:\/\/www.emoliquids.com\/fr\/wp-json\/wp\/v2\/pages\/2866\/revisions\/5469"}],"wp:attachment":[{"href":"https:\/\/www.emoliquids.com\/fr\/wp-json\/wp\/v2\/media?parent=2866"}],"curies":[{"name":"wp","href":"https:\/\/api.w.org\/{rel}","templated":true}]}}