{"id":2708,"date":"2015-05-11T16:07:07","date_gmt":"2015-05-11T07:52:30","guid":{"rendered":"https:\/\/www.emoliquids.com\/segments\/autoshowrooms\/"},"modified":"2024-09-11T22:59:05","modified_gmt":"2024-09-11T20:59:05","slug":"concessionnaires","status":"publish","type":"page","link":"https:\/\/www.emoliquids.com\/fr\/segments\/concessionnaires\/","title":{"rendered":"Concessionnaires"},"content":{"rendered":"<div class=\"wpb-content-wrapper\"><p>[vc_row full_width=\u00a0\u00bb\u00a0\u00bb parallax=\u00a0\u00bb\u00a0\u00bb parallax_image=\u00a0\u00bb\u00a0\u00bb css=\u00a0\u00bb.vc_custom_1726088337045{margin-top: 100px !important;}\u00a0\u00bb][vc_column][vc_column_text c_id=\u00a0\u00bb.vc_1693255986050&Prime;]<\/p>\n<h3>Parfumer votre concession automobile<\/h3>\n<p>Que vous soyez un concessionnaire automobile ou un fabricant de voiture, un de vos objectifs majeur est de promouvoir votre marque et renforcer le relationnel client. La nature comp\u00e9titive de l&rsquo;industrie automobile conduit les concessionnaires \u00e0 investir dans de nouvelles strat\u00e9gies marketing, tel que le marketing olfactif, afin d&rsquo;am\u00e9liorer l&rsquo;exp\u00e9rience de leurs visiteurs. La diffusion de fragrance vise \u00e0 cr\u00e9er une ambiance unique pour le concessionnaire et renforce les \u00e9motions relatives \u00e0 l&rsquo;environnement dans lequel le client se trouve. L&rsquo;olfactif renforce \u00e9galement l&rsquo;expression, la valeur et la r\u00e9putation de la marque.<\/p>\n<p>Les concessionnaires automobiles de luxe offrent une exp\u00e9rience unique \u00e0 leur client\u00e8le. Depuis de nombreuses ann\u00e9es ces professionnels du luxe ont investi sur le visuel, la music et le touch\u00e9. Aujourd&rsquo;hui, le marketing olfactif a la possibilit\u00e9 de compl\u00e9ter l&rsquo;exp\u00e9rience des clients tout en respectant les budgets des concessions. L&rsquo;Emoslim est un diffuseur parfait pour l&rsquo;industrie automobile, il s&rsquo;int\u00e8gre parfaitement \u00e0 tout environnement gr\u00e2ce \u00e0 un design discret et \u00e9l\u00e9gant. L&rsquo;Arodrive est un diffuseur de fragrance sp\u00e9cialement cr\u00e9e pour les int\u00e9rieurs de v\u00e9hicule. L&rsquo;Arodrive est une excellente id\u00e9e de cadeaux ou peut \u00eatre revendu \u00e0 votre client\u00e8le, vos clients vous garderons en m\u00e9moire.<\/p>\n<h3>Solutions olfactives<\/h3>\n<p>N\u00e9 en qu\u00eate incessante de qualit\u00e9, style et innovation, Emoliquids est devenue une r\u00e9f\u00e9rence en mati\u00e8re de solutions olfactives pour l&rsquo;industrie automobile. Aston Martin Shanghai n&rsquo;est pas seulement une marque l\u00e9gendaire, la marque de luxe a su \u00e9voluer en mati\u00e8re de design et de performance et se distingue une fois de plus en s\u00e9lectionnant une fragrance subtile pour une exp\u00e9rience encore plus m\u00e9morable. Le concessionnaire a adopt\u00e9 un parfum discret et \u00e9l\u00e9gant qui contribue \u00e0 cr\u00e9er une sensation et un environnement plus spacieux.<\/p>\n<p>Emoliquids a d\u00e9velopp\u00e9 des fragrances uniques pour Mercedes-Benz afin d&rsquo;offrir une exp\u00e9rience m\u00e9morable \u00e0 sa client\u00e8le. Des parfums signature ont \u00e9t\u00e9 cr\u00e9\u00e9s pour chaque saison et repr\u00e9sentent l&rsquo;\u00e9t\u00e9 ou l&rsquo;hiver avec des notes de for\u00eat ou de bambou.[\/vc_column_text][\/vc_column][\/vc_row][vc_row full_width=\u00a0\u00bb\u00a0\u00bb parallax=\u00a0\u00bb\u00a0\u00bb parallax_image=\u00a0\u00bb\u00a0\u00bb][vc_column][vc_separator][vc_column_text c_id=\u00a0\u00bb.vc_1431954560523&Prime;]<\/p>\n<h3 style=\"text-align: center;\">Parfum, les faits<\/h3>\n<h4 style=\"text-align: center;\">L&rsquo;odorat humain affecte 75% des \u00e9motions quotidiennes et joue un r\u00f4le important pour la m\u00e9moire<\/h4>\n<p>[\/vc_column_text][vc_separator][\/vc_column][\/vc_row][vc_row full_width=\u00a0\u00bb\u00a0\u00bb parallax=\u00a0\u00bb\u00a0\u00bb parallax_image=\u00a0\u00bb\u00a0\u00bb][vc_column][vc_column_text c_id=\u00a0\u00bb.vc_1431954575931&Prime;]<\/p>\n<h3 style=\"text-align: center;\">Avantages olfactifs<\/h3>\n<p>[\/vc_column_text][\/vc_column][\/vc_row][vc_row full_width=\u00a0\u00bb\u00a0\u00bb parallax=\u00a0\u00bb\u00a0\u00bb parallax_image=\u00a0\u00bb\u00a0\u00bb][vc_column width=\u00a0\u00bb1\/3&Prime;][vc_column_text c_id=\u00a0\u00bb.vc_1431954599608&Prime;]<\/p>\n<h4>Reconnaissance de votre marque<\/h4>\n<p>La diffusion de fragrance cr\u00e9er une impression unique et durable chez vos clients et augmente la valeur de votre marque.[\/vc_column_text][\/vc_column][vc_column width=\u00a0\u00bb1\/3&Prime;][vc_column_text c_id=\u00a0\u00bb.vc_1431954628393&Prime;]<\/p>\n<h4>Augmenter le temps pass\u00e9 dans vos locaux<\/h4>\n<p>La client\u00e8le en contact avec un parfum agr\u00e9able se sent d\u00e9tendu et confortable, vos clients sont donc susceptibles de passer plus de temps dans vos locaux.[\/vc_column_text][\/vc_column][vc_column width=\u00a0\u00bb1\/3&Prime;][vc_column_text c_id=\u00a0\u00bb.vc_1431954656315&Prime;]<\/p>\n<h4>Connections \u00e9motionnelle<\/h4>\n<p>L&rsquo;odorat est le sens humain le plus basic et direct. L&rsquo;odorat a la capabilit\u00e9 de cr\u00e9er une r\u00e9action \u00e9motionnelle sur votre client\u00e8le et peut influencer leur humeur, m\u00e9moire et \u00e9motions.[\/vc_column_text][\/vc_column][\/vc_row][vc_row disable_element=\u00a0\u00bbyes\u00a0\u00bb full_width=\u00a0\u00bb\u00a0\u00bb parallax=\u00a0\u00bb\u00a0\u00bb parallax_image=\u00a0\u00bb\u00a0\u00bb][vc_column][vc_column_text c_id=\u00a0\u00bb.vc_1431954667978&Prime;]<\/p>\n<h3 style=\"text-align: center;\">Nos clients<\/h3>\n<p>[\/vc_column_text][\/vc_column][\/vc_row][vc_row disable_element=\u00a0\u00bbyes\u00a0\u00bb full_width=\u00a0\u00bb\u00a0\u00bb parallax=\u00a0\u00bb\u00a0\u00bb parallax_image=\u00a0\u00bb\u00a0\u00bb][vc_column width=\u00a0\u00bb1\/3&Prime;][vc_single_image image=\u00a0\u00bb2610&Prime; alignment=\u00a0\u00bbcenter\u00a0\u00bb style=\u00a0\u00bbvc_box_rounded\u00a0\u00bb css_animation=\u00a0\u00bbleft-to-right\u00a0\u00bb img_size=\u00a0\u00bbthumbnail\u00a0\u00bb][vc_column_text c_id=\u00a0\u00bb.vc_1431353498206&Prime;]<\/p>\n<h4 style=\"text-align: center;\">Lexus<\/h4>\n<p>[\/vc_column_text][\/vc_column][vc_column width=\u00a0\u00bb1\/3&Prime;][vc_single_image image=\u00a0\u00bb2613&Prime; alignment=\u00a0\u00bbcenter\u00a0\u00bb style=\u00a0\u00bbvc_box_rounded\u00a0\u00bb css_animation=\u00a0\u00bbbottom-to-top\u00a0\u00bb img_size=\u00a0\u00bbthumbnail\u00a0\u00bb][vc_column_text c_id=\u00a0\u00bb.vc_1431353506252&Prime;]<\/p>\n<h4 style=\"text-align: center;\">Toyota<\/h4>\n<p>[\/vc_column_text][\/vc_column][vc_column width=\u00a0\u00bb1\/3&Prime;][vc_single_image image=\u00a0\u00bb2607&Prime; alignment=\u00a0\u00bbcenter\u00a0\u00bb style=\u00a0\u00bbvc_box_rounded\u00a0\u00bb css_animation=\u00a0\u00bbright-to-left\u00a0\u00bb img_size=\u00a0\u00bbthumbnail\u00a0\u00bb][vc_column_text c_id=\u00a0\u00bb.vc_1431353520987&Prime;]<\/p>\n<h4 style=\"text-align: center;\">General Motors<\/h4>\n<p>[\/vc_column_text][\/vc_column][\/vc_row]<\/p>\n<\/div>","protected":false},"excerpt":{"rendered":"<p>[vc_row full_width=\u00a0\u00bb\u00a0\u00bb parallax=\u00a0\u00bb\u00a0\u00bb parallax_image=\u00a0\u00bb\u00a0\u00bb css=\u00a0\u00bb.vc_custom_1726088337045{margin-top: 100px !important;}\u00a0\u00bb][vc_column][vc_column_text c_id=\u00a0\u00bb.vc_1693255986050&Prime;] Parfumer votre concession automobile Que vous soyez un concessionnaire automobile ou un fabricant de voiture, un de vos objectifs majeur est de promouvoir votre marque et renforcer le relationnel client. La nature comp\u00e9titive de l&rsquo;industrie automobile conduit les concessionnaires \u00e0 investir dans de nouvelles strat\u00e9gies marketing, tel [&hellip;]<\/p>\n","protected":false},"author":2,"featured_media":0,"parent":2656,"menu_order":0,"comment_status":"closed","ping_status":"closed","template":"","meta":{"om_disable_all_campaigns":false,"ocean_post_layout":"","ocean_both_sidebars_style":"","ocean_both_sidebars_content_width":0,"ocean_both_sidebars_sidebars_width":0,"ocean_sidebar":"cs-1","ocean_second_sidebar":"0","ocean_disable_margins":"enable","ocean_add_body_class":"","ocean_shortcode_before_top_bar":"","ocean_shortcode_after_top_bar":"","ocean_shortcode_before_header":"","ocean_shortcode_after_header":"","ocean_has_shortcode":"","ocean_shortcode_after_title":"","ocean_shortcode_before_footer_widgets":"","ocean_shortcode_after_footer_widgets":"","ocean_shortcode_before_footer_bottom":"","ocean_shortcode_after_footer_bottom":"","ocean_display_top_bar":"default","ocean_display_header":"default","ocean_header_style":"","ocean_center_header_left_menu":"0","ocean_custom_header_template":"0","ocean_custom_logo":0,"ocean_custom_retina_logo":0,"ocean_custom_logo_max_width":0,"ocean_custom_logo_tablet_max_width":0,"ocean_custom_logo_mobile_max_width":0,"ocean_custom_logo_max_height":0,"ocean_custom_logo_tablet_max_height":0,"ocean_custom_logo_mobile_max_height":0,"ocean_header_custom_menu":"0","ocean_menu_typo_font_family":"0","ocean_menu_typo_font_subset":"","ocean_menu_typo_font_size":0,"ocean_menu_typo_font_size_tablet":0,"ocean_menu_typo_font_size_mobile":0,"ocean_menu_typo_font_size_unit":"px","ocean_menu_typo_font_weight":"","ocean_menu_typo_font_weight_tablet":"","ocean_menu_typo_font_weight_mobile":"","ocean_menu_typo_transform":"","ocean_menu_typo_transform_tablet":"","ocean_menu_typo_transform_mobile":"","ocean_menu_typo_line_height":0,"ocean_menu_typo_line_height_tablet":0,"ocean_menu_typo_line_height_mobile":0,"ocean_menu_typo_line_height_unit":"","ocean_menu_typo_spacing":0,"ocean_menu_typo_spacing_tablet":0,"ocean_menu_typo_spacing_mobile":0,"ocean_menu_typo_spacing_unit":"","ocean_menu_link_color":"","ocean_menu_link_color_hover":"","ocean_menu_link_color_active":"","ocean_menu_link_background":"","ocean_menu_link_hover_background":"","ocean_menu_link_active_background":"","ocean_menu_social_links_bg":"","ocean_menu_social_hover_links_bg":"","ocean_menu_social_links_color":"","ocean_menu_social_hover_links_color":"","ocean_disable_title":"on","ocean_disable_heading":"default","ocean_post_title":"","ocean_post_subheading":"","ocean_post_title_style":"","ocean_post_title_background_color":"","ocean_post_title_background":0,"ocean_post_title_bg_image_position":"","ocean_post_title_bg_image_attachment":"","ocean_post_title_bg_image_repeat":"","ocean_post_title_bg_image_size":"","ocean_post_title_height":0,"ocean_post_title_bg_overlay":0.5,"ocean_post_title_bg_overlay_color":"","ocean_disable_breadcrumbs":"default","ocean_breadcrumbs_color":"","ocean_breadcrumbs_separator_color":"","ocean_breadcrumbs_links_color":"","ocean_breadcrumbs_links_hover_color":"","ocean_display_footer_widgets":"default","ocean_display_footer_bottom":"default","ocean_custom_footer_template":"0","footnotes":""},"class_list":["post-2708","page","type-page","status-publish","hentry","entry"],"yoast_head":"<!-- This site is optimized with the Yoast SEO plugin v27.2 - https:\/\/yoast.com\/product\/yoast-seo-wordpress\/ -->\n<title>Concessionnaires - Emoliquids<\/title>\n<meta name=\"robots\" content=\"index, follow, max-snippet:-1, max-image-preview:large, max-video-preview:-1\" \/>\n<link rel=\"canonical\" href=\"https:\/\/www.emoliquids.com\/fr\/segments\/concessionnaires\/\" \/>\n<meta property=\"og:locale\" content=\"fr_FR\" \/>\n<meta property=\"og:type\" content=\"article\" \/>\n<meta property=\"og:title\" content=\"Concessionnaires - Emoliquids\" \/>\n<meta property=\"og:description\" content=\"[vc_row full_width=\u00a0\u00bb\u00a0\u00bb parallax=\u00a0\u00bb\u00a0\u00bb parallax_image=\u00a0\u00bb\u00a0\u00bb css=\u00a0\u00bb.vc_custom_1726088337045{margin-top: 100px !important;}\u00a0\u00bb][vc_column][vc_column_text c_id=\u00a0\u00bb.vc_1693255986050&Prime;] Parfumer votre concession automobile Que vous soyez un concessionnaire automobile ou un fabricant de voiture, un de vos objectifs majeur est de promouvoir votre marque et renforcer le relationnel client. La nature comp\u00e9titive de l&rsquo;industrie automobile conduit les concessionnaires \u00e0 investir dans de nouvelles strat\u00e9gies marketing, tel [&hellip;]\" \/>\n<meta property=\"og:url\" content=\"https:\/\/www.emoliquids.com\/fr\/segments\/concessionnaires\/\" \/>\n<meta property=\"og:site_name\" content=\"Emoliquids\" \/>\n<meta property=\"article:publisher\" content=\"https:\/\/www.facebook.com\/emoliquids\/\" \/>\n<meta property=\"article:modified_time\" content=\"2024-09-11T20:59:05+00:00\" \/>\n<meta property=\"og:image\" content=\"https:\/\/www.emoliquids.com\/wp-content\/uploads\/2015\/02\/logo-normal-hd.png\" \/>\n<meta name=\"twitter:label1\" content=\"Dur\u00e9e de lecture estim\u00e9e\" \/>\n\t<meta name=\"twitter:data1\" content=\"3 minutes\" \/>\n<script type=\"application\/ld+json\" class=\"yoast-schema-graph\">{\"@context\":\"https:\/\/schema.org\",\"@graph\":[{\"@type\":\"WebPage\",\"@id\":\"https:\/\/www.emoliquids.com\/fr\/segments\/concessionnaires\/\",\"url\":\"https:\/\/www.emoliquids.com\/fr\/segments\/concessionnaires\/\",\"name\":\"Concessionnaires - Emoliquids\",\"isPartOf\":{\"@id\":\"https:\/\/www.emoliquids.com\/#website\"},\"datePublished\":\"2015-05-11T07:52:30+00:00\",\"dateModified\":\"2024-09-11T20:59:05+00:00\",\"breadcrumb\":{\"@id\":\"https:\/\/www.emoliquids.com\/fr\/segments\/concessionnaires\/#breadcrumb\"},\"inLanguage\":\"fr-FR\",\"potentialAction\":[{\"@type\":\"ReadAction\",\"target\":[\"https:\/\/www.emoliquids.com\/fr\/segments\/concessionnaires\/\"]}]},{\"@type\":\"BreadcrumbList\",\"@id\":\"https:\/\/www.emoliquids.com\/fr\/segments\/concessionnaires\/#breadcrumb\",\"itemListElement\":[{\"@type\":\"ListItem\",\"position\":1,\"name\":\"Home\",\"item\":\"https:\/\/www.emoliquids.com\/fr\/\"},{\"@type\":\"ListItem\",\"position\":2,\"name\":\"Segments\",\"item\":\"https:\/\/www.emoliquids.com\/fr\/segments\/\"},{\"@type\":\"ListItem\",\"position\":3,\"name\":\"Concessionnaires\"}]},{\"@type\":\"WebSite\",\"@id\":\"https:\/\/www.emoliquids.com\/#website\",\"url\":\"https:\/\/www.emoliquids.com\/\",\"name\":\"Emoliquids\",\"description\":\"\",\"publisher\":{\"@id\":\"https:\/\/www.emoliquids.com\/#organization\"},\"potentialAction\":[{\"@type\":\"SearchAction\",\"target\":{\"@type\":\"EntryPoint\",\"urlTemplate\":\"https:\/\/www.emoliquids.com\/?s={search_term_string}\"},\"query-input\":{\"@type\":\"PropertyValueSpecification\",\"valueRequired\":true,\"valueName\":\"search_term_string\"}}],\"inLanguage\":\"fr-FR\"},{\"@type\":\"Organization\",\"@id\":\"https:\/\/www.emoliquids.com\/#organization\",\"name\":\"Emoliquids\",\"url\":\"https:\/\/www.emoliquids.com\/\",\"logo\":{\"@type\":\"ImageObject\",\"inLanguage\":\"fr-FR\",\"@id\":\"https:\/\/www.emoliquids.com\/#\/schema\/logo\/image\/\",\"url\":\"https:\/\/www.emoliquids.com\/wp-content\/uploads\/2016\/12\/cropped-emoliquids-logo-2017-retina-light.png\",\"contentUrl\":\"https:\/\/www.emoliquids.com\/wp-content\/uploads\/2016\/12\/cropped-emoliquids-logo-2017-retina-light.png\",\"width\":1000,\"height\":274,\"caption\":\"Emoliquids\"},\"image\":{\"@id\":\"https:\/\/www.emoliquids.com\/#\/schema\/logo\/image\/\"},\"sameAs\":[\"https:\/\/www.facebook.com\/emoliquids\/\"]}]}<\/script>\n<!-- \/ Yoast SEO plugin. -->","yoast_head_json":{"title":"Concessionnaires - Emoliquids","robots":{"index":"index","follow":"follow","max-snippet":"max-snippet:-1","max-image-preview":"max-image-preview:large","max-video-preview":"max-video-preview:-1"},"canonical":"https:\/\/www.emoliquids.com\/fr\/segments\/concessionnaires\/","og_locale":"fr_FR","og_type":"article","og_title":"Concessionnaires - Emoliquids","og_description":"[vc_row full_width=\u00a0\u00bb\u00a0\u00bb parallax=\u00a0\u00bb\u00a0\u00bb parallax_image=\u00a0\u00bb\u00a0\u00bb css=\u00a0\u00bb.vc_custom_1726088337045{margin-top: 100px !important;}\u00a0\u00bb][vc_column][vc_column_text c_id=\u00a0\u00bb.vc_1693255986050&Prime;] Parfumer votre concession automobile Que vous soyez un concessionnaire automobile ou un fabricant de voiture, un de vos objectifs majeur est de promouvoir votre marque et renforcer le relationnel client. La nature comp\u00e9titive de l&rsquo;industrie automobile conduit les concessionnaires \u00e0 investir dans de nouvelles strat\u00e9gies marketing, tel [&hellip;]","og_url":"https:\/\/www.emoliquids.com\/fr\/segments\/concessionnaires\/","og_site_name":"Emoliquids","article_publisher":"https:\/\/www.facebook.com\/emoliquids\/","article_modified_time":"2024-09-11T20:59:05+00:00","og_image":[{"url":"https:\/\/www.emoliquids.com\/wp-content\/uploads\/2015\/02\/logo-normal-hd.png","type":"","width":"","height":""}],"twitter_misc":{"Dur\u00e9e de lecture estim\u00e9e":"3 minutes"},"schema":{"@context":"https:\/\/schema.org","@graph":[{"@type":"WebPage","@id":"https:\/\/www.emoliquids.com\/fr\/segments\/concessionnaires\/","url":"https:\/\/www.emoliquids.com\/fr\/segments\/concessionnaires\/","name":"Concessionnaires - Emoliquids","isPartOf":{"@id":"https:\/\/www.emoliquids.com\/#website"},"datePublished":"2015-05-11T07:52:30+00:00","dateModified":"2024-09-11T20:59:05+00:00","breadcrumb":{"@id":"https:\/\/www.emoliquids.com\/fr\/segments\/concessionnaires\/#breadcrumb"},"inLanguage":"fr-FR","potentialAction":[{"@type":"ReadAction","target":["https:\/\/www.emoliquids.com\/fr\/segments\/concessionnaires\/"]}]},{"@type":"BreadcrumbList","@id":"https:\/\/www.emoliquids.com\/fr\/segments\/concessionnaires\/#breadcrumb","itemListElement":[{"@type":"ListItem","position":1,"name":"Home","item":"https:\/\/www.emoliquids.com\/fr\/"},{"@type":"ListItem","position":2,"name":"Segments","item":"https:\/\/www.emoliquids.com\/fr\/segments\/"},{"@type":"ListItem","position":3,"name":"Concessionnaires"}]},{"@type":"WebSite","@id":"https:\/\/www.emoliquids.com\/#website","url":"https:\/\/www.emoliquids.com\/","name":"Emoliquids","description":"","publisher":{"@id":"https:\/\/www.emoliquids.com\/#organization"},"potentialAction":[{"@type":"SearchAction","target":{"@type":"EntryPoint","urlTemplate":"https:\/\/www.emoliquids.com\/?s={search_term_string}"},"query-input":{"@type":"PropertyValueSpecification","valueRequired":true,"valueName":"search_term_string"}}],"inLanguage":"fr-FR"},{"@type":"Organization","@id":"https:\/\/www.emoliquids.com\/#organization","name":"Emoliquids","url":"https:\/\/www.emoliquids.com\/","logo":{"@type":"ImageObject","inLanguage":"fr-FR","@id":"https:\/\/www.emoliquids.com\/#\/schema\/logo\/image\/","url":"https:\/\/www.emoliquids.com\/wp-content\/uploads\/2016\/12\/cropped-emoliquids-logo-2017-retina-light.png","contentUrl":"https:\/\/www.emoliquids.com\/wp-content\/uploads\/2016\/12\/cropped-emoliquids-logo-2017-retina-light.png","width":1000,"height":274,"caption":"Emoliquids"},"image":{"@id":"https:\/\/www.emoliquids.com\/#\/schema\/logo\/image\/"},"sameAs":["https:\/\/www.facebook.com\/emoliquids\/"]}]}},"_links":{"self":[{"href":"https:\/\/www.emoliquids.com\/fr\/wp-json\/wp\/v2\/pages\/2708","targetHints":{"allow":["GET"]}}],"collection":[{"href":"https:\/\/www.emoliquids.com\/fr\/wp-json\/wp\/v2\/pages"}],"about":[{"href":"https:\/\/www.emoliquids.com\/fr\/wp-json\/wp\/v2\/types\/page"}],"author":[{"embeddable":true,"href":"https:\/\/www.emoliquids.com\/fr\/wp-json\/wp\/v2\/users\/2"}],"replies":[{"embeddable":true,"href":"https:\/\/www.emoliquids.com\/fr\/wp-json\/wp\/v2\/comments?post=2708"}],"version-history":[{"count":4,"href":"https:\/\/www.emoliquids.com\/fr\/wp-json\/wp\/v2\/pages\/2708\/revisions"}],"predecessor-version":[{"id":5597,"href":"https:\/\/www.emoliquids.com\/fr\/wp-json\/wp\/v2\/pages\/2708\/revisions\/5597"}],"up":[{"embeddable":true,"href":"https:\/\/www.emoliquids.com\/fr\/wp-json\/wp\/v2\/pages\/2656"}],"wp:attachment":[{"href":"https:\/\/www.emoliquids.com\/fr\/wp-json\/wp\/v2\/media?parent=2708"}],"curies":[{"name":"wp","href":"https:\/\/api.w.org\/{rel}","templated":true}]}}