{"id":2702,"date":"2015-05-11T15:48:11","date_gmt":"2015-05-11T07:52:30","guid":{"rendered":"https:\/\/www.emoliquids.com\/segments\/entertainment\/"},"modified":"2024-09-11T23:00:51","modified_gmt":"2024-09-11T21:00:51","slug":"divertissement","status":"publish","type":"page","link":"https:\/\/www.emoliquids.com\/fr\/segments\/divertissement\/","title":{"rendered":"Divertissement"},"content":{"rendered":"<div class=\"wpb-content-wrapper\"><p>[vc_row full_width=\u00a0\u00bb\u00a0\u00bb parallax=\u00a0\u00bb\u00a0\u00bb parallax_image=\u00a0\u00bb\u00a0\u00bb css=\u00a0\u00bb.vc_custom_1726088444498{margin-top: 100px !important;}\u00a0\u00bb][vc_column][vc_column_text c_id=\u00a0\u00bb.vc_1693256912373&Prime;]<\/p>\n<h3>Parfumer votre \u00e9tablissement<\/h3>\n<p>Les leaders mondiaux de divertissements, tels que casinos, bars et discoth\u00e8ques ont pour objectif de cr\u00e9er des environnements agr\u00e9able et d&rsquo;am\u00e9liorer l&rsquo;exp\u00e9rience de leur client\u00e8le. C&rsquo;est une t\u00e2che difficile car constamment soumis \u00e0 des odeurs d\u00e9sagr\u00e9ables tels que fum\u00e9e de cigarette, nourriture, alcool et odeurs corporelles.<\/p>\n<p>Parfumer ces lieux avec des huiles essentielles, offre l&rsquo;avantage d&rsquo;\u00e9liminer les mauvaises odeurs en totalit\u00e9s. Ces huiles essentielles ne se contentent pas de masquer. Bergamote-Orange d&rsquo;Emoliquids est une huile essentielle 100% et un choix populaire qui rafra\u00eechit votre salle de jeu ou votre salon, cette fragrance cr\u00e9e une ambiance fra\u00eeche et plaisante.<\/p>\n<h3>Diffusion de fragrance r\u00e9ussie<\/h3>\n<p>L&rsquo;int\u00e9grit\u00e9 de nos huiles est garantie par les syst\u00e8mes de diffusion Emoliquids. La pr\u00e9cision de la micro-pulv\u00e9risation utiliser par Emoliquids, maintien une diffusion efficace pour tout endroit. Le style \u00e9l\u00e9gant des diffuseurs ou syst\u00e8me pour air conditionn\u00e9 s&rsquo;adapte \u00e0 tous d\u00e9cors ou environnement.<\/p>\n<p>La diffusion olfactive permet non seulement de se d\u00e9barrasser des odeurs d\u00e9sagr\u00e9ables, mais \u00e9galement de cr\u00e9er une atmosph\u00e8re de propret\u00e9. Les parfums cr\u00e9es la bonne humeur, d\u00e9tendent l&rsquo;environnement et remonte le moral. Le marketing olfactif se d\u00e9veloppe partout dans le monde dans de nombreuses industrie. Des \u00e9tudes ont montr\u00e9 que certaines odeurs peuvent augmenter le revenu des casinos jusqu&rsquo;\u00e0 20%. D&rsquo;autres \u00e9tudes d\u00e9montrent que les clients pr\u00e9f\u00e8rent les endroits parfumer et ainsi prolonge leur s\u00e9jour de vacances. Visiteurs et h\u00f4tes profitent d&rsquo;atmosph\u00e8re parfum\u00e9s, le personnel b\u00e9n\u00e9ficiera \u00e9galement d&rsquo;un environnement plus propre et plus agr\u00e9able.[\/vc_column_text][\/vc_column][\/vc_row][vc_row full_width=\u00a0\u00bb\u00a0\u00bb parallax=\u00a0\u00bb\u00a0\u00bb parallax_image=\u00a0\u00bb\u00a0\u00bb][vc_column][vc_separator][vc_column_text c_id=\u00a0\u00bb.vc_1431953824073&Prime;]<\/p>\n<h3 style=\"text-align: center;\">Fragrance, les faits<\/h3>\n<h4 style=\"text-align: center;\">Des essais effectu\u00e9s dans des casinos situ\u00e9s aux Etats-Unis nous enseignent que les revenus ont augment\u00e9 de 48% gr\u00e2ce \u00e0 des diffusions de fragrance.<\/h4>\n<p>[\/vc_column_text][vc_separator][\/vc_column][\/vc_row][vc_row full_width=\u00a0\u00bb\u00a0\u00bb parallax=\u00a0\u00bb\u00a0\u00bb parallax_image=\u00a0\u00bb\u00a0\u00bb][vc_column][vc_column_text c_id=\u00a0\u00bb.vc_1431953840668&Prime;]<\/p>\n<h3 style=\"text-align: center;\">Avantages olfactifs<\/h3>\n<p>[\/vc_column_text][\/vc_column][\/vc_row][vc_row full_width=\u00a0\u00bb\u00a0\u00bb parallax=\u00a0\u00bb\u00a0\u00bb parallax_image=\u00a0\u00bb\u00a0\u00bb][vc_column width=\u00a0\u00bb1\/3&Prime;][vc_column_text c_id=\u00a0\u00bb.vc_1431953864779&Prime;]<\/p>\n<h4>Elimination d&rsquo;odeurs<\/h4>\n<p>Les huiles essentielles ne se limitent pas \u00e0 masquer les mauvaises odeurs, elles les \u00e9liminent en totalit\u00e9, y compris la fum\u00e9e de cigarette.[\/vc_column_text][\/vc_column][vc_column width=\u00a0\u00bb1\/3&Prime;][vc_column_text c_id=\u00a0\u00bb.vc_1431953894972&Prime;]<\/p>\n<h4>Les clients d\u00e9pensent davantage<\/h4>\n<p>Une \u00e9tude sur les casinos de Las Vegas d\u00e9montre que la client\u00e8le passe 45% plus de temps dans un environnement parfum\u00e9s que dans un environnement non parfum\u00e9.[\/vc_column_text][\/vc_column][vc_column width=\u00a0\u00bb1\/3&Prime;][vc_column_text c_id=\u00a0\u00bb.vc_1431953936020&Prime;]<\/p>\n<h4>Satisfaction client\u00e8le<\/h4>\n<p>Le marketing olfactif a la capacite d&rsquo;am\u00e9liorer la satisfaction client\u00e8le de 7% et augmente le temps pass\u00e9 dans un magasin jusqu&rsquo;\u00e0 54% <em>(Prof dr Anla Stohr)<\/em>[\/vc_column_text][\/vc_column][\/vc_row][vc_row disable_element=\u00a0\u00bbyes\u00a0\u00bb full_width=\u00a0\u00bb\u00a0\u00bb parallax=\u00a0\u00bb\u00a0\u00bb parallax_image=\u00a0\u00bb\u00a0\u00bb][vc_column][vc_column_text c_id=\u00a0\u00bb.vc_1431953948989&Prime;]<\/p>\n<h3 style=\"text-align: center;\">Nos clients<\/h3>\n<p>[\/vc_column_text][\/vc_column][\/vc_row][vc_row disable_element=\u00a0\u00bbyes\u00a0\u00bb full_width=\u00a0\u00bb\u00a0\u00bb parallax=\u00a0\u00bb\u00a0\u00bb parallax_image=\u00a0\u00bb\u00a0\u00bb][vc_column width=\u00a0\u00bb1\/3&Prime;][vc_single_image image=\u00a0\u00bb2590&Prime; alignment=\u00a0\u00bbcenter\u00a0\u00bb style=\u00a0\u00bbvc_box_rounded\u00a0\u00bb css_animation=\u00a0\u00bbleft-to-right\u00a0\u00bb img_size=\u00a0\u00bbthumbnail\u00a0\u00bb][vc_column_text c_id=\u00a0\u00bb.vc_1431352415716&Prime;]<\/p>\n<h4 style=\"text-align: center;\">Mentos &#8211; Pure Fresh Nights<\/h4>\n<p>[\/vc_column_text][\/vc_column][vc_column width=\u00a0\u00bb1\/3&Prime;][vc_single_image image=\u00a0\u00bb2593&Prime; alignment=\u00a0\u00bbcenter\u00a0\u00bb style=\u00a0\u00bbvc_box_rounded\u00a0\u00bb css_animation=\u00a0\u00bbbottom-to-top\u00a0\u00bb img_size=\u00a0\u00bbthumbnail\u00a0\u00bb][vc_column_text c_id=\u00a0\u00bb.vc_1431352430044&Prime;]<\/p>\n<h4 style=\"text-align: center;\">Venetian<\/h4>\n<p>[\/vc_column_text][\/vc_column][vc_column width=\u00a0\u00bb1\/3&Prime;][vc_single_image image=\u00a0\u00bb2587&Prime; alignment=\u00a0\u00bbcenter\u00a0\u00bb style=\u00a0\u00bbvc_box_rounded\u00a0\u00bb css_animation=\u00a0\u00bbright-to-left\u00a0\u00bb img_size=\u00a0\u00bbthumbnail\u00a0\u00bb][vc_column_text c_id=\u00a0\u00bb.vc_1431352441842&Prime;]<\/p>\n<h4 style=\"text-align: center;\">Crown Casino<\/h4>\n<p>[\/vc_column_text][\/vc_column][\/vc_row]<\/p>\n<\/div>","protected":false},"excerpt":{"rendered":"<p>[vc_row full_width=\u00a0\u00bb\u00a0\u00bb parallax=\u00a0\u00bb\u00a0\u00bb parallax_image=\u00a0\u00bb\u00a0\u00bb css=\u00a0\u00bb.vc_custom_1726088444498{margin-top: 100px !important;}\u00a0\u00bb][vc_column][vc_column_text c_id=\u00a0\u00bb.vc_1693256912373&Prime;] Parfumer votre \u00e9tablissement Les leaders mondiaux de divertissements, tels que casinos, bars et discoth\u00e8ques ont pour objectif de cr\u00e9er des environnements agr\u00e9able et d&rsquo;am\u00e9liorer l&rsquo;exp\u00e9rience de leur client\u00e8le. C&rsquo;est une t\u00e2che difficile car constamment soumis \u00e0 des odeurs d\u00e9sagr\u00e9ables tels que fum\u00e9e de cigarette, nourriture, alcool et [&hellip;]<\/p>\n","protected":false},"author":2,"featured_media":0,"parent":2656,"menu_order":0,"comment_status":"closed","ping_status":"closed","template":"","meta":{"om_disable_all_campaigns":false,"ocean_post_layout":"","ocean_both_sidebars_style":"","ocean_both_sidebars_content_width":0,"ocean_both_sidebars_sidebars_width":0,"ocean_sidebar":"cs-1","ocean_second_sidebar":"0","ocean_disable_margins":"enable","ocean_add_body_class":"","ocean_shortcode_before_top_bar":"","ocean_shortcode_after_top_bar":"","ocean_shortcode_before_header":"","ocean_shortcode_after_header":"","ocean_has_shortcode":"","ocean_shortcode_after_title":"","ocean_shortcode_before_footer_widgets":"","ocean_shortcode_after_footer_widgets":"","ocean_shortcode_before_footer_bottom":"","ocean_shortcode_after_footer_bottom":"","ocean_display_top_bar":"default","ocean_display_header":"default","ocean_header_style":"","ocean_center_header_left_menu":"0","ocean_custom_header_template":"0","ocean_custom_logo":0,"ocean_custom_retina_logo":0,"ocean_custom_logo_max_width":0,"ocean_custom_logo_tablet_max_width":0,"ocean_custom_logo_mobile_max_width":0,"ocean_custom_logo_max_height":0,"ocean_custom_logo_tablet_max_height":0,"ocean_custom_logo_mobile_max_height":0,"ocean_header_custom_menu":"0","ocean_menu_typo_font_family":"0","ocean_menu_typo_font_subset":"","ocean_menu_typo_font_size":0,"ocean_menu_typo_font_size_tablet":0,"ocean_menu_typo_font_size_mobile":0,"ocean_menu_typo_font_size_unit":"px","ocean_menu_typo_font_weight":"","ocean_menu_typo_font_weight_tablet":"","ocean_menu_typo_font_weight_mobile":"","ocean_menu_typo_transform":"","ocean_menu_typo_transform_tablet":"","ocean_menu_typo_transform_mobile":"","ocean_menu_typo_line_height":0,"ocean_menu_typo_line_height_tablet":0,"ocean_menu_typo_line_height_mobile":0,"ocean_menu_typo_line_height_unit":"","ocean_menu_typo_spacing":0,"ocean_menu_typo_spacing_tablet":0,"ocean_menu_typo_spacing_mobile":0,"ocean_menu_typo_spacing_unit":"","ocean_menu_link_color":"","ocean_menu_link_color_hover":"","ocean_menu_link_color_active":"","ocean_menu_link_background":"","ocean_menu_link_hover_background":"","ocean_menu_link_active_background":"","ocean_menu_social_links_bg":"","ocean_menu_social_hover_links_bg":"","ocean_menu_social_links_color":"","ocean_menu_social_hover_links_color":"","ocean_disable_title":"on","ocean_disable_heading":"default","ocean_post_title":"","ocean_post_subheading":"","ocean_post_title_style":"","ocean_post_title_background_color":"","ocean_post_title_background":0,"ocean_post_title_bg_image_position":"","ocean_post_title_bg_image_attachment":"","ocean_post_title_bg_image_repeat":"","ocean_post_title_bg_image_size":"","ocean_post_title_height":0,"ocean_post_title_bg_overlay":0.5,"ocean_post_title_bg_overlay_color":"","ocean_disable_breadcrumbs":"default","ocean_breadcrumbs_color":"","ocean_breadcrumbs_separator_color":"","ocean_breadcrumbs_links_color":"","ocean_breadcrumbs_links_hover_color":"","ocean_display_footer_widgets":"default","ocean_display_footer_bottom":"default","ocean_custom_footer_template":"0","footnotes":""},"class_list":["post-2702","page","type-page","status-publish","hentry","entry"],"yoast_head":"<!-- This site is optimized with the Yoast SEO plugin v27.2 - https:\/\/yoast.com\/product\/yoast-seo-wordpress\/ -->\n<title>Divertissement - Emoliquids<\/title>\n<meta name=\"robots\" content=\"index, follow, max-snippet:-1, max-image-preview:large, max-video-preview:-1\" \/>\n<link rel=\"canonical\" href=\"https:\/\/www.emoliquids.com\/fr\/segments\/divertissement\/\" \/>\n<meta property=\"og:locale\" content=\"fr_FR\" \/>\n<meta property=\"og:type\" content=\"article\" \/>\n<meta property=\"og:title\" content=\"Divertissement - Emoliquids\" \/>\n<meta property=\"og:description\" content=\"[vc_row full_width=\u00a0\u00bb\u00a0\u00bb parallax=\u00a0\u00bb\u00a0\u00bb parallax_image=\u00a0\u00bb\u00a0\u00bb css=\u00a0\u00bb.vc_custom_1726088444498{margin-top: 100px !important;}\u00a0\u00bb][vc_column][vc_column_text c_id=\u00a0\u00bb.vc_1693256912373&Prime;] Parfumer votre \u00e9tablissement Les leaders mondiaux de divertissements, tels que casinos, bars et discoth\u00e8ques ont pour objectif de cr\u00e9er des environnements agr\u00e9able et d&rsquo;am\u00e9liorer l&rsquo;exp\u00e9rience de leur client\u00e8le. C&rsquo;est une t\u00e2che difficile car constamment soumis \u00e0 des odeurs d\u00e9sagr\u00e9ables tels que fum\u00e9e de cigarette, nourriture, alcool et [&hellip;]\" \/>\n<meta property=\"og:url\" content=\"https:\/\/www.emoliquids.com\/fr\/segments\/divertissement\/\" \/>\n<meta property=\"og:site_name\" content=\"Emoliquids\" \/>\n<meta property=\"article:publisher\" content=\"https:\/\/www.facebook.com\/emoliquids\/\" \/>\n<meta property=\"article:modified_time\" content=\"2024-09-11T21:00:51+00:00\" \/>\n<meta property=\"og:image\" content=\"https:\/\/www.emoliquids.com\/wp-content\/uploads\/2015\/02\/logo-normal-hd.png\" \/>\n<meta name=\"twitter:label1\" content=\"Dur\u00e9e de lecture estim\u00e9e\" \/>\n\t<meta name=\"twitter:data1\" content=\"3 minutes\" \/>\n<script type=\"application\/ld+json\" class=\"yoast-schema-graph\">{\"@context\":\"https:\/\/schema.org\",\"@graph\":[{\"@type\":\"WebPage\",\"@id\":\"https:\/\/www.emoliquids.com\/fr\/segments\/divertissement\/\",\"url\":\"https:\/\/www.emoliquids.com\/fr\/segments\/divertissement\/\",\"name\":\"Divertissement - Emoliquids\",\"isPartOf\":{\"@id\":\"https:\/\/www.emoliquids.com\/#website\"},\"datePublished\":\"2015-05-11T07:52:30+00:00\",\"dateModified\":\"2024-09-11T21:00:51+00:00\",\"breadcrumb\":{\"@id\":\"https:\/\/www.emoliquids.com\/fr\/segments\/divertissement\/#breadcrumb\"},\"inLanguage\":\"fr-FR\",\"potentialAction\":[{\"@type\":\"ReadAction\",\"target\":[\"https:\/\/www.emoliquids.com\/fr\/segments\/divertissement\/\"]}]},{\"@type\":\"BreadcrumbList\",\"@id\":\"https:\/\/www.emoliquids.com\/fr\/segments\/divertissement\/#breadcrumb\",\"itemListElement\":[{\"@type\":\"ListItem\",\"position\":1,\"name\":\"Home\",\"item\":\"https:\/\/www.emoliquids.com\/fr\/\"},{\"@type\":\"ListItem\",\"position\":2,\"name\":\"Segments\",\"item\":\"https:\/\/www.emoliquids.com\/fr\/segments\/\"},{\"@type\":\"ListItem\",\"position\":3,\"name\":\"Divertissement\"}]},{\"@type\":\"WebSite\",\"@id\":\"https:\/\/www.emoliquids.com\/#website\",\"url\":\"https:\/\/www.emoliquids.com\/\",\"name\":\"Emoliquids\",\"description\":\"\",\"publisher\":{\"@id\":\"https:\/\/www.emoliquids.com\/#organization\"},\"potentialAction\":[{\"@type\":\"SearchAction\",\"target\":{\"@type\":\"EntryPoint\",\"urlTemplate\":\"https:\/\/www.emoliquids.com\/?s={search_term_string}\"},\"query-input\":{\"@type\":\"PropertyValueSpecification\",\"valueRequired\":true,\"valueName\":\"search_term_string\"}}],\"inLanguage\":\"fr-FR\"},{\"@type\":\"Organization\",\"@id\":\"https:\/\/www.emoliquids.com\/#organization\",\"name\":\"Emoliquids\",\"url\":\"https:\/\/www.emoliquids.com\/\",\"logo\":{\"@type\":\"ImageObject\",\"inLanguage\":\"fr-FR\",\"@id\":\"https:\/\/www.emoliquids.com\/#\/schema\/logo\/image\/\",\"url\":\"https:\/\/www.emoliquids.com\/wp-content\/uploads\/2016\/12\/cropped-emoliquids-logo-2017-retina-light.png\",\"contentUrl\":\"https:\/\/www.emoliquids.com\/wp-content\/uploads\/2016\/12\/cropped-emoliquids-logo-2017-retina-light.png\",\"width\":1000,\"height\":274,\"caption\":\"Emoliquids\"},\"image\":{\"@id\":\"https:\/\/www.emoliquids.com\/#\/schema\/logo\/image\/\"},\"sameAs\":[\"https:\/\/www.facebook.com\/emoliquids\/\"]}]}<\/script>\n<!-- \/ Yoast SEO plugin. -->","yoast_head_json":{"title":"Divertissement - Emoliquids","robots":{"index":"index","follow":"follow","max-snippet":"max-snippet:-1","max-image-preview":"max-image-preview:large","max-video-preview":"max-video-preview:-1"},"canonical":"https:\/\/www.emoliquids.com\/fr\/segments\/divertissement\/","og_locale":"fr_FR","og_type":"article","og_title":"Divertissement - Emoliquids","og_description":"[vc_row full_width=\u00a0\u00bb\u00a0\u00bb parallax=\u00a0\u00bb\u00a0\u00bb parallax_image=\u00a0\u00bb\u00a0\u00bb css=\u00a0\u00bb.vc_custom_1726088444498{margin-top: 100px !important;}\u00a0\u00bb][vc_column][vc_column_text c_id=\u00a0\u00bb.vc_1693256912373&Prime;] Parfumer votre \u00e9tablissement Les leaders mondiaux de divertissements, tels que casinos, bars et discoth\u00e8ques ont pour objectif de cr\u00e9er des environnements agr\u00e9able et d&rsquo;am\u00e9liorer l&rsquo;exp\u00e9rience de leur client\u00e8le. C&rsquo;est une t\u00e2che difficile car constamment soumis \u00e0 des odeurs d\u00e9sagr\u00e9ables tels que fum\u00e9e de cigarette, nourriture, alcool et [&hellip;]","og_url":"https:\/\/www.emoliquids.com\/fr\/segments\/divertissement\/","og_site_name":"Emoliquids","article_publisher":"https:\/\/www.facebook.com\/emoliquids\/","article_modified_time":"2024-09-11T21:00:51+00:00","og_image":[{"url":"https:\/\/www.emoliquids.com\/wp-content\/uploads\/2015\/02\/logo-normal-hd.png","type":"","width":"","height":""}],"twitter_misc":{"Dur\u00e9e de lecture estim\u00e9e":"3 minutes"},"schema":{"@context":"https:\/\/schema.org","@graph":[{"@type":"WebPage","@id":"https:\/\/www.emoliquids.com\/fr\/segments\/divertissement\/","url":"https:\/\/www.emoliquids.com\/fr\/segments\/divertissement\/","name":"Divertissement - Emoliquids","isPartOf":{"@id":"https:\/\/www.emoliquids.com\/#website"},"datePublished":"2015-05-11T07:52:30+00:00","dateModified":"2024-09-11T21:00:51+00:00","breadcrumb":{"@id":"https:\/\/www.emoliquids.com\/fr\/segments\/divertissement\/#breadcrumb"},"inLanguage":"fr-FR","potentialAction":[{"@type":"ReadAction","target":["https:\/\/www.emoliquids.com\/fr\/segments\/divertissement\/"]}]},{"@type":"BreadcrumbList","@id":"https:\/\/www.emoliquids.com\/fr\/segments\/divertissement\/#breadcrumb","itemListElement":[{"@type":"ListItem","position":1,"name":"Home","item":"https:\/\/www.emoliquids.com\/fr\/"},{"@type":"ListItem","position":2,"name":"Segments","item":"https:\/\/www.emoliquids.com\/fr\/segments\/"},{"@type":"ListItem","position":3,"name":"Divertissement"}]},{"@type":"WebSite","@id":"https:\/\/www.emoliquids.com\/#website","url":"https:\/\/www.emoliquids.com\/","name":"Emoliquids","description":"","publisher":{"@id":"https:\/\/www.emoliquids.com\/#organization"},"potentialAction":[{"@type":"SearchAction","target":{"@type":"EntryPoint","urlTemplate":"https:\/\/www.emoliquids.com\/?s={search_term_string}"},"query-input":{"@type":"PropertyValueSpecification","valueRequired":true,"valueName":"search_term_string"}}],"inLanguage":"fr-FR"},{"@type":"Organization","@id":"https:\/\/www.emoliquids.com\/#organization","name":"Emoliquids","url":"https:\/\/www.emoliquids.com\/","logo":{"@type":"ImageObject","inLanguage":"fr-FR","@id":"https:\/\/www.emoliquids.com\/#\/schema\/logo\/image\/","url":"https:\/\/www.emoliquids.com\/wp-content\/uploads\/2016\/12\/cropped-emoliquids-logo-2017-retina-light.png","contentUrl":"https:\/\/www.emoliquids.com\/wp-content\/uploads\/2016\/12\/cropped-emoliquids-logo-2017-retina-light.png","width":1000,"height":274,"caption":"Emoliquids"},"image":{"@id":"https:\/\/www.emoliquids.com\/#\/schema\/logo\/image\/"},"sameAs":["https:\/\/www.facebook.com\/emoliquids\/"]}]}},"_links":{"self":[{"href":"https:\/\/www.emoliquids.com\/fr\/wp-json\/wp\/v2\/pages\/2702","targetHints":{"allow":["GET"]}}],"collection":[{"href":"https:\/\/www.emoliquids.com\/fr\/wp-json\/wp\/v2\/pages"}],"about":[{"href":"https:\/\/www.emoliquids.com\/fr\/wp-json\/wp\/v2\/types\/page"}],"author":[{"embeddable":true,"href":"https:\/\/www.emoliquids.com\/fr\/wp-json\/wp\/v2\/users\/2"}],"replies":[{"embeddable":true,"href":"https:\/\/www.emoliquids.com\/fr\/wp-json\/wp\/v2\/comments?post=2702"}],"version-history":[{"count":4,"href":"https:\/\/www.emoliquids.com\/fr\/wp-json\/wp\/v2\/pages\/2702\/revisions"}],"predecessor-version":[{"id":5600,"href":"https:\/\/www.emoliquids.com\/fr\/wp-json\/wp\/v2\/pages\/2702\/revisions\/5600"}],"up":[{"embeddable":true,"href":"https:\/\/www.emoliquids.com\/fr\/wp-json\/wp\/v2\/pages\/2656"}],"wp:attachment":[{"href":"https:\/\/www.emoliquids.com\/fr\/wp-json\/wp\/v2\/media?parent=2702"}],"curies":[{"name":"wp","href":"https:\/\/api.w.org\/{rel}","templated":true}]}}