{"id":2690,"date":"2015-05-11T15:27:45","date_gmt":"2015-05-11T07:52:30","guid":{"rendered":"https:\/\/www.emoliquids.com\/segments\/supermarkten\/"},"modified":"2024-09-11T23:10:43","modified_gmt":"2024-09-11T21:10:43","slug":"ventes-alimentaires","status":"publish","type":"page","link":"https:\/\/www.emoliquids.com\/fr\/segments\/ventes-alimentaires\/","title":{"rendered":"Ventes Alimentaires"},"content":{"rendered":"<div class=\"wpb-content-wrapper\"><p>[vc_row full_width=\u00a0\u00bb\u00a0\u00bb parallax=\u00a0\u00bb\u00a0\u00bb parallax_image=\u00a0\u00bb\u00a0\u00bb css=\u00a0\u00bb.vc_custom_1726089036869{margin-top: 100px !important;}\u00a0\u00bb][vc_column][vc_column_text c_id=\u00a0\u00bb.vc_1693260590291&Prime;]<\/p>\n<h3>L&rsquo;odorat amplifie le go\u00fbt<\/h3>\n<p>La stimulation de l&rsquo;odorat, utilis\u00e9e dans le but d&rsquo;augmenter les ventes, n&rsquo;est pas un concept nouveau pour l&rsquo;industrie alimentaire. Les boulangeries-p\u00e2tisseries ont su faire appel \u00e0 ces techniques depuis de nombreuses ann\u00e9es. L&rsquo;odorat amplifie le go\u00fbt, et l&rsquo;utilisation de l&rsquo;olfactif peut attirer une client\u00e8le des plus r\u00e9ticente. Des \u00e9tudes notent que le sens de l&rsquo;odorat est le stimulus le plus puissant des cinq sens humain. En effet, l&rsquo;olfactif a la capabilit\u00e9 de d\u00e9clencher des r\u00e9actions \u00e9motionnelles significatives sur la client\u00e8le, et ainsi d\u00e9clencher des achats impulsifs.<\/p>\n<h3>Solutions olfactives pour l&rsquo;alimentation et les boissons<\/h3>\n<p>Les ar\u00f4mes alimentaires ne sont pas toujours d\u00e9tectables due \u00e0 leur emballage. De plus en plus de produits alimentaires sont pr\u00e9sent\u00e9s sous forme de conserve, emballage sous vide ou nourriture r\u00e9frig\u00e9r\u00e9es. Ces modes de pr\u00e9sentation ne permettent pas aux consommateurs de d\u00e9couvrir l&rsquo;odeur de nombreux produits et ainsi de compl\u00e9ter leur exp\u00e9rience de &lsquo;faire des courses&rsquo;. Les grandes surfaces font appel aux techniques de r\u00e9frig\u00e9ration modernes qui tendent \u00e0 \u00e9liminer des ar\u00f4mes qui, autrefois, \u00e9taient accessible \u00e0 tous. Bien que ces progr\u00e8s technologiques ont largement contribu\u00e9 \u00e0 l&rsquo;am\u00e9lioration de la sant\u00e9 des consommateurs et \u00e0 la r\u00e9duction des pertes pour les professionnels, ils ont \u00e9galement \u00e9limin\u00e9 les odeurs naturelles des produits frais qui attirent la client\u00e8le la plus exigeante.<\/p>\n<p>Choisissez une fragrance perceptible et cr\u00e9er une exp\u00e9rience m\u00e9morable et une impression durable. La gamme d&rsquo;huiles aromatiques d&rsquo;Emoliquids est vaste et a \u00e9t\u00e9 con\u00e7ue pour s&rsquo;adapter \u00e0 tous types d&rsquo;environnement tels que les grands magasins, les grandes surfaces et les salles de cin\u00e9mas. Attirez vos clients avec des parfums frais et\/ou fruit\u00e9s tel que pomme, orange ou mangue. Essayez \u00e9galement les ar\u00f4mes de chocolat, de caf\u00e9 ou de popcorn. Emoliquids est en mesure de r\u00e9pondre \u00e0 tous vos besoins.[\/vc_column_text][\/vc_column][\/vc_row][vc_row full_width=\u00a0\u00bb\u00a0\u00bb parallax=\u00a0\u00bb\u00a0\u00bb parallax_image=\u00a0\u00bb\u00a0\u00bb][vc_column][vc_separator][vc_column_text c_id=\u00a0\u00bb.vc_1431951653322&Prime;]<\/p>\n<h3 style=\"text-align: center;\">Fragrance, les faits<\/h3>\n<h4 style=\"text-align: center;\">Lorsqu&rsquo;un ar\u00f4me de pain a \u00e9t\u00e9 diffus\u00e9e dans un supermarch\u00e9 am\u00e9ricain, les ventes de la section boulangerie ont soudainement tripl\u00e9es.<br \/>\n<em>(Hirsch, 1995, IJA)<\/em><\/h4>\n<p>[\/vc_column_text][vc_separator][\/vc_column][\/vc_row][vc_row full_width=\u00a0\u00bb\u00a0\u00bb parallax=\u00a0\u00bb\u00a0\u00bb parallax_image=\u00a0\u00bb\u00a0\u00bb][vc_column][vc_column_text c_id=\u00a0\u00bb.vc_1431951669701&Prime;]<\/p>\n<h3 style=\"text-align: center;\">Les avantages olfactifs<\/h3>\n<p>[\/vc_column_text][\/vc_column][\/vc_row][vc_row full_width=\u00a0\u00bb\u00a0\u00bb parallax=\u00a0\u00bb\u00a0\u00bb parallax_image=\u00a0\u00bb\u00a0\u00bb][vc_column width=\u00a0\u00bb1\/3&Prime;][vc_column_text c_id=\u00a0\u00bb.vc_1431951701679&Prime;]<\/p>\n<h4>Promotion performante<\/h4>\n<p>Une promotion stimul\u00e9e par l&rsquo;odorat est une promotion efficace. L&rsquo;olfactif vous permet de puiser dans le stimulus le plus puissant de la nature humaine, l&rsquo;odorat. Le marketing olfactif est \u00e9galement un des investissements marketing les plus rentable.[\/vc_column_text][\/vc_column][vc_column width=\u00a0\u00bb1\/3&Prime;][vc_column_text c_id=\u00a0\u00bb.vc_1431951729128&Prime;]<\/p>\n<h4>Connection \u00e9motionnelle<\/h4>\n<p>Une diffusion de fragrance alimentaire de qualit\u00e9 est en mesure de renouer vos clients avec le ou les produits visibles et ainsi am\u00e9liorer vos ventes.[\/vc_column_text][\/vc_column][vc_column width=\u00a0\u00bb1\/3&Prime;][vc_column_text c_id=\u00a0\u00bb.vc_1431951764932&Prime;]<\/p>\n<h4>Pr\u00e9sence accentu\u00e9e<\/h4>\n<p>L&rsquo;odorat amplifie le sens du go\u00fbt et devient un \u00e9l\u00e9ment essentielle pour les commercialisations alimentaire.[\/vc_column_text][\/vc_column][\/vc_row]<\/p>\n<\/div>","protected":false},"excerpt":{"rendered":"<p>[vc_row full_width=\u00a0\u00bb\u00a0\u00bb parallax=\u00a0\u00bb\u00a0\u00bb parallax_image=\u00a0\u00bb\u00a0\u00bb css=\u00a0\u00bb.vc_custom_1726089036869{margin-top: 100px !important;}\u00a0\u00bb][vc_column][vc_column_text c_id=\u00a0\u00bb.vc_1693260590291&Prime;] L&rsquo;odorat amplifie le go\u00fbt La stimulation de l&rsquo;odorat, utilis\u00e9e dans le but d&rsquo;augmenter les ventes, n&rsquo;est pas un concept nouveau pour l&rsquo;industrie alimentaire. Les boulangeries-p\u00e2tisseries ont su faire appel \u00e0 ces techniques depuis de nombreuses ann\u00e9es. L&rsquo;odorat amplifie le go\u00fbt, et l&rsquo;utilisation de l&rsquo;olfactif peut attirer une [&hellip;]<\/p>\n","protected":false},"author":2,"featured_media":0,"parent":2656,"menu_order":0,"comment_status":"closed","ping_status":"closed","template":"","meta":{"om_disable_all_campaigns":false,"ocean_post_layout":"","ocean_both_sidebars_style":"","ocean_both_sidebars_content_width":0,"ocean_both_sidebars_sidebars_width":0,"ocean_sidebar":"cs-1","ocean_second_sidebar":"0","ocean_disable_margins":"enable","ocean_add_body_class":"","ocean_shortcode_before_top_bar":"","ocean_shortcode_after_top_bar":"","ocean_shortcode_before_header":"","ocean_shortcode_after_header":"","ocean_has_shortcode":"","ocean_shortcode_after_title":"","ocean_shortcode_before_footer_widgets":"","ocean_shortcode_after_footer_widgets":"","ocean_shortcode_before_footer_bottom":"","ocean_shortcode_after_footer_bottom":"","ocean_display_top_bar":"default","ocean_display_header":"default","ocean_header_style":"","ocean_center_header_left_menu":"0","ocean_custom_header_template":"0","ocean_custom_logo":0,"ocean_custom_retina_logo":0,"ocean_custom_logo_max_width":0,"ocean_custom_logo_tablet_max_width":0,"ocean_custom_logo_mobile_max_width":0,"ocean_custom_logo_max_height":0,"ocean_custom_logo_tablet_max_height":0,"ocean_custom_logo_mobile_max_height":0,"ocean_header_custom_menu":"0","ocean_menu_typo_font_family":"0","ocean_menu_typo_font_subset":"","ocean_menu_typo_font_size":0,"ocean_menu_typo_font_size_tablet":0,"ocean_menu_typo_font_size_mobile":0,"ocean_menu_typo_font_size_unit":"px","ocean_menu_typo_font_weight":"","ocean_menu_typo_font_weight_tablet":"","ocean_menu_typo_font_weight_mobile":"","ocean_menu_typo_transform":"","ocean_menu_typo_transform_tablet":"","ocean_menu_typo_transform_mobile":"","ocean_menu_typo_line_height":0,"ocean_menu_typo_line_height_tablet":0,"ocean_menu_typo_line_height_mobile":0,"ocean_menu_typo_line_height_unit":"","ocean_menu_typo_spacing":0,"ocean_menu_typo_spacing_tablet":0,"ocean_menu_typo_spacing_mobile":0,"ocean_menu_typo_spacing_unit":"","ocean_menu_link_color":"","ocean_menu_link_color_hover":"","ocean_menu_link_color_active":"","ocean_menu_link_background":"","ocean_menu_link_hover_background":"","ocean_menu_link_active_background":"","ocean_menu_social_links_bg":"","ocean_menu_social_hover_links_bg":"","ocean_menu_social_links_color":"","ocean_menu_social_hover_links_color":"","ocean_disable_title":"on","ocean_disable_heading":"default","ocean_post_title":"","ocean_post_subheading":"","ocean_post_title_style":"","ocean_post_title_background_color":"","ocean_post_title_background":0,"ocean_post_title_bg_image_position":"","ocean_post_title_bg_image_attachment":"","ocean_post_title_bg_image_repeat":"","ocean_post_title_bg_image_size":"","ocean_post_title_height":0,"ocean_post_title_bg_overlay":0.5,"ocean_post_title_bg_overlay_color":"","ocean_disable_breadcrumbs":"default","ocean_breadcrumbs_color":"","ocean_breadcrumbs_separator_color":"","ocean_breadcrumbs_links_color":"","ocean_breadcrumbs_links_hover_color":"","ocean_display_footer_widgets":"default","ocean_display_footer_bottom":"default","ocean_custom_footer_template":"0","footnotes":""},"class_list":["post-2690","page","type-page","status-publish","hentry","entry"],"yoast_head":"<!-- This site is optimized with the Yoast SEO plugin v27.2 - https:\/\/yoast.com\/product\/yoast-seo-wordpress\/ -->\n<title>Ventes Alimentaires - Emoliquids<\/title>\n<meta name=\"robots\" content=\"index, follow, max-snippet:-1, max-image-preview:large, max-video-preview:-1\" \/>\n<link rel=\"canonical\" href=\"https:\/\/www.emoliquids.com\/fr\/segments\/ventes-alimentaires\/\" \/>\n<meta property=\"og:locale\" content=\"fr_FR\" \/>\n<meta property=\"og:type\" content=\"article\" \/>\n<meta property=\"og:title\" content=\"Ventes Alimentaires - Emoliquids\" \/>\n<meta property=\"og:description\" content=\"[vc_row full_width=\u00a0\u00bb\u00a0\u00bb parallax=\u00a0\u00bb\u00a0\u00bb parallax_image=\u00a0\u00bb\u00a0\u00bb css=\u00a0\u00bb.vc_custom_1726089036869{margin-top: 100px !important;}\u00a0\u00bb][vc_column][vc_column_text c_id=\u00a0\u00bb.vc_1693260590291&Prime;] L&rsquo;odorat amplifie le go\u00fbt La stimulation de l&rsquo;odorat, utilis\u00e9e dans le but d&rsquo;augmenter les ventes, n&rsquo;est pas un concept nouveau pour l&rsquo;industrie alimentaire. Les boulangeries-p\u00e2tisseries ont su faire appel \u00e0 ces techniques depuis de nombreuses ann\u00e9es. L&rsquo;odorat amplifie le go\u00fbt, et l&rsquo;utilisation de l&rsquo;olfactif peut attirer une [&hellip;]\" \/>\n<meta property=\"og:url\" content=\"https:\/\/www.emoliquids.com\/fr\/segments\/ventes-alimentaires\/\" \/>\n<meta property=\"og:site_name\" content=\"Emoliquids\" \/>\n<meta property=\"article:publisher\" content=\"https:\/\/www.facebook.com\/emoliquids\/\" \/>\n<meta property=\"article:modified_time\" content=\"2024-09-11T21:10:43+00:00\" \/>\n<meta property=\"og:image\" content=\"https:\/\/www.emoliquids.com\/wp-content\/uploads\/2015\/02\/logo-normal-hd.png\" \/>\n<meta name=\"twitter:label1\" content=\"Dur\u00e9e de lecture estim\u00e9e\" \/>\n\t<meta name=\"twitter:data1\" content=\"2 minutes\" \/>\n<script type=\"application\/ld+json\" class=\"yoast-schema-graph\">{\"@context\":\"https:\/\/schema.org\",\"@graph\":[{\"@type\":\"WebPage\",\"@id\":\"https:\/\/www.emoliquids.com\/fr\/segments\/ventes-alimentaires\/\",\"url\":\"https:\/\/www.emoliquids.com\/fr\/segments\/ventes-alimentaires\/\",\"name\":\"Ventes Alimentaires - Emoliquids\",\"isPartOf\":{\"@id\":\"https:\/\/www.emoliquids.com\/#website\"},\"datePublished\":\"2015-05-11T07:52:30+00:00\",\"dateModified\":\"2024-09-11T21:10:43+00:00\",\"breadcrumb\":{\"@id\":\"https:\/\/www.emoliquids.com\/fr\/segments\/ventes-alimentaires\/#breadcrumb\"},\"inLanguage\":\"fr-FR\",\"potentialAction\":[{\"@type\":\"ReadAction\",\"target\":[\"https:\/\/www.emoliquids.com\/fr\/segments\/ventes-alimentaires\/\"]}]},{\"@type\":\"BreadcrumbList\",\"@id\":\"https:\/\/www.emoliquids.com\/fr\/segments\/ventes-alimentaires\/#breadcrumb\",\"itemListElement\":[{\"@type\":\"ListItem\",\"position\":1,\"name\":\"Home\",\"item\":\"https:\/\/www.emoliquids.com\/fr\/\"},{\"@type\":\"ListItem\",\"position\":2,\"name\":\"Segments\",\"item\":\"https:\/\/www.emoliquids.com\/fr\/segments\/\"},{\"@type\":\"ListItem\",\"position\":3,\"name\":\"Ventes Alimentaires\"}]},{\"@type\":\"WebSite\",\"@id\":\"https:\/\/www.emoliquids.com\/#website\",\"url\":\"https:\/\/www.emoliquids.com\/\",\"name\":\"Emoliquids\",\"description\":\"\",\"publisher\":{\"@id\":\"https:\/\/www.emoliquids.com\/#organization\"},\"potentialAction\":[{\"@type\":\"SearchAction\",\"target\":{\"@type\":\"EntryPoint\",\"urlTemplate\":\"https:\/\/www.emoliquids.com\/?s={search_term_string}\"},\"query-input\":{\"@type\":\"PropertyValueSpecification\",\"valueRequired\":true,\"valueName\":\"search_term_string\"}}],\"inLanguage\":\"fr-FR\"},{\"@type\":\"Organization\",\"@id\":\"https:\/\/www.emoliquids.com\/#organization\",\"name\":\"Emoliquids\",\"url\":\"https:\/\/www.emoliquids.com\/\",\"logo\":{\"@type\":\"ImageObject\",\"inLanguage\":\"fr-FR\",\"@id\":\"https:\/\/www.emoliquids.com\/#\/schema\/logo\/image\/\",\"url\":\"https:\/\/www.emoliquids.com\/wp-content\/uploads\/2016\/12\/cropped-emoliquids-logo-2017-retina-light.png\",\"contentUrl\":\"https:\/\/www.emoliquids.com\/wp-content\/uploads\/2016\/12\/cropped-emoliquids-logo-2017-retina-light.png\",\"width\":1000,\"height\":274,\"caption\":\"Emoliquids\"},\"image\":{\"@id\":\"https:\/\/www.emoliquids.com\/#\/schema\/logo\/image\/\"},\"sameAs\":[\"https:\/\/www.facebook.com\/emoliquids\/\"]}]}<\/script>\n<!-- \/ Yoast SEO plugin. -->","yoast_head_json":{"title":"Ventes Alimentaires - Emoliquids","robots":{"index":"index","follow":"follow","max-snippet":"max-snippet:-1","max-image-preview":"max-image-preview:large","max-video-preview":"max-video-preview:-1"},"canonical":"https:\/\/www.emoliquids.com\/fr\/segments\/ventes-alimentaires\/","og_locale":"fr_FR","og_type":"article","og_title":"Ventes Alimentaires - Emoliquids","og_description":"[vc_row full_width=\u00a0\u00bb\u00a0\u00bb parallax=\u00a0\u00bb\u00a0\u00bb parallax_image=\u00a0\u00bb\u00a0\u00bb css=\u00a0\u00bb.vc_custom_1726089036869{margin-top: 100px !important;}\u00a0\u00bb][vc_column][vc_column_text c_id=\u00a0\u00bb.vc_1693260590291&Prime;] L&rsquo;odorat amplifie le go\u00fbt La stimulation de l&rsquo;odorat, utilis\u00e9e dans le but d&rsquo;augmenter les ventes, n&rsquo;est pas un concept nouveau pour l&rsquo;industrie alimentaire. Les boulangeries-p\u00e2tisseries ont su faire appel \u00e0 ces techniques depuis de nombreuses ann\u00e9es. L&rsquo;odorat amplifie le go\u00fbt, et l&rsquo;utilisation de l&rsquo;olfactif peut attirer une [&hellip;]","og_url":"https:\/\/www.emoliquids.com\/fr\/segments\/ventes-alimentaires\/","og_site_name":"Emoliquids","article_publisher":"https:\/\/www.facebook.com\/emoliquids\/","article_modified_time":"2024-09-11T21:10:43+00:00","og_image":[{"url":"https:\/\/www.emoliquids.com\/wp-content\/uploads\/2015\/02\/logo-normal-hd.png","type":"","width":"","height":""}],"twitter_misc":{"Dur\u00e9e de lecture estim\u00e9e":"2 minutes"},"schema":{"@context":"https:\/\/schema.org","@graph":[{"@type":"WebPage","@id":"https:\/\/www.emoliquids.com\/fr\/segments\/ventes-alimentaires\/","url":"https:\/\/www.emoliquids.com\/fr\/segments\/ventes-alimentaires\/","name":"Ventes Alimentaires - Emoliquids","isPartOf":{"@id":"https:\/\/www.emoliquids.com\/#website"},"datePublished":"2015-05-11T07:52:30+00:00","dateModified":"2024-09-11T21:10:43+00:00","breadcrumb":{"@id":"https:\/\/www.emoliquids.com\/fr\/segments\/ventes-alimentaires\/#breadcrumb"},"inLanguage":"fr-FR","potentialAction":[{"@type":"ReadAction","target":["https:\/\/www.emoliquids.com\/fr\/segments\/ventes-alimentaires\/"]}]},{"@type":"BreadcrumbList","@id":"https:\/\/www.emoliquids.com\/fr\/segments\/ventes-alimentaires\/#breadcrumb","itemListElement":[{"@type":"ListItem","position":1,"name":"Home","item":"https:\/\/www.emoliquids.com\/fr\/"},{"@type":"ListItem","position":2,"name":"Segments","item":"https:\/\/www.emoliquids.com\/fr\/segments\/"},{"@type":"ListItem","position":3,"name":"Ventes Alimentaires"}]},{"@type":"WebSite","@id":"https:\/\/www.emoliquids.com\/#website","url":"https:\/\/www.emoliquids.com\/","name":"Emoliquids","description":"","publisher":{"@id":"https:\/\/www.emoliquids.com\/#organization"},"potentialAction":[{"@type":"SearchAction","target":{"@type":"EntryPoint","urlTemplate":"https:\/\/www.emoliquids.com\/?s={search_term_string}"},"query-input":{"@type":"PropertyValueSpecification","valueRequired":true,"valueName":"search_term_string"}}],"inLanguage":"fr-FR"},{"@type":"Organization","@id":"https:\/\/www.emoliquids.com\/#organization","name":"Emoliquids","url":"https:\/\/www.emoliquids.com\/","logo":{"@type":"ImageObject","inLanguage":"fr-FR","@id":"https:\/\/www.emoliquids.com\/#\/schema\/logo\/image\/","url":"https:\/\/www.emoliquids.com\/wp-content\/uploads\/2016\/12\/cropped-emoliquids-logo-2017-retina-light.png","contentUrl":"https:\/\/www.emoliquids.com\/wp-content\/uploads\/2016\/12\/cropped-emoliquids-logo-2017-retina-light.png","width":1000,"height":274,"caption":"Emoliquids"},"image":{"@id":"https:\/\/www.emoliquids.com\/#\/schema\/logo\/image\/"},"sameAs":["https:\/\/www.facebook.com\/emoliquids\/"]}]}},"_links":{"self":[{"href":"https:\/\/www.emoliquids.com\/fr\/wp-json\/wp\/v2\/pages\/2690","targetHints":{"allow":["GET"]}}],"collection":[{"href":"https:\/\/www.emoliquids.com\/fr\/wp-json\/wp\/v2\/pages"}],"about":[{"href":"https:\/\/www.emoliquids.com\/fr\/wp-json\/wp\/v2\/types\/page"}],"author":[{"embeddable":true,"href":"https:\/\/www.emoliquids.com\/fr\/wp-json\/wp\/v2\/users\/2"}],"replies":[{"embeddable":true,"href":"https:\/\/www.emoliquids.com\/fr\/wp-json\/wp\/v2\/comments?post=2690"}],"version-history":[{"count":2,"href":"https:\/\/www.emoliquids.com\/fr\/wp-json\/wp\/v2\/pages\/2690\/revisions"}],"predecessor-version":[{"id":5618,"href":"https:\/\/www.emoliquids.com\/fr\/wp-json\/wp\/v2\/pages\/2690\/revisions\/5618"}],"up":[{"embeddable":true,"href":"https:\/\/www.emoliquids.com\/fr\/wp-json\/wp\/v2\/pages\/2656"}],"wp:attachment":[{"href":"https:\/\/www.emoliquids.com\/fr\/wp-json\/wp\/v2\/media?parent=2690"}],"curies":[{"name":"wp","href":"https:\/\/api.w.org\/{rel}","templated":true}]}}