{"id":2678,"date":"2015-05-11T15:01:20","date_gmt":"2015-05-11T07:52:30","guid":{"rendered":"https:\/\/www.emoliquids.com\/segments\/medisch\/"},"modified":"2024-09-11T23:03:38","modified_gmt":"2024-09-11T21:03:38","slug":"medicale","status":"publish","type":"page","link":"https:\/\/www.emoliquids.com\/fr\/segments\/medicale\/","title":{"rendered":"M\u00e9dicale"},"content":{"rendered":"<div class=\"wpb-content-wrapper\"><p>[vc_row full_width=\u00a0\u00bb\u00a0\u00bb parallax=\u00a0\u00bb\u00a0\u00bb parallax_image=\u00a0\u00bb\u00a0\u00bb css=\u00a0\u00bb.vc_custom_1726088610228{margin-top: 100px !important;}\u00a0\u00bb][vc_column][vc_column_text c_id=\u00a0\u00bb.vc_1693489781689&Prime;]<\/p>\n<h3>Parfumer votre cabinet m\u00e9dical<\/h3>\n<p>L&rsquo;industrie m\u00e9dicale a besoin de s&rsquo;assurer que l&rsquo;experience de leurs patients demeure positive afin de garantir une activit\u00e9 commerciale continue et la satisfaction totale du client. C&rsquo;est une t\u00e2che difficile en raison de la nature de l&rsquo;industrie. La plupart des patients peuvent d\u00e9velopper anxi\u00e9t\u00e9 ou stress lors des visites chez le dentiste ou chez leur m\u00e9decin. Les odeurs courantes des salles d&rsquo;attentes ont tendance \u00e0 contribu\u00e9 \u00e0 une exp\u00e9rience n\u00e9gative des patients.<\/p>\n<p>Afin de cr\u00e9er un environnement plus relaxant pour les patients et le personnel, les cliniques se tournent vers le plus puissant de tous les sens humains &#8211; l&rsquo;odorat. Sentir un parfum apaisant comme la lavande ou l&rsquo;eucalyptus d\u00e9clenche une r\u00e9action \u00e9motionnelle, et l&rsquo;exp\u00e9rience de la salle d&rsquo;attente se verra moins traumatisante.<\/p>\n<h3>Revitaliser l&rsquo;air<\/h3>\n<p>Le parfum d&rsquo;ambiance a un effet positif sur la perceptions des patients quant \u00e0 la qualit\u00e9 du service, la propret\u00e9 et le bien-\u00eatre personnel. L&rsquo;atmosph\u00e8re sera plus chaleureuse et les patients se sentiront plus heureux et d\u00e9tendu. Dans leur forme la plus pure, lib\u00e9r\u00e9e sous forme de micro pulv\u00e9risation, les huiles essentielles d\u00e9tendent et revitalisent l&rsquo;air. Celles-ci offrent \u00e9galement des avantages suppl\u00e9mentaires tels que propri\u00e9t\u00e9s anti-bact\u00e9riennes et lutte contre la propagation des bact\u00e9ries.<\/p>\n<p>L&rsquo;Emoscent Pro d&rsquo;Emoliquids a l&rsquo;habilit\u00e9 de diffuser jusqu&rsquo;\u00e0 trois parfums diff\u00e9rents. Ce syst\u00e8me est contr\u00f4lable gr\u00e2ce \u00e0 notre application et syst\u00e8me Bluetooth. D\u00e9terminer vos heures de diffusion et vos fragrances. Les niveaux et la dur\u00e9e des diffusions sont r\u00e9glables \u00e0 distance, vous avez \u00e9galement la possibilit\u00e9 de stopper ou d\u00e9marrer vos diffusions \u00e0 distance. Ce syst\u00e8me est id\u00e9al pour les \u00e9tablissements de soins aux personnes \u00e2g\u00e9es o\u00f9 des parfums inspirant peuvent \u00eatre diffus\u00e9s afin de revitaliser vos matin\u00e9es et d\u00e9tendre vos apr\u00e8s-midi.[\/vc_column_text][\/vc_column][\/vc_row][vc_row full_width=\u00a0\u00bb\u00a0\u00bb parallax=\u00a0\u00bb\u00a0\u00bb parallax_image=\u00a0\u00bb\u00a0\u00bb][vc_column][vc_separator][vc_column_text c_id=\u00a0\u00bb.vc_1431949344851&Prime;]<\/p>\n<h3 style=\"text-align: center;\">Fragrance les faits<\/h3>\n<h4 style=\"text-align: center;\">Lorsque inhal\u00e9es, certaines huiles essentielles aident \u00e0 stimuler le syst\u00e8me immunitaire du corps humain.<\/h4>\n<p>[\/vc_column_text][vc_separator][\/vc_column][\/vc_row][vc_row full_width=\u00a0\u00bb\u00a0\u00bb parallax=\u00a0\u00bb\u00a0\u00bb parallax_image=\u00a0\u00bb\u00a0\u00bb][vc_column][vc_column_text c_id=\u00a0\u00bb.vc_1431949364906&Prime;]<\/p>\n<h3 style=\"text-align: center;\">Les avantages olfactifs<\/h3>\n<p>[\/vc_column_text][\/vc_column][\/vc_row][vc_row full_width=\u00a0\u00bb\u00a0\u00bb parallax=\u00a0\u00bb\u00a0\u00bb parallax_image=\u00a0\u00bb\u00a0\u00bb][vc_column width=\u00a0\u00bb1\/3&Prime;][vc_column_text c_id=\u00a0\u00bb.vc_1431949384231&Prime;]<\/p>\n<h4>Relaxation<\/h4>\n<p>Am\u00e9liorer le parfum de vos salles d&rsquo;attentes et votre client\u00e8le sera plus d\u00e9tendue avant la consultation.[\/vc_column_text][\/vc_column][vc_column width=\u00a0\u00bb1\/3&Prime;][vc_column_text c_id=\u00a0\u00bb.vc_1431949418053&Prime;]<\/p>\n<h4>Anti-bacterien<\/h4>\n<p>La diffusion de fragrance anti-bact\u00e9riennes dans les milieux m\u00e9dicaux permet de minimiser les risques d&rsquo;infections.[\/vc_column_text][\/vc_column][vc_column width=\u00a0\u00bb1\/3&Prime;][vc_column_text c_id=\u00a0\u00bb.vc_1431949444043&Prime;]<\/p>\n<h4>Am\u00e9liore l&rsquo;exp\u00e9rience<\/h4>\n<p>La diffusion de lavande supprime les pens\u00e9es n\u00e9gatives et exp\u00e9riences d\u00e9sagr\u00e9ables li\u00e9es aux soins dentaires.[\/vc_column_text][\/vc_column][\/vc_row]<\/p>\n<\/div>","protected":false},"excerpt":{"rendered":"<p>[vc_row full_width=\u00a0\u00bb\u00a0\u00bb parallax=\u00a0\u00bb\u00a0\u00bb parallax_image=\u00a0\u00bb\u00a0\u00bb css=\u00a0\u00bb.vc_custom_1726088610228{margin-top: 100px !important;}\u00a0\u00bb][vc_column][vc_column_text c_id=\u00a0\u00bb.vc_1693489781689&Prime;] Parfumer votre cabinet m\u00e9dical L&rsquo;industrie m\u00e9dicale a besoin de s&rsquo;assurer que l&rsquo;experience de leurs patients demeure positive afin de garantir une activit\u00e9 commerciale continue et la satisfaction totale du client. C&rsquo;est une t\u00e2che difficile en raison de la nature de l&rsquo;industrie. La plupart des patients peuvent d\u00e9velopper [&hellip;]<\/p>\n","protected":false},"author":2,"featured_media":0,"parent":2656,"menu_order":0,"comment_status":"closed","ping_status":"closed","template":"","meta":{"om_disable_all_campaigns":false,"ocean_post_layout":"","ocean_both_sidebars_style":"","ocean_both_sidebars_content_width":0,"ocean_both_sidebars_sidebars_width":0,"ocean_sidebar":"cs-1","ocean_second_sidebar":"0","ocean_disable_margins":"enable","ocean_add_body_class":"","ocean_shortcode_before_top_bar":"","ocean_shortcode_after_top_bar":"","ocean_shortcode_before_header":"","ocean_shortcode_after_header":"","ocean_has_shortcode":"","ocean_shortcode_after_title":"","ocean_shortcode_before_footer_widgets":"","ocean_shortcode_after_footer_widgets":"","ocean_shortcode_before_footer_bottom":"","ocean_shortcode_after_footer_bottom":"","ocean_display_top_bar":"default","ocean_display_header":"default","ocean_header_style":"","ocean_center_header_left_menu":"0","ocean_custom_header_template":"0","ocean_custom_logo":0,"ocean_custom_retina_logo":0,"ocean_custom_logo_max_width":0,"ocean_custom_logo_tablet_max_width":0,"ocean_custom_logo_mobile_max_width":0,"ocean_custom_logo_max_height":0,"ocean_custom_logo_tablet_max_height":0,"ocean_custom_logo_mobile_max_height":0,"ocean_header_custom_menu":"0","ocean_menu_typo_font_family":"0","ocean_menu_typo_font_subset":"","ocean_menu_typo_font_size":0,"ocean_menu_typo_font_size_tablet":0,"ocean_menu_typo_font_size_mobile":0,"ocean_menu_typo_font_size_unit":"px","ocean_menu_typo_font_weight":"","ocean_menu_typo_font_weight_tablet":"","ocean_menu_typo_font_weight_mobile":"","ocean_menu_typo_transform":"","ocean_menu_typo_transform_tablet":"","ocean_menu_typo_transform_mobile":"","ocean_menu_typo_line_height":0,"ocean_menu_typo_line_height_tablet":0,"ocean_menu_typo_line_height_mobile":0,"ocean_menu_typo_line_height_unit":"","ocean_menu_typo_spacing":0,"ocean_menu_typo_spacing_tablet":0,"ocean_menu_typo_spacing_mobile":0,"ocean_menu_typo_spacing_unit":"","ocean_menu_link_color":"","ocean_menu_link_color_hover":"","ocean_menu_link_color_active":"","ocean_menu_link_background":"","ocean_menu_link_hover_background":"","ocean_menu_link_active_background":"","ocean_menu_social_links_bg":"","ocean_menu_social_hover_links_bg":"","ocean_menu_social_links_color":"","ocean_menu_social_hover_links_color":"","ocean_disable_title":"on","ocean_disable_heading":"default","ocean_post_title":"","ocean_post_subheading":"","ocean_post_title_style":"","ocean_post_title_background_color":"","ocean_post_title_background":0,"ocean_post_title_bg_image_position":"","ocean_post_title_bg_image_attachment":"","ocean_post_title_bg_image_repeat":"","ocean_post_title_bg_image_size":"","ocean_post_title_height":0,"ocean_post_title_bg_overlay":0.5,"ocean_post_title_bg_overlay_color":"","ocean_disable_breadcrumbs":"default","ocean_breadcrumbs_color":"","ocean_breadcrumbs_separator_color":"","ocean_breadcrumbs_links_color":"","ocean_breadcrumbs_links_hover_color":"","ocean_display_footer_widgets":"default","ocean_display_footer_bottom":"default","ocean_custom_footer_template":"0","footnotes":""},"class_list":["post-2678","page","type-page","status-publish","hentry","entry"],"yoast_head":"<!-- This site is optimized with the Yoast SEO plugin v27.2 - https:\/\/yoast.com\/product\/yoast-seo-wordpress\/ -->\n<title>M\u00e9dicale - Emoliquids<\/title>\n<meta name=\"robots\" content=\"index, follow, max-snippet:-1, max-image-preview:large, max-video-preview:-1\" \/>\n<link rel=\"canonical\" href=\"https:\/\/www.emoliquids.com\/fr\/segments\/medicale\/\" \/>\n<meta property=\"og:locale\" content=\"fr_FR\" \/>\n<meta property=\"og:type\" content=\"article\" \/>\n<meta property=\"og:title\" content=\"M\u00e9dicale - Emoliquids\" \/>\n<meta property=\"og:description\" content=\"[vc_row full_width=\u00a0\u00bb\u00a0\u00bb parallax=\u00a0\u00bb\u00a0\u00bb parallax_image=\u00a0\u00bb\u00a0\u00bb css=\u00a0\u00bb.vc_custom_1726088610228{margin-top: 100px !important;}\u00a0\u00bb][vc_column][vc_column_text c_id=\u00a0\u00bb.vc_1693489781689&Prime;] Parfumer votre cabinet m\u00e9dical L&rsquo;industrie m\u00e9dicale a besoin de s&rsquo;assurer que l&rsquo;experience de leurs patients demeure positive afin de garantir une activit\u00e9 commerciale continue et la satisfaction totale du client. C&rsquo;est une t\u00e2che difficile en raison de la nature de l&rsquo;industrie. La plupart des patients peuvent d\u00e9velopper [&hellip;]\" \/>\n<meta property=\"og:url\" content=\"https:\/\/www.emoliquids.com\/fr\/segments\/medicale\/\" \/>\n<meta property=\"og:site_name\" content=\"Emoliquids\" \/>\n<meta property=\"article:publisher\" content=\"https:\/\/www.facebook.com\/emoliquids\/\" \/>\n<meta property=\"article:modified_time\" content=\"2024-09-11T21:03:38+00:00\" \/>\n<meta property=\"og:image\" content=\"https:\/\/www.emoliquids.com\/wp-content\/uploads\/2015\/02\/logo-normal-hd.png\" \/>\n<meta name=\"twitter:label1\" content=\"Dur\u00e9e de lecture estim\u00e9e\" \/>\n\t<meta name=\"twitter:data1\" content=\"2 minutes\" \/>\n<script type=\"application\/ld+json\" class=\"yoast-schema-graph\">{\"@context\":\"https:\/\/schema.org\",\"@graph\":[{\"@type\":\"WebPage\",\"@id\":\"https:\/\/www.emoliquids.com\/fr\/segments\/medicale\/\",\"url\":\"https:\/\/www.emoliquids.com\/fr\/segments\/medicale\/\",\"name\":\"M\u00e9dicale - Emoliquids\",\"isPartOf\":{\"@id\":\"https:\/\/www.emoliquids.com\/#website\"},\"datePublished\":\"2015-05-11T07:52:30+00:00\",\"dateModified\":\"2024-09-11T21:03:38+00:00\",\"breadcrumb\":{\"@id\":\"https:\/\/www.emoliquids.com\/fr\/segments\/medicale\/#breadcrumb\"},\"inLanguage\":\"fr-FR\",\"potentialAction\":[{\"@type\":\"ReadAction\",\"target\":[\"https:\/\/www.emoliquids.com\/fr\/segments\/medicale\/\"]}]},{\"@type\":\"BreadcrumbList\",\"@id\":\"https:\/\/www.emoliquids.com\/fr\/segments\/medicale\/#breadcrumb\",\"itemListElement\":[{\"@type\":\"ListItem\",\"position\":1,\"name\":\"Home\",\"item\":\"https:\/\/www.emoliquids.com\/fr\/\"},{\"@type\":\"ListItem\",\"position\":2,\"name\":\"Segments\",\"item\":\"https:\/\/www.emoliquids.com\/fr\/segments\/\"},{\"@type\":\"ListItem\",\"position\":3,\"name\":\"M\u00e9dicale\"}]},{\"@type\":\"WebSite\",\"@id\":\"https:\/\/www.emoliquids.com\/#website\",\"url\":\"https:\/\/www.emoliquids.com\/\",\"name\":\"Emoliquids\",\"description\":\"\",\"publisher\":{\"@id\":\"https:\/\/www.emoliquids.com\/#organization\"},\"potentialAction\":[{\"@type\":\"SearchAction\",\"target\":{\"@type\":\"EntryPoint\",\"urlTemplate\":\"https:\/\/www.emoliquids.com\/?s={search_term_string}\"},\"query-input\":{\"@type\":\"PropertyValueSpecification\",\"valueRequired\":true,\"valueName\":\"search_term_string\"}}],\"inLanguage\":\"fr-FR\"},{\"@type\":\"Organization\",\"@id\":\"https:\/\/www.emoliquids.com\/#organization\",\"name\":\"Emoliquids\",\"url\":\"https:\/\/www.emoliquids.com\/\",\"logo\":{\"@type\":\"ImageObject\",\"inLanguage\":\"fr-FR\",\"@id\":\"https:\/\/www.emoliquids.com\/#\/schema\/logo\/image\/\",\"url\":\"https:\/\/www.emoliquids.com\/wp-content\/uploads\/2016\/12\/cropped-emoliquids-logo-2017-retina-light.png\",\"contentUrl\":\"https:\/\/www.emoliquids.com\/wp-content\/uploads\/2016\/12\/cropped-emoliquids-logo-2017-retina-light.png\",\"width\":1000,\"height\":274,\"caption\":\"Emoliquids\"},\"image\":{\"@id\":\"https:\/\/www.emoliquids.com\/#\/schema\/logo\/image\/\"},\"sameAs\":[\"https:\/\/www.facebook.com\/emoliquids\/\"]}]}<\/script>\n<!-- \/ Yoast SEO plugin. -->","yoast_head_json":{"title":"M\u00e9dicale - Emoliquids","robots":{"index":"index","follow":"follow","max-snippet":"max-snippet:-1","max-image-preview":"max-image-preview:large","max-video-preview":"max-video-preview:-1"},"canonical":"https:\/\/www.emoliquids.com\/fr\/segments\/medicale\/","og_locale":"fr_FR","og_type":"article","og_title":"M\u00e9dicale - Emoliquids","og_description":"[vc_row full_width=\u00a0\u00bb\u00a0\u00bb parallax=\u00a0\u00bb\u00a0\u00bb parallax_image=\u00a0\u00bb\u00a0\u00bb css=\u00a0\u00bb.vc_custom_1726088610228{margin-top: 100px !important;}\u00a0\u00bb][vc_column][vc_column_text c_id=\u00a0\u00bb.vc_1693489781689&Prime;] Parfumer votre cabinet m\u00e9dical L&rsquo;industrie m\u00e9dicale a besoin de s&rsquo;assurer que l&rsquo;experience de leurs patients demeure positive afin de garantir une activit\u00e9 commerciale continue et la satisfaction totale du client. C&rsquo;est une t\u00e2che difficile en raison de la nature de l&rsquo;industrie. La plupart des patients peuvent d\u00e9velopper [&hellip;]","og_url":"https:\/\/www.emoliquids.com\/fr\/segments\/medicale\/","og_site_name":"Emoliquids","article_publisher":"https:\/\/www.facebook.com\/emoliquids\/","article_modified_time":"2024-09-11T21:03:38+00:00","og_image":[{"url":"https:\/\/www.emoliquids.com\/wp-content\/uploads\/2015\/02\/logo-normal-hd.png","type":"","width":"","height":""}],"twitter_misc":{"Dur\u00e9e de lecture estim\u00e9e":"2 minutes"},"schema":{"@context":"https:\/\/schema.org","@graph":[{"@type":"WebPage","@id":"https:\/\/www.emoliquids.com\/fr\/segments\/medicale\/","url":"https:\/\/www.emoliquids.com\/fr\/segments\/medicale\/","name":"M\u00e9dicale - Emoliquids","isPartOf":{"@id":"https:\/\/www.emoliquids.com\/#website"},"datePublished":"2015-05-11T07:52:30+00:00","dateModified":"2024-09-11T21:03:38+00:00","breadcrumb":{"@id":"https:\/\/www.emoliquids.com\/fr\/segments\/medicale\/#breadcrumb"},"inLanguage":"fr-FR","potentialAction":[{"@type":"ReadAction","target":["https:\/\/www.emoliquids.com\/fr\/segments\/medicale\/"]}]},{"@type":"BreadcrumbList","@id":"https:\/\/www.emoliquids.com\/fr\/segments\/medicale\/#breadcrumb","itemListElement":[{"@type":"ListItem","position":1,"name":"Home","item":"https:\/\/www.emoliquids.com\/fr\/"},{"@type":"ListItem","position":2,"name":"Segments","item":"https:\/\/www.emoliquids.com\/fr\/segments\/"},{"@type":"ListItem","position":3,"name":"M\u00e9dicale"}]},{"@type":"WebSite","@id":"https:\/\/www.emoliquids.com\/#website","url":"https:\/\/www.emoliquids.com\/","name":"Emoliquids","description":"","publisher":{"@id":"https:\/\/www.emoliquids.com\/#organization"},"potentialAction":[{"@type":"SearchAction","target":{"@type":"EntryPoint","urlTemplate":"https:\/\/www.emoliquids.com\/?s={search_term_string}"},"query-input":{"@type":"PropertyValueSpecification","valueRequired":true,"valueName":"search_term_string"}}],"inLanguage":"fr-FR"},{"@type":"Organization","@id":"https:\/\/www.emoliquids.com\/#organization","name":"Emoliquids","url":"https:\/\/www.emoliquids.com\/","logo":{"@type":"ImageObject","inLanguage":"fr-FR","@id":"https:\/\/www.emoliquids.com\/#\/schema\/logo\/image\/","url":"https:\/\/www.emoliquids.com\/wp-content\/uploads\/2016\/12\/cropped-emoliquids-logo-2017-retina-light.png","contentUrl":"https:\/\/www.emoliquids.com\/wp-content\/uploads\/2016\/12\/cropped-emoliquids-logo-2017-retina-light.png","width":1000,"height":274,"caption":"Emoliquids"},"image":{"@id":"https:\/\/www.emoliquids.com\/#\/schema\/logo\/image\/"},"sameAs":["https:\/\/www.facebook.com\/emoliquids\/"]}]}},"_links":{"self":[{"href":"https:\/\/www.emoliquids.com\/fr\/wp-json\/wp\/v2\/pages\/2678","targetHints":{"allow":["GET"]}}],"collection":[{"href":"https:\/\/www.emoliquids.com\/fr\/wp-json\/wp\/v2\/pages"}],"about":[{"href":"https:\/\/www.emoliquids.com\/fr\/wp-json\/wp\/v2\/types\/page"}],"author":[{"embeddable":true,"href":"https:\/\/www.emoliquids.com\/fr\/wp-json\/wp\/v2\/users\/2"}],"replies":[{"embeddable":true,"href":"https:\/\/www.emoliquids.com\/fr\/wp-json\/wp\/v2\/comments?post=2678"}],"version-history":[{"count":3,"href":"https:\/\/www.emoliquids.com\/fr\/wp-json\/wp\/v2\/pages\/2678\/revisions"}],"predecessor-version":[{"id":5606,"href":"https:\/\/www.emoliquids.com\/fr\/wp-json\/wp\/v2\/pages\/2678\/revisions\/5606"}],"up":[{"embeddable":true,"href":"https:\/\/www.emoliquids.com\/fr\/wp-json\/wp\/v2\/pages\/2656"}],"wp:attachment":[{"href":"https:\/\/www.emoliquids.com\/fr\/wp-json\/wp\/v2\/media?parent=2678"}],"curies":[{"name":"wp","href":"https:\/\/api.w.org\/{rel}","templated":true}]}}