{"id":2672,"date":"2015-05-11T14:35:31","date_gmt":"2015-05-11T07:52:30","guid":{"rendered":"https:\/\/www.emoliquids.com\/segments\/kantoren\/"},"modified":"2024-09-11T23:06:21","modified_gmt":"2024-09-11T21:06:21","slug":"bureaux","status":"publish","type":"page","link":"https:\/\/www.emoliquids.com\/fr\/segments\/bureaux\/","title":{"rendered":"Bureaux"},"content":{"rendered":"<div class=\"wpb-content-wrapper\"><p>[vc_row full_width=\u00a0\u00bb\u00a0\u00bb parallax=\u00a0\u00bb\u00a0\u00bb parallax_image=\u00a0\u00bb\u00a0\u00bb css=\u00a0\u00bb.vc_custom_1726088773665{margin-top: 100px !important;}\u00a0\u00bb][vc_column][vc_column_text c_id=\u00a0\u00bb.vc_1693258212137&Prime;]<\/p>\n<h3>Parfumer les bureaux<\/h3>\n<p>Un employ\u00e9 heureux est un employ\u00e9 productif. L&rsquo;environnement joue un r\u00f4le important \u00e0 cet \u00e9gard. Une qualit\u00e9 d&rsquo;air exempt de polluants nocifs est cruciale pour la sant\u00e9, la s\u00e9curit\u00e9 et le bien \u00eatre de votre personnel. Non seulement vous pouvez parfumer vos bureaux, cela peut \u00e9galement cr\u00e9er une sensation plus agr\u00e9able et r\u00e9duire le stress.<\/p>\n<p>Les huiles 100% essentielles d&rsquo;Emoliquids avec une technologie brevet\u00e9e de diffusion \u00e0 air froid signifie que l&rsquo;int\u00e9grit\u00e9 des huiles sont maintenues pendant la diffusion. Ces fragrances de qualit\u00e9 fournissent des propri\u00e9t\u00e9s anti-bact\u00e9riennes et sont la solution id\u00e9ale pour les syst\u00e8mes d&rsquo;a\/c (diffusion \u00e0 travers des syst\u00e8mes de ventilation\/ climatisation) pour la plupart des espaces commerciaux et bureaux.<\/p>\n<h3>Am\u00e9liorer la performance<\/h3>\n<p>La recherche nous indique que les employ\u00e9s de soci\u00e9t\u00e9s de productions de parfums exaltent une plus grande efficacit\u00e9 et sont susceptibles d&rsquo;adopter des strat\u00e9gies de productivit\u00e9s plus effectives. Des \u00e9tudes scientifiques d\u00e9montrent des taux d&rsquo;erreur d&rsquo;\u00e9criture consid\u00e9rablement r\u00e9duits lorsque les op\u00e9rateurs sont expos\u00e9s \u00e0 des parfums de citron et de lavande. Une performance accrue, vitesse et pr\u00e9cision augmente lorsqu&rsquo;une fragrance tel que la menthe est diffus\u00e9e.[\/vc_column_text][\/vc_column][\/vc_row][vc_row full_width=\u00a0\u00bb\u00a0\u00bb parallax=\u00a0\u00bb\u00a0\u00bb parallax_image=\u00a0\u00bb\u00a0\u00bb][vc_column][vc_separator][vc_column_text c_id=\u00a0\u00bb.vc_1431948614956&Prime;]<\/p>\n<h3 style=\"text-align: center;\">Fragrance, les faits<\/h3>\n<h4 style=\"text-align: center;\">Des \u00e9tudes ont constat\u00e9 une r\u00e9duction de 54% d&rsquo;erreur d&rsquo;\u00e9criture lorsque les employ\u00e9s \u00e9taient expos\u00e9s \u00e0 des huiles essentielles de citron.<\/h4>\n<p>[\/vc_column_text][vc_separator][\/vc_column][\/vc_row][vc_row full_width=\u00a0\u00bb\u00a0\u00bb parallax=\u00a0\u00bb\u00a0\u00bb parallax_image=\u00a0\u00bb\u00a0\u00bb][vc_column][vc_column_text c_id=\u00a0\u00bb.vc_1431948627337&Prime;]<\/p>\n<h3 style=\"text-align: center;\">Les avantages olfactifs<\/h3>\n<p>[\/vc_column_text][\/vc_column][\/vc_row][vc_row full_width=\u00a0\u00bb\u00a0\u00bb parallax=\u00a0\u00bb\u00a0\u00bb parallax_image=\u00a0\u00bb\u00a0\u00bb][vc_column width=\u00a0\u00bb1\/3&Prime;][vc_column_text c_id=\u00a0\u00bb.vc_1431948659619&Prime;]<\/p>\n<h4>Am\u00e9liorer l&rsquo;environnement<\/h4>\n<p>Parfumer cr\u00e9e un environnement positif, r\u00e9duit le stress, soulage la fatigue, am\u00e9liore les niveaux de vigilance et de performance.[\/vc_column_text][\/vc_column][vc_column width=\u00a0\u00bb1\/3&Prime;][vc_column_text c_id=\u00a0\u00bb.vc_1431948687324&Prime;]<\/p>\n<h4>Augmenter l&rsquo;efficacit\u00e9<\/h4>\n<p>La diffusion de lavande pendant les pauses de travail peut r\u00e9duire la d\u00e9t\u00e9rioration de la performance sur les lieux travail.[\/vc_column_text][\/vc_column][vc_column width=\u00a0\u00bb1\/3&Prime;][vc_column_text c_id=\u00a0\u00bb.vc_1431948713942&Prime;]<\/p>\n<h4>Am\u00e9liorer la qualit\u00e9 de l&rsquo;air<\/h4>\n<p>La recherche scientifique confirme que les huiles essentielles combattent et \u00e9liminent les bact\u00e9ries, les virus et les moisissures.[\/vc_column_text][\/vc_column][\/vc_row][vc_row disable_element=\u00a0\u00bbyes\u00a0\u00bb full_width=\u00a0\u00bb\u00a0\u00bb parallax=\u00a0\u00bb\u00a0\u00bb parallax_image=\u00a0\u00bb\u00a0\u00bb][vc_column][vc_column_text c_id=\u00a0\u00bb.vc_1431948723673&Prime;]<\/p>\n<h3 style=\"text-align: center;\">Nos clients<\/h3>\n<p>[\/vc_column_text][\/vc_column][\/vc_row][vc_row disable_element=\u00a0\u00bbyes\u00a0\u00bb full_width=\u00a0\u00bb\u00a0\u00bb parallax=\u00a0\u00bb\u00a0\u00bb parallax_image=\u00a0\u00bb\u00a0\u00bb][vc_column width=\u00a0\u00bb1\/3&Prime;][vc_single_image image=\u00a0\u00bb2528&Prime; alignment=\u00a0\u00bbcenter\u00a0\u00bb style=\u00a0\u00bbvc_box_rounded\u00a0\u00bb css_animation=\u00a0\u00bbleft-to-right\u00a0\u00bb img_size=\u00a0\u00bbthumbnail\u00a0\u00bb][vc_column_text c_id=\u00a0\u00bb.vc_1431348471917&Prime;]<\/p>\n<h4 style=\"text-align: center;\">Hilton Offices<\/h4>\n<p>[\/vc_column_text][\/vc_column][vc_column width=\u00a0\u00bb1\/3&Prime;][vc_single_image image=\u00a0\u00bb2525&Prime; alignment=\u00a0\u00bbcenter\u00a0\u00bb style=\u00a0\u00bbvc_box_rounded\u00a0\u00bb css_animation=\u00a0\u00bbbottom-to-top\u00a0\u00bb img_size=\u00a0\u00bbthumbnail\u00a0\u00bb][vc_column_text c_id=\u00a0\u00bb.vc_1431348487318&Prime;]<\/p>\n<h4 style=\"text-align: center;\">Grant Thornton<\/h4>\n<p>[\/vc_column_text][\/vc_column][vc_column width=\u00a0\u00bb1\/3&Prime;][vc_single_image image=\u00a0\u00bb2531&Prime; alignment=\u00a0\u00bbcenter\u00a0\u00bb style=\u00a0\u00bbvc_box_rounded\u00a0\u00bb css_animation=\u00a0\u00bbright-to-left\u00a0\u00bb img_size=\u00a0\u00bbthumbnail\u00a0\u00bb][vc_column_text c_id=\u00a0\u00bb.vc_1431348500238&Prime;]<\/p>\n<h4 style=\"text-align: center;\">Qantas Offices<\/h4>\n<p>[\/vc_column_text][\/vc_column][\/vc_row]<\/p>\n<\/div>","protected":false},"excerpt":{"rendered":"<p>[vc_row full_width=\u00a0\u00bb\u00a0\u00bb parallax=\u00a0\u00bb\u00a0\u00bb parallax_image=\u00a0\u00bb\u00a0\u00bb css=\u00a0\u00bb.vc_custom_1726088773665{margin-top: 100px !important;}\u00a0\u00bb][vc_column][vc_column_text c_id=\u00a0\u00bb.vc_1693258212137&Prime;] Parfumer les bureaux Un employ\u00e9 heureux est un employ\u00e9 productif. L&rsquo;environnement joue un r\u00f4le important \u00e0 cet \u00e9gard. Une qualit\u00e9 d&rsquo;air exempt de polluants nocifs est cruciale pour la sant\u00e9, la s\u00e9curit\u00e9 et le bien \u00eatre de votre personnel. Non seulement vous pouvez parfumer vos bureaux, cela [&hellip;]<\/p>\n","protected":false},"author":2,"featured_media":0,"parent":2656,"menu_order":0,"comment_status":"closed","ping_status":"closed","template":"","meta":{"om_disable_all_campaigns":false,"ocean_post_layout":"","ocean_both_sidebars_style":"","ocean_both_sidebars_content_width":0,"ocean_both_sidebars_sidebars_width":0,"ocean_sidebar":"cs-1","ocean_second_sidebar":"0","ocean_disable_margins":"enable","ocean_add_body_class":"","ocean_shortcode_before_top_bar":"","ocean_shortcode_after_top_bar":"","ocean_shortcode_before_header":"","ocean_shortcode_after_header":"","ocean_has_shortcode":"","ocean_shortcode_after_title":"","ocean_shortcode_before_footer_widgets":"","ocean_shortcode_after_footer_widgets":"","ocean_shortcode_before_footer_bottom":"","ocean_shortcode_after_footer_bottom":"","ocean_display_top_bar":"default","ocean_display_header":"default","ocean_header_style":"","ocean_center_header_left_menu":"0","ocean_custom_header_template":"0","ocean_custom_logo":0,"ocean_custom_retina_logo":0,"ocean_custom_logo_max_width":0,"ocean_custom_logo_tablet_max_width":0,"ocean_custom_logo_mobile_max_width":0,"ocean_custom_logo_max_height":0,"ocean_custom_logo_tablet_max_height":0,"ocean_custom_logo_mobile_max_height":0,"ocean_header_custom_menu":"0","ocean_menu_typo_font_family":"0","ocean_menu_typo_font_subset":"","ocean_menu_typo_font_size":0,"ocean_menu_typo_font_size_tablet":0,"ocean_menu_typo_font_size_mobile":0,"ocean_menu_typo_font_size_unit":"px","ocean_menu_typo_font_weight":"","ocean_menu_typo_font_weight_tablet":"","ocean_menu_typo_font_weight_mobile":"","ocean_menu_typo_transform":"","ocean_menu_typo_transform_tablet":"","ocean_menu_typo_transform_mobile":"","ocean_menu_typo_line_height":0,"ocean_menu_typo_line_height_tablet":0,"ocean_menu_typo_line_height_mobile":0,"ocean_menu_typo_line_height_unit":"","ocean_menu_typo_spacing":0,"ocean_menu_typo_spacing_tablet":0,"ocean_menu_typo_spacing_mobile":0,"ocean_menu_typo_spacing_unit":"","ocean_menu_link_color":"","ocean_menu_link_color_hover":"","ocean_menu_link_color_active":"","ocean_menu_link_background":"","ocean_menu_link_hover_background":"","ocean_menu_link_active_background":"","ocean_menu_social_links_bg":"","ocean_menu_social_hover_links_bg":"","ocean_menu_social_links_color":"","ocean_menu_social_hover_links_color":"","ocean_disable_title":"on","ocean_disable_heading":"default","ocean_post_title":"","ocean_post_subheading":"","ocean_post_title_style":"","ocean_post_title_background_color":"","ocean_post_title_background":0,"ocean_post_title_bg_image_position":"","ocean_post_title_bg_image_attachment":"","ocean_post_title_bg_image_repeat":"","ocean_post_title_bg_image_size":"","ocean_post_title_height":0,"ocean_post_title_bg_overlay":0.5,"ocean_post_title_bg_overlay_color":"","ocean_disable_breadcrumbs":"default","ocean_breadcrumbs_color":"","ocean_breadcrumbs_separator_color":"","ocean_breadcrumbs_links_color":"","ocean_breadcrumbs_links_hover_color":"","ocean_display_footer_widgets":"default","ocean_display_footer_bottom":"default","ocean_custom_footer_template":"0","footnotes":""},"class_list":["post-2672","page","type-page","status-publish","hentry","entry"],"yoast_head":"<!-- This site is optimized with the Yoast SEO plugin v27.2 - https:\/\/yoast.com\/product\/yoast-seo-wordpress\/ -->\n<title>Bureaux - Emoliquids<\/title>\n<meta name=\"robots\" content=\"index, follow, max-snippet:-1, max-image-preview:large, max-video-preview:-1\" \/>\n<link rel=\"canonical\" href=\"https:\/\/www.emoliquids.com\/fr\/segments\/bureaux\/\" \/>\n<meta property=\"og:locale\" content=\"fr_FR\" \/>\n<meta property=\"og:type\" content=\"article\" \/>\n<meta property=\"og:title\" content=\"Bureaux - Emoliquids\" \/>\n<meta property=\"og:description\" content=\"[vc_row full_width=\u00a0\u00bb\u00a0\u00bb parallax=\u00a0\u00bb\u00a0\u00bb parallax_image=\u00a0\u00bb\u00a0\u00bb css=\u00a0\u00bb.vc_custom_1726088773665{margin-top: 100px !important;}\u00a0\u00bb][vc_column][vc_column_text c_id=\u00a0\u00bb.vc_1693258212137&Prime;] Parfumer les bureaux Un employ\u00e9 heureux est un employ\u00e9 productif. L&rsquo;environnement joue un r\u00f4le important \u00e0 cet \u00e9gard. Une qualit\u00e9 d&rsquo;air exempt de polluants nocifs est cruciale pour la sant\u00e9, la s\u00e9curit\u00e9 et le bien \u00eatre de votre personnel. Non seulement vous pouvez parfumer vos bureaux, cela [&hellip;]\" \/>\n<meta property=\"og:url\" content=\"https:\/\/www.emoliquids.com\/fr\/segments\/bureaux\/\" \/>\n<meta property=\"og:site_name\" content=\"Emoliquids\" \/>\n<meta property=\"article:publisher\" content=\"https:\/\/www.facebook.com\/emoliquids\/\" \/>\n<meta property=\"article:modified_time\" content=\"2024-09-11T21:06:21+00:00\" \/>\n<meta property=\"og:image\" content=\"https:\/\/www.emoliquids.com\/wp-content\/uploads\/2015\/02\/logo-normal-hd.png\" \/>\n<meta name=\"twitter:label1\" content=\"Dur\u00e9e de lecture estim\u00e9e\" \/>\n\t<meta name=\"twitter:data1\" content=\"3 minutes\" \/>\n<script type=\"application\/ld+json\" class=\"yoast-schema-graph\">{\"@context\":\"https:\/\/schema.org\",\"@graph\":[{\"@type\":\"WebPage\",\"@id\":\"https:\/\/www.emoliquids.com\/fr\/segments\/bureaux\/\",\"url\":\"https:\/\/www.emoliquids.com\/fr\/segments\/bureaux\/\",\"name\":\"Bureaux - Emoliquids\",\"isPartOf\":{\"@id\":\"https:\/\/www.emoliquids.com\/#website\"},\"datePublished\":\"2015-05-11T07:52:30+00:00\",\"dateModified\":\"2024-09-11T21:06:21+00:00\",\"breadcrumb\":{\"@id\":\"https:\/\/www.emoliquids.com\/fr\/segments\/bureaux\/#breadcrumb\"},\"inLanguage\":\"fr-FR\",\"potentialAction\":[{\"@type\":\"ReadAction\",\"target\":[\"https:\/\/www.emoliquids.com\/fr\/segments\/bureaux\/\"]}]},{\"@type\":\"BreadcrumbList\",\"@id\":\"https:\/\/www.emoliquids.com\/fr\/segments\/bureaux\/#breadcrumb\",\"itemListElement\":[{\"@type\":\"ListItem\",\"position\":1,\"name\":\"Home\",\"item\":\"https:\/\/www.emoliquids.com\/fr\/\"},{\"@type\":\"ListItem\",\"position\":2,\"name\":\"Segments\",\"item\":\"https:\/\/www.emoliquids.com\/fr\/segments\/\"},{\"@type\":\"ListItem\",\"position\":3,\"name\":\"Bureaux\"}]},{\"@type\":\"WebSite\",\"@id\":\"https:\/\/www.emoliquids.com\/#website\",\"url\":\"https:\/\/www.emoliquids.com\/\",\"name\":\"Emoliquids\",\"description\":\"\",\"publisher\":{\"@id\":\"https:\/\/www.emoliquids.com\/#organization\"},\"potentialAction\":[{\"@type\":\"SearchAction\",\"target\":{\"@type\":\"EntryPoint\",\"urlTemplate\":\"https:\/\/www.emoliquids.com\/?s={search_term_string}\"},\"query-input\":{\"@type\":\"PropertyValueSpecification\",\"valueRequired\":true,\"valueName\":\"search_term_string\"}}],\"inLanguage\":\"fr-FR\"},{\"@type\":\"Organization\",\"@id\":\"https:\/\/www.emoliquids.com\/#organization\",\"name\":\"Emoliquids\",\"url\":\"https:\/\/www.emoliquids.com\/\",\"logo\":{\"@type\":\"ImageObject\",\"inLanguage\":\"fr-FR\",\"@id\":\"https:\/\/www.emoliquids.com\/#\/schema\/logo\/image\/\",\"url\":\"https:\/\/www.emoliquids.com\/wp-content\/uploads\/2016\/12\/cropped-emoliquids-logo-2017-retina-light.png\",\"contentUrl\":\"https:\/\/www.emoliquids.com\/wp-content\/uploads\/2016\/12\/cropped-emoliquids-logo-2017-retina-light.png\",\"width\":1000,\"height\":274,\"caption\":\"Emoliquids\"},\"image\":{\"@id\":\"https:\/\/www.emoliquids.com\/#\/schema\/logo\/image\/\"},\"sameAs\":[\"https:\/\/www.facebook.com\/emoliquids\/\"]}]}<\/script>\n<!-- \/ Yoast SEO plugin. -->","yoast_head_json":{"title":"Bureaux - Emoliquids","robots":{"index":"index","follow":"follow","max-snippet":"max-snippet:-1","max-image-preview":"max-image-preview:large","max-video-preview":"max-video-preview:-1"},"canonical":"https:\/\/www.emoliquids.com\/fr\/segments\/bureaux\/","og_locale":"fr_FR","og_type":"article","og_title":"Bureaux - Emoliquids","og_description":"[vc_row full_width=\u00a0\u00bb\u00a0\u00bb parallax=\u00a0\u00bb\u00a0\u00bb parallax_image=\u00a0\u00bb\u00a0\u00bb css=\u00a0\u00bb.vc_custom_1726088773665{margin-top: 100px !important;}\u00a0\u00bb][vc_column][vc_column_text c_id=\u00a0\u00bb.vc_1693258212137&Prime;] Parfumer les bureaux Un employ\u00e9 heureux est un employ\u00e9 productif. L&rsquo;environnement joue un r\u00f4le important \u00e0 cet \u00e9gard. Une qualit\u00e9 d&rsquo;air exempt de polluants nocifs est cruciale pour la sant\u00e9, la s\u00e9curit\u00e9 et le bien \u00eatre de votre personnel. Non seulement vous pouvez parfumer vos bureaux, cela [&hellip;]","og_url":"https:\/\/www.emoliquids.com\/fr\/segments\/bureaux\/","og_site_name":"Emoliquids","article_publisher":"https:\/\/www.facebook.com\/emoliquids\/","article_modified_time":"2024-09-11T21:06:21+00:00","og_image":[{"url":"https:\/\/www.emoliquids.com\/wp-content\/uploads\/2015\/02\/logo-normal-hd.png","type":"","width":"","height":""}],"twitter_misc":{"Dur\u00e9e de lecture estim\u00e9e":"3 minutes"},"schema":{"@context":"https:\/\/schema.org","@graph":[{"@type":"WebPage","@id":"https:\/\/www.emoliquids.com\/fr\/segments\/bureaux\/","url":"https:\/\/www.emoliquids.com\/fr\/segments\/bureaux\/","name":"Bureaux - Emoliquids","isPartOf":{"@id":"https:\/\/www.emoliquids.com\/#website"},"datePublished":"2015-05-11T07:52:30+00:00","dateModified":"2024-09-11T21:06:21+00:00","breadcrumb":{"@id":"https:\/\/www.emoliquids.com\/fr\/segments\/bureaux\/#breadcrumb"},"inLanguage":"fr-FR","potentialAction":[{"@type":"ReadAction","target":["https:\/\/www.emoliquids.com\/fr\/segments\/bureaux\/"]}]},{"@type":"BreadcrumbList","@id":"https:\/\/www.emoliquids.com\/fr\/segments\/bureaux\/#breadcrumb","itemListElement":[{"@type":"ListItem","position":1,"name":"Home","item":"https:\/\/www.emoliquids.com\/fr\/"},{"@type":"ListItem","position":2,"name":"Segments","item":"https:\/\/www.emoliquids.com\/fr\/segments\/"},{"@type":"ListItem","position":3,"name":"Bureaux"}]},{"@type":"WebSite","@id":"https:\/\/www.emoliquids.com\/#website","url":"https:\/\/www.emoliquids.com\/","name":"Emoliquids","description":"","publisher":{"@id":"https:\/\/www.emoliquids.com\/#organization"},"potentialAction":[{"@type":"SearchAction","target":{"@type":"EntryPoint","urlTemplate":"https:\/\/www.emoliquids.com\/?s={search_term_string}"},"query-input":{"@type":"PropertyValueSpecification","valueRequired":true,"valueName":"search_term_string"}}],"inLanguage":"fr-FR"},{"@type":"Organization","@id":"https:\/\/www.emoliquids.com\/#organization","name":"Emoliquids","url":"https:\/\/www.emoliquids.com\/","logo":{"@type":"ImageObject","inLanguage":"fr-FR","@id":"https:\/\/www.emoliquids.com\/#\/schema\/logo\/image\/","url":"https:\/\/www.emoliquids.com\/wp-content\/uploads\/2016\/12\/cropped-emoliquids-logo-2017-retina-light.png","contentUrl":"https:\/\/www.emoliquids.com\/wp-content\/uploads\/2016\/12\/cropped-emoliquids-logo-2017-retina-light.png","width":1000,"height":274,"caption":"Emoliquids"},"image":{"@id":"https:\/\/www.emoliquids.com\/#\/schema\/logo\/image\/"},"sameAs":["https:\/\/www.facebook.com\/emoliquids\/"]}]}},"_links":{"self":[{"href":"https:\/\/www.emoliquids.com\/fr\/wp-json\/wp\/v2\/pages\/2672","targetHints":{"allow":["GET"]}}],"collection":[{"href":"https:\/\/www.emoliquids.com\/fr\/wp-json\/wp\/v2\/pages"}],"about":[{"href":"https:\/\/www.emoliquids.com\/fr\/wp-json\/wp\/v2\/types\/page"}],"author":[{"embeddable":true,"href":"https:\/\/www.emoliquids.com\/fr\/wp-json\/wp\/v2\/users\/2"}],"replies":[{"embeddable":true,"href":"https:\/\/www.emoliquids.com\/fr\/wp-json\/wp\/v2\/comments?post=2672"}],"version-history":[{"count":4,"href":"https:\/\/www.emoliquids.com\/fr\/wp-json\/wp\/v2\/pages\/2672\/revisions"}],"predecessor-version":[{"id":5609,"href":"https:\/\/www.emoliquids.com\/fr\/wp-json\/wp\/v2\/pages\/2672\/revisions\/5609"}],"up":[{"embeddable":true,"href":"https:\/\/www.emoliquids.com\/fr\/wp-json\/wp\/v2\/pages\/2656"}],"wp:attachment":[{"href":"https:\/\/www.emoliquids.com\/fr\/wp-json\/wp\/v2\/media?parent=2672"}],"curies":[{"name":"wp","href":"https:\/\/api.w.org\/{rel}","templated":true}]}}