{"id":2658,"date":"2015-05-11T10:06:38","date_gmt":"2015-05-11T07:52:30","guid":{"rendered":"https:\/\/www.emoliquids.com\/segments\/transport\/"},"modified":"2024-09-11T23:07:59","modified_gmt":"2024-09-11T21:07:59","slug":"transport","status":"publish","type":"page","link":"https:\/\/www.emoliquids.com\/fr\/segments\/transport\/","title":{"rendered":"Transport"},"content":{"rendered":"<div class=\"wpb-content-wrapper\"><p>[vc_row full_width=\u00a0\u00bb\u00a0\u00bb parallax=\u00a0\u00bb\u00a0\u00bb parallax_image=\u00a0\u00bb\u00a0\u00bb css=\u00a0\u00bb.vc_custom_1726088871820{margin-top: 100px !important;}\u00a0\u00bb][vc_column][vc_column_text c_id=\u00a0\u00bb.vc_1693258449504&Prime;]<\/p>\n<h3>Solutions olfactive pour le transport<\/h3>\n<p>La diffusion de fragrance dans l&rsquo;industrie du transport a commenc\u00e9 d\u00e8s 1959 en France. En effet, c&rsquo;est dans le m\u00e9tro parisien qu&rsquo;un parfum d&rsquo;\u0153illet \u00e9tait diffus\u00e9 \u00e0 l&rsquo;aide de moyens technologiques avanc\u00e9s pour l&rsquo;\u00e9poque. Le but \u00e9tait l&rsquo;am\u00e9lioration du confort des passagers. Aujourd&rsquo;hui, la diffusion de fragrance est devenue une strat\u00e9gie et un besoin \u00e0 part enti\u00e8re pour de nombreuses entreprises. La diffusion de fragrance augmente la fid\u00e9lit\u00e9 des clients mais \u00e9galement la notori\u00e9t\u00e9 et la r\u00e9putation de la marque. Que l&rsquo;objectif soit d&rsquo;offrir une exp\u00e9rience luxueuse ou de cr\u00e9er un environnement relaxant pour les voyageurs souvent anxieux et stress\u00e9s, une fragrance a l&rsquo;habilit\u00e9 de promouvoir un environnement viable et un espace accueillant pour les passagers.<\/p>\n<p>Emoliquids est un des leaders mondiaux de la diffusion olfactive avec des solutions adapt\u00e9es aux besoins de notre client\u00e8le. Les technologies Emoliquids sont brevet\u00e9es et vous permettent de fournir des solutions uniques de diffusion de fragrance pour vos clients.<\/p>\n<h3>Parfums associ\u00e9s \u00e0 des marques<\/h3>\n<p>Le marketing olfactif est devenu une strat\u00e9gie clef de l&rsquo;\u00e9volution des marques pour de nombreuses entreprises. Emoliquids a a d\u00e9velopp\u00e9 des parfums signatures pour Carnival P&amp;O Cruises mais \u00e9galement pour les business lounges de la compagnie a\u00e9rienne australienne Qantas. Ces deux soci\u00e9t\u00e9s \u00e0 r\u00e9putation internationale ont s\u00e9lectionn\u00e9 un parfum unique, choisis et con\u00e7us dans le but d&rsquo;am\u00e9liorer l&rsquo;exp\u00e9rience de leurs clients. Qantas reconnait que la diffusion d&rsquo;un parfum augmente la loyaut\u00e9 des passagers, mais \u00e9galement procure un avantage comp\u00e9titif, fait preuve d&rsquo;innovation et de diff\u00e9rentiation. La soci\u00e9t\u00e9 de croisi\u00e8re Carnival Cruises vise \u00e0 offrir \u00e0 sa client\u00e8le une exp\u00e9rience unique gr\u00e2ce au parfum associ\u00e9 \u00e0 sa marque qui restera dans la m\u00e9moire de ses clients pour les ann\u00e9es \u00e0 venir.<br \/>\nNos sp\u00e9cialisations incluent stations de m\u00e9tro, diffusion de fragrance dans les trains, bateaux de croisi\u00e8re, lounges situ\u00e9s dans les a\u00e9roports mais \u00e9galement les fragrances d\u00e9velopper pour les avions. Gr\u00e2ce \u00e0 notre r\u00e9seau de distributeurs, Emoliquids est en mesure de r\u00e9pondre aux besoins des entreprises de toutes tailles et de tout types.[\/vc_column_text][\/vc_column][\/vc_row][vc_row full_width=\u00a0\u00bb\u00a0\u00bb parallax=\u00a0\u00bb\u00a0\u00bb parallax_image=\u00a0\u00bb\u00a0\u00bb][vc_column][vc_separator][vc_column_text c_id=\u00a0\u00bb.vc_1431947222391&Prime;]<\/p>\n<h3 style=\"text-align: center;\">Fragrance, les faits<\/h3>\n<h4 style=\"text-align: center;\">La recherche scientifique soutient que la diffusion d&rsquo;huiles essentielles de lavande, peut avoir une impact sur l&rsquo;humeur et pourrait \u00eatre en mesure de r\u00e9duire le niveau de stress.<\/h4>\n<p>[\/vc_column_text][vc_separator][\/vc_column][\/vc_row][vc_row full_width=\u00a0\u00bb\u00a0\u00bb parallax=\u00a0\u00bb\u00a0\u00bb parallax_image=\u00a0\u00bb\u00a0\u00bb][vc_column][vc_column_text c_id=\u00a0\u00bb.vc_1431947241415&Prime;]<\/p>\n<h3 style=\"text-align: center;\">Les avantages olfactifs<\/h3>\n<p>[\/vc_column_text][\/vc_column][\/vc_row][vc_row full_width=\u00a0\u00bb\u00a0\u00bb parallax=\u00a0\u00bb\u00a0\u00bb parallax_image=\u00a0\u00bb\u00a0\u00bb][vc_column width=\u00a0\u00bb1\/3&Prime;][vc_column_text c_id=\u00a0\u00bb.vc_1431947275336&Prime;]<\/p>\n<h4>Environnement relaxant<\/h4>\n<p>La diffusion de fragrance r\u00e9duit le stress et l&rsquo;anxi\u00e9t\u00e9 des voyageurs soumis \u00e0 des p\u00e9riodes d&rsquo;attente.[\/vc_column_text][\/vc_column][vc_column width=\u00a0\u00bb1\/3&Prime;][vc_column_text c_id=\u00a0\u00bb.vc_1431947307864&Prime;]<\/p>\n<h4>Sentiment de luxe<\/h4>\n<p>Parfumer des endroits sp\u00e9cifiques comme les premi\u00e8res et les business class ne fait qu&rsquo;ajouter de la valeur et du prestige \u00e0 l&rsquo;exp\u00e9rience de votre client\u00e8le.[\/vc_column_text][\/vc_column][vc_column width=\u00a0\u00bb1\/3&Prime;][vc_column_text c_id=\u00a0\u00bb.vc_1431947338084&Prime;]<\/p>\n<h4>Qualit\u00e9 et confort<\/h4>\n<p>Les huiles essentielles 100% pures sont des extraits de plantes. Elles conservent leurs propri\u00e9t\u00e9s b\u00e9n\u00e9fiques \u00e0 votre bien-\u00eatre.[\/vc_column_text][\/vc_column][\/vc_row][vc_row disable_element=\u00a0\u00bbyes\u00a0\u00bb full_width=\u00a0\u00bb\u00a0\u00bb parallax=\u00a0\u00bb\u00a0\u00bb parallax_image=\u00a0\u00bb\u00a0\u00bb][vc_column][vc_column_text c_id=\u00a0\u00bb.vc_1431947349148&Prime;]<\/p>\n<h3 style=\"text-align: center;\">Nos clients<\/h3>\n<p>[\/vc_column_text][\/vc_column][\/vc_row][vc_row disable_element=\u00a0\u00bbyes\u00a0\u00bb full_width=\u00a0\u00bb\u00a0\u00bb parallax=\u00a0\u00bb\u00a0\u00bb parallax_image=\u00a0\u00bb\u00a0\u00bb][vc_column width=\u00a0\u00bb1\/3&Prime;][vc_single_image image=\u00a0\u00bb2494&Prime; alignment=\u00a0\u00bbcenter\u00a0\u00bb style=\u00a0\u00bbvc_box_rounded\u00a0\u00bb css_animation=\u00a0\u00bbleft-to-right\u00a0\u00bb img_size=\u00a0\u00bbthumbnail\u00a0\u00bb][vc_column_text c_id=\u00a0\u00bb.vc_1431334038674&Prime;]<\/p>\n<h4 style=\"text-align: center;\">Carnival Cruises<\/h4>\n<p>[\/vc_column_text][\/vc_column][vc_column width=\u00a0\u00bb1\/3&Prime;][vc_single_image image=\u00a0\u00bb2497&Prime; alignment=\u00a0\u00bbcenter\u00a0\u00bb style=\u00a0\u00bbvc_box_rounded\u00a0\u00bb css_animation=\u00a0\u00bbbottom-to-top\u00a0\u00bb img_size=\u00a0\u00bbthumbnail\u00a0\u00bb][vc_column_text c_id=\u00a0\u00bb.vc_1431334048263&Prime;]<\/p>\n<h4 style=\"text-align: center;\">Indian Railway<\/h4>\n<p>[\/vc_column_text][\/vc_column][vc_column width=\u00a0\u00bb1\/3&Prime;][vc_single_image image=\u00a0\u00bb2500&Prime; alignment=\u00a0\u00bbcenter\u00a0\u00bb style=\u00a0\u00bbvc_box_rounded\u00a0\u00bb css_animation=\u00a0\u00bbright-to-left\u00a0\u00bb img_size=\u00a0\u00bbthumbnail\u00a0\u00bb][vc_column_text c_id=\u00a0\u00bb.vc_1431334056738&Prime;]<\/p>\n<h4 style=\"text-align: center;\">Qantas<\/h4>\n<p>[\/vc_column_text][\/vc_column][\/vc_row]<\/p>\n<\/div>","protected":false},"excerpt":{"rendered":"<p>[vc_row full_width=\u00a0\u00bb\u00a0\u00bb parallax=\u00a0\u00bb\u00a0\u00bb parallax_image=\u00a0\u00bb\u00a0\u00bb css=\u00a0\u00bb.vc_custom_1726088871820{margin-top: 100px !important;}\u00a0\u00bb][vc_column][vc_column_text c_id=\u00a0\u00bb.vc_1693258449504&Prime;] Solutions olfactive pour le transport La diffusion de fragrance dans l&rsquo;industrie du transport a commenc\u00e9 d\u00e8s 1959 en France. En effet, c&rsquo;est dans le m\u00e9tro parisien qu&rsquo;un parfum d&rsquo;\u0153illet \u00e9tait diffus\u00e9 \u00e0 l&rsquo;aide de moyens technologiques avanc\u00e9s pour l&rsquo;\u00e9poque. Le but \u00e9tait l&rsquo;am\u00e9lioration du confort des passagers. [&hellip;]<\/p>\n","protected":false},"author":2,"featured_media":0,"parent":2656,"menu_order":0,"comment_status":"closed","ping_status":"closed","template":"","meta":{"om_disable_all_campaigns":false,"ocean_post_layout":"","ocean_both_sidebars_style":"","ocean_both_sidebars_content_width":0,"ocean_both_sidebars_sidebars_width":0,"ocean_sidebar":"cs-1","ocean_second_sidebar":"0","ocean_disable_margins":"enable","ocean_add_body_class":"","ocean_shortcode_before_top_bar":"","ocean_shortcode_after_top_bar":"","ocean_shortcode_before_header":"","ocean_shortcode_after_header":"","ocean_has_shortcode":"","ocean_shortcode_after_title":"","ocean_shortcode_before_footer_widgets":"","ocean_shortcode_after_footer_widgets":"","ocean_shortcode_before_footer_bottom":"","ocean_shortcode_after_footer_bottom":"","ocean_display_top_bar":"default","ocean_display_header":"default","ocean_header_style":"","ocean_center_header_left_menu":"0","ocean_custom_header_template":"0","ocean_custom_logo":0,"ocean_custom_retina_logo":0,"ocean_custom_logo_max_width":0,"ocean_custom_logo_tablet_max_width":0,"ocean_custom_logo_mobile_max_width":0,"ocean_custom_logo_max_height":0,"ocean_custom_logo_tablet_max_height":0,"ocean_custom_logo_mobile_max_height":0,"ocean_header_custom_menu":"0","ocean_menu_typo_font_family":"0","ocean_menu_typo_font_subset":"","ocean_menu_typo_font_size":0,"ocean_menu_typo_font_size_tablet":0,"ocean_menu_typo_font_size_mobile":0,"ocean_menu_typo_font_size_unit":"px","ocean_menu_typo_font_weight":"","ocean_menu_typo_font_weight_tablet":"","ocean_menu_typo_font_weight_mobile":"","ocean_menu_typo_transform":"","ocean_menu_typo_transform_tablet":"","ocean_menu_typo_transform_mobile":"","ocean_menu_typo_line_height":0,"ocean_menu_typo_line_height_tablet":0,"ocean_menu_typo_line_height_mobile":0,"ocean_menu_typo_line_height_unit":"","ocean_menu_typo_spacing":0,"ocean_menu_typo_spacing_tablet":0,"ocean_menu_typo_spacing_mobile":0,"ocean_menu_typo_spacing_unit":"","ocean_menu_link_color":"","ocean_menu_link_color_hover":"","ocean_menu_link_color_active":"","ocean_menu_link_background":"","ocean_menu_link_hover_background":"","ocean_menu_link_active_background":"","ocean_menu_social_links_bg":"","ocean_menu_social_hover_links_bg":"","ocean_menu_social_links_color":"","ocean_menu_social_hover_links_color":"","ocean_disable_title":"on","ocean_disable_heading":"default","ocean_post_title":"","ocean_post_subheading":"","ocean_post_title_style":"","ocean_post_title_background_color":"","ocean_post_title_background":0,"ocean_post_title_bg_image_position":"","ocean_post_title_bg_image_attachment":"","ocean_post_title_bg_image_repeat":"","ocean_post_title_bg_image_size":"","ocean_post_title_height":0,"ocean_post_title_bg_overlay":0.5,"ocean_post_title_bg_overlay_color":"","ocean_disable_breadcrumbs":"default","ocean_breadcrumbs_color":"","ocean_breadcrumbs_separator_color":"","ocean_breadcrumbs_links_color":"","ocean_breadcrumbs_links_hover_color":"","ocean_display_footer_widgets":"default","ocean_display_footer_bottom":"default","ocean_custom_footer_template":"0","footnotes":""},"class_list":["post-2658","page","type-page","status-publish","hentry","entry"],"yoast_head":"<!-- This site is optimized with the Yoast SEO plugin v27.2 - https:\/\/yoast.com\/product\/yoast-seo-wordpress\/ -->\n<title>Transport - Emoliquids<\/title>\n<meta name=\"robots\" content=\"index, follow, max-snippet:-1, max-image-preview:large, max-video-preview:-1\" \/>\n<link rel=\"canonical\" href=\"https:\/\/www.emoliquids.com\/fr\/segments\/transport\/\" \/>\n<meta property=\"og:locale\" content=\"fr_FR\" \/>\n<meta property=\"og:type\" content=\"article\" \/>\n<meta property=\"og:title\" content=\"Transport - Emoliquids\" \/>\n<meta property=\"og:description\" content=\"[vc_row full_width=\u00a0\u00bb\u00a0\u00bb parallax=\u00a0\u00bb\u00a0\u00bb parallax_image=\u00a0\u00bb\u00a0\u00bb css=\u00a0\u00bb.vc_custom_1726088871820{margin-top: 100px !important;}\u00a0\u00bb][vc_column][vc_column_text c_id=\u00a0\u00bb.vc_1693258449504&Prime;] Solutions olfactive pour le transport La diffusion de fragrance dans l&rsquo;industrie du transport a commenc\u00e9 d\u00e8s 1959 en France. En effet, c&rsquo;est dans le m\u00e9tro parisien qu&rsquo;un parfum d&rsquo;\u0153illet \u00e9tait diffus\u00e9 \u00e0 l&rsquo;aide de moyens technologiques avanc\u00e9s pour l&rsquo;\u00e9poque. Le but \u00e9tait l&rsquo;am\u00e9lioration du confort des passagers. [&hellip;]\" \/>\n<meta property=\"og:url\" content=\"https:\/\/www.emoliquids.com\/fr\/segments\/transport\/\" \/>\n<meta property=\"og:site_name\" content=\"Emoliquids\" \/>\n<meta property=\"article:publisher\" content=\"https:\/\/www.facebook.com\/emoliquids\/\" \/>\n<meta property=\"article:modified_time\" content=\"2024-09-11T21:07:59+00:00\" \/>\n<meta property=\"og:image\" content=\"https:\/\/www.emoliquids.com\/wp-content\/uploads\/2015\/02\/logo-normal-hd.png\" \/>\n<meta name=\"twitter:label1\" content=\"Dur\u00e9e de lecture estim\u00e9e\" \/>\n\t<meta name=\"twitter:data1\" content=\"3 minutes\" \/>\n<script type=\"application\/ld+json\" class=\"yoast-schema-graph\">{\"@context\":\"https:\/\/schema.org\",\"@graph\":[{\"@type\":\"WebPage\",\"@id\":\"https:\/\/www.emoliquids.com\/fr\/segments\/transport\/\",\"url\":\"https:\/\/www.emoliquids.com\/fr\/segments\/transport\/\",\"name\":\"Transport - Emoliquids\",\"isPartOf\":{\"@id\":\"https:\/\/www.emoliquids.com\/#website\"},\"datePublished\":\"2015-05-11T07:52:30+00:00\",\"dateModified\":\"2024-09-11T21:07:59+00:00\",\"breadcrumb\":{\"@id\":\"https:\/\/www.emoliquids.com\/fr\/segments\/transport\/#breadcrumb\"},\"inLanguage\":\"fr-FR\",\"potentialAction\":[{\"@type\":\"ReadAction\",\"target\":[\"https:\/\/www.emoliquids.com\/fr\/segments\/transport\/\"]}]},{\"@type\":\"BreadcrumbList\",\"@id\":\"https:\/\/www.emoliquids.com\/fr\/segments\/transport\/#breadcrumb\",\"itemListElement\":[{\"@type\":\"ListItem\",\"position\":1,\"name\":\"Home\",\"item\":\"https:\/\/www.emoliquids.com\/fr\/\"},{\"@type\":\"ListItem\",\"position\":2,\"name\":\"Segments\",\"item\":\"https:\/\/www.emoliquids.com\/fr\/segments\/\"},{\"@type\":\"ListItem\",\"position\":3,\"name\":\"Transport\"}]},{\"@type\":\"WebSite\",\"@id\":\"https:\/\/www.emoliquids.com\/#website\",\"url\":\"https:\/\/www.emoliquids.com\/\",\"name\":\"Emoliquids\",\"description\":\"\",\"publisher\":{\"@id\":\"https:\/\/www.emoliquids.com\/#organization\"},\"potentialAction\":[{\"@type\":\"SearchAction\",\"target\":{\"@type\":\"EntryPoint\",\"urlTemplate\":\"https:\/\/www.emoliquids.com\/?s={search_term_string}\"},\"query-input\":{\"@type\":\"PropertyValueSpecification\",\"valueRequired\":true,\"valueName\":\"search_term_string\"}}],\"inLanguage\":\"fr-FR\"},{\"@type\":\"Organization\",\"@id\":\"https:\/\/www.emoliquids.com\/#organization\",\"name\":\"Emoliquids\",\"url\":\"https:\/\/www.emoliquids.com\/\",\"logo\":{\"@type\":\"ImageObject\",\"inLanguage\":\"fr-FR\",\"@id\":\"https:\/\/www.emoliquids.com\/#\/schema\/logo\/image\/\",\"url\":\"https:\/\/www.emoliquids.com\/wp-content\/uploads\/2016\/12\/cropped-emoliquids-logo-2017-retina-light.png\",\"contentUrl\":\"https:\/\/www.emoliquids.com\/wp-content\/uploads\/2016\/12\/cropped-emoliquids-logo-2017-retina-light.png\",\"width\":1000,\"height\":274,\"caption\":\"Emoliquids\"},\"image\":{\"@id\":\"https:\/\/www.emoliquids.com\/#\/schema\/logo\/image\/\"},\"sameAs\":[\"https:\/\/www.facebook.com\/emoliquids\/\"]}]}<\/script>\n<!-- \/ Yoast SEO plugin. -->","yoast_head_json":{"title":"Transport - Emoliquids","robots":{"index":"index","follow":"follow","max-snippet":"max-snippet:-1","max-image-preview":"max-image-preview:large","max-video-preview":"max-video-preview:-1"},"canonical":"https:\/\/www.emoliquids.com\/fr\/segments\/transport\/","og_locale":"fr_FR","og_type":"article","og_title":"Transport - Emoliquids","og_description":"[vc_row full_width=\u00a0\u00bb\u00a0\u00bb parallax=\u00a0\u00bb\u00a0\u00bb parallax_image=\u00a0\u00bb\u00a0\u00bb css=\u00a0\u00bb.vc_custom_1726088871820{margin-top: 100px !important;}\u00a0\u00bb][vc_column][vc_column_text c_id=\u00a0\u00bb.vc_1693258449504&Prime;] Solutions olfactive pour le transport La diffusion de fragrance dans l&rsquo;industrie du transport a commenc\u00e9 d\u00e8s 1959 en France. En effet, c&rsquo;est dans le m\u00e9tro parisien qu&rsquo;un parfum d&rsquo;\u0153illet \u00e9tait diffus\u00e9 \u00e0 l&rsquo;aide de moyens technologiques avanc\u00e9s pour l&rsquo;\u00e9poque. Le but \u00e9tait l&rsquo;am\u00e9lioration du confort des passagers. [&hellip;]","og_url":"https:\/\/www.emoliquids.com\/fr\/segments\/transport\/","og_site_name":"Emoliquids","article_publisher":"https:\/\/www.facebook.com\/emoliquids\/","article_modified_time":"2024-09-11T21:07:59+00:00","og_image":[{"url":"https:\/\/www.emoliquids.com\/wp-content\/uploads\/2015\/02\/logo-normal-hd.png","type":"","width":"","height":""}],"twitter_misc":{"Dur\u00e9e de lecture estim\u00e9e":"3 minutes"},"schema":{"@context":"https:\/\/schema.org","@graph":[{"@type":"WebPage","@id":"https:\/\/www.emoliquids.com\/fr\/segments\/transport\/","url":"https:\/\/www.emoliquids.com\/fr\/segments\/transport\/","name":"Transport - Emoliquids","isPartOf":{"@id":"https:\/\/www.emoliquids.com\/#website"},"datePublished":"2015-05-11T07:52:30+00:00","dateModified":"2024-09-11T21:07:59+00:00","breadcrumb":{"@id":"https:\/\/www.emoliquids.com\/fr\/segments\/transport\/#breadcrumb"},"inLanguage":"fr-FR","potentialAction":[{"@type":"ReadAction","target":["https:\/\/www.emoliquids.com\/fr\/segments\/transport\/"]}]},{"@type":"BreadcrumbList","@id":"https:\/\/www.emoliquids.com\/fr\/segments\/transport\/#breadcrumb","itemListElement":[{"@type":"ListItem","position":1,"name":"Home","item":"https:\/\/www.emoliquids.com\/fr\/"},{"@type":"ListItem","position":2,"name":"Segments","item":"https:\/\/www.emoliquids.com\/fr\/segments\/"},{"@type":"ListItem","position":3,"name":"Transport"}]},{"@type":"WebSite","@id":"https:\/\/www.emoliquids.com\/#website","url":"https:\/\/www.emoliquids.com\/","name":"Emoliquids","description":"","publisher":{"@id":"https:\/\/www.emoliquids.com\/#organization"},"potentialAction":[{"@type":"SearchAction","target":{"@type":"EntryPoint","urlTemplate":"https:\/\/www.emoliquids.com\/?s={search_term_string}"},"query-input":{"@type":"PropertyValueSpecification","valueRequired":true,"valueName":"search_term_string"}}],"inLanguage":"fr-FR"},{"@type":"Organization","@id":"https:\/\/www.emoliquids.com\/#organization","name":"Emoliquids","url":"https:\/\/www.emoliquids.com\/","logo":{"@type":"ImageObject","inLanguage":"fr-FR","@id":"https:\/\/www.emoliquids.com\/#\/schema\/logo\/image\/","url":"https:\/\/www.emoliquids.com\/wp-content\/uploads\/2016\/12\/cropped-emoliquids-logo-2017-retina-light.png","contentUrl":"https:\/\/www.emoliquids.com\/wp-content\/uploads\/2016\/12\/cropped-emoliquids-logo-2017-retina-light.png","width":1000,"height":274,"caption":"Emoliquids"},"image":{"@id":"https:\/\/www.emoliquids.com\/#\/schema\/logo\/image\/"},"sameAs":["https:\/\/www.facebook.com\/emoliquids\/"]}]}},"_links":{"self":[{"href":"https:\/\/www.emoliquids.com\/fr\/wp-json\/wp\/v2\/pages\/2658","targetHints":{"allow":["GET"]}}],"collection":[{"href":"https:\/\/www.emoliquids.com\/fr\/wp-json\/wp\/v2\/pages"}],"about":[{"href":"https:\/\/www.emoliquids.com\/fr\/wp-json\/wp\/v2\/types\/page"}],"author":[{"embeddable":true,"href":"https:\/\/www.emoliquids.com\/fr\/wp-json\/wp\/v2\/users\/2"}],"replies":[{"embeddable":true,"href":"https:\/\/www.emoliquids.com\/fr\/wp-json\/wp\/v2\/comments?post=2658"}],"version-history":[{"count":4,"href":"https:\/\/www.emoliquids.com\/fr\/wp-json\/wp\/v2\/pages\/2658\/revisions"}],"predecessor-version":[{"id":5612,"href":"https:\/\/www.emoliquids.com\/fr\/wp-json\/wp\/v2\/pages\/2658\/revisions\/5612"}],"up":[{"embeddable":true,"href":"https:\/\/www.emoliquids.com\/fr\/wp-json\/wp\/v2\/pages\/2656"}],"wp:attachment":[{"href":"https:\/\/www.emoliquids.com\/fr\/wp-json\/wp\/v2\/media?parent=2658"}],"curies":[{"name":"wp","href":"https:\/\/api.w.org\/{rel}","templated":true}]}}